{"id":842,"date":"2024-12-30T04:53:48","date_gmt":"2024-12-29T20:53:48","guid":{"rendered":"https:\/\/www.amorhomehardware.com\/?post_type=product&#038;p=842"},"modified":"2025-01-20T04:50:52","modified_gmt":"2025-01-19T20:50:52","slug":"35mm-soft-closing-stainless-steel-cabinet-hinges-with-clip-on-base","status":"publish","type":"product","link":"https:\/\/www.amorhomehardware.com\/fr\/produit\/35mm-soft-closing-stainless-steel-cabinet-hinges-with-clip-on-base\/","title":{"rendered":"Charni\u00e8res de 35 mm \u00e0 fermeture progressive en acier inoxydable avec embase \u00e0 clipser - AH.5229"},"content":{"rendered":"<p>\u3010Material\u3011 The hinge is made of stainless steel SUS304 with high hardness, is anti-rust resistant, and does not deform easily which has a long lifetime<br \/>\n\u3010Function\u3011 The hinge has a built-in hydraulic metal spring to ensure the cabinet closes slowly and has no noise.<br \/>\n\u3010Installation\u3011 With a Clip-on base and 2 adjustable screws, the hinge is easier to be installed and ensures your cabinet panel is properly aligned and opens smoothly and closes slowly.<br \/>\n\u3010Application\u3011The hinge is widely used in various cabinets, wardrobes, and bookcases for homes, kitchens, and offices.<\/p>","protected":false},"excerpt":{"rendered":"<p>Charni\u00e8re de 35 mm en acier inoxydable \u00e0 fermeture douce avec base \u00e0 clipser, charni\u00e8re de porte de cuisine \u00e0 recouvrement complet de 110 degr\u00e9s<br \/>\nMat\u00e9riau : Acier inoxydable 304<br \/>\nFinition : Nickel\u00e9<br \/>\nBase : Clip-On, 4 trous<br \/>\nDiam\u00e8tre de la coupelle : 35 mm, profondeur : 11,3 mm<br \/>\nOpening Angle: 105\u00b0<br \/>\nDistance des trous de vis : 48mm<br \/>\n\u00c9paisseur de la porte de l'armoire disponible : 14-23 mm<br \/>\nAccessoires en option : Vis, couvercle du gobelet, couvercle du bras<br \/>\nDemi-couche et insert en option<\/p>\n<p>N\u00b0 d'article : AH.5229\/ AH.5228\/ AH.5227<\/p>","protected":false},"featured_media":1595,"comment_status":"closed","ping_status":"closed","template":"","meta":{"_seopress_robots_primary_cat":"","_seopress_titles_title":"","_seopress_titles_desc":"","_seopress_robots_index":"","_uag_custom_page_level_css":"","_joinchat":[]},"product_brand":[],"product_cat":[28,19],"product_tag":[],"class_list":{"0":"post-842","1":"product","2":"type-product","3":"status-publish","4":"has-post-thumbnail","6":"product_cat-cabinet-hinges","7":"product_cat-furniture-hardware","9":"first","10":"instock","11":"shipping-taxable","12":"product-type-simple"},"uagb_featured_image_src":{"full":["https:\/\/www.amorhomehardware.com\/wp-content\/uploads\/2024\/12\/AH.5229-stainless-steel-clip-on-hinge.webp",1240,1360,false],"thumbnail":["https:\/\/www.amorhomehardware.com\/wp-content\/uploads\/2024\/12\/AH.5229-stainless-steel-clip-on-hinge-150x150.webp",150,150,true],"medium":["https:\/\/www.amorhomehardware.com\/wp-content\/uploads\/2024\/12\/AH.5229-stainless-steel-clip-on-hinge-274x300.webp",274,300,true],"medium_large":["https:\/\/www.amorhomehardware.com\/wp-content\/uploads\/2024\/12\/AH.5229-stainless-steel-clip-on-hinge-768x842.webp",768,842,true],"large":["https:\/\/www.amorhomehardware.com\/wp-content\/uploads\/2024\/12\/AH.5229-stainless-steel-clip-on-hinge-934x1024.webp",934,1024,true],"1536x1536":["https:\/\/www.amorhomehardware.com\/wp-content\/uploads\/2024\/12\/AH.5229-stainless-steel-clip-on-hinge.webp",1240,1360,false],"2048x2048":["https:\/\/www.amorhomehardware.com\/wp-content\/uploads\/2024\/12\/AH.5229-stainless-steel-clip-on-hinge.webp",1240,1360,false],"trp-custom-language-flag":["https:\/\/www.amorhomehardware.com\/wp-content\/uploads\/2024\/12\/AH.5229-stainless-steel-clip-on-hinge.webp",11,12,false],"woocommerce_archive_thumbnail":["https:\/\/www.amorhomehardware.com\/wp-content\/uploads\/2024\/12\/AH.5229-stainless-steel-clip-on-hinge-600x600.webp",600,600,true],"woocommerce_thumbnail":["https:\/\/www.amorhomehardware.com\/wp-content\/uploads\/2024\/12\/AH.5229-stainless-steel-clip-on-hinge-600x600.webp",600,600,true],"woocommerce_single":["https:\/\/www.amorhomehardware.com\/wp-content\/uploads\/2024\/12\/AH.5229-stainless-steel-clip-on-hinge-600x658.webp",600,658,true],"woocommerce_gallery_thumbnail":["https:\/\/www.amorhomehardware.com\/wp-content\/uploads\/2024\/12\/AH.5229-stainless-steel-clip-on-hinge-100x100.webp",100,100,true]},"uagb_author_info":{"display_name":"amorhome","author_link":"https:\/\/www.amorhomehardware.com\/fr\/author\/"},"uagb_comment_info":0,"uagb_excerpt":"35mm Soft Close Stainless Steel Cabinet Hinge With Clip-On Base,110 Degree Full Overlay Kitchen Door Hinge Material: Stainless Steel 304 Finish: Nickel Plated Base: Clip-On, 4 holes Cup Diameter 35mm, Deepth: 11.3mm Opening Angle: 105\u00b0 Screw Hole Distance: 48mm Available cabinet door thickness: 14-23mm Accessories Optional: Screws, Cup Cover, Arm Cover Half overlay and insert\u2026","_links":{"self":[{"href":"https:\/\/www.amorhomehardware.com\/fr\/wp-json\/wp\/v2\/product\/842","targetHints":{"allow":["GET"]}}],"collection":[{"href":"https:\/\/www.amorhomehardware.com\/fr\/wp-json\/wp\/v2\/product"}],"about":[{"href":"https:\/\/www.amorhomehardware.com\/fr\/wp-json\/wp\/v2\/types\/product"}],"replies":[{"embeddable":true,"href":"https:\/\/www.amorhomehardware.com\/fr\/wp-json\/wp\/v2\/comments?post=842"}],"wp:featuredmedia":[{"embeddable":true,"href":"https:\/\/www.amorhomehardware.com\/fr\/wp-json\/wp\/v2\/media\/1595"}],"wp:attachment":[{"href":"https:\/\/www.amorhomehardware.com\/fr\/wp-json\/wp\/v2\/media?parent=842"}],"wp:term":[{"taxonomy":"product_brand","embeddable":true,"href":"https:\/\/www.amorhomehardware.com\/fr\/wp-json\/wp\/v2\/product_brand?post=842"},{"taxonomy":"product_cat","embeddable":true,"href":"https:\/\/www.amorhomehardware.com\/fr\/wp-json\/wp\/v2\/product_cat?post=842"},{"taxonomy":"product_tag","embeddable":true,"href":"https:\/\/www.amorhomehardware.com\/fr\/wp-json\/wp\/v2\/product_tag?post=842"}],"curies":[{"name":"wp","href":"https:\/\/api.w.org\/{rel}","templated":true}]}}