{"id":839,"date":"2024-12-30T04:50:17","date_gmt":"2024-12-29T20:50:17","guid":{"rendered":"https:\/\/www.amorhomehardware.com\/?post_type=product&#038;p=839"},"modified":"2025-02-14T20:18:15","modified_gmt":"2025-02-14T12:18:15","slug":"35mm-push-open-soft-closing-hinge-with-clip-on-base","status":"publish","type":"product","link":"https:\/\/www.amorhomehardware.com\/fr\/produit\/35mm-push-open-soft-closing-hinge-with-clip-on-base\/","title":{"rendered":"Charni\u00e8re de 35 mm \u00e0 ouverture progressive et \u00e0 fermeture douce avec embase \u00e0 clipser - AH.1319"},"content":{"rendered":"<p>\u3010Material\u3011 The hinge is made of cold rolled steel with high hardness, is anti-rust resistant, and does not deform easily which has a long lifetime<br \/>\n\u3010Function\u3011 The hinge has a built-in hydraulic metal spring to ensure the cabinet closes slowly and has no noise.<br \/>\n\u3010Installation\u3011 With a Clip-on base and adjustable screws, the hinge is easier to be installed and ensures your cabinet panel is properly aligned and opens smoothly and closes slowly.<br \/>\n\u3010Application\u3011The hinge is widely used in various cabinets, wardrobes, and bookcases for homes, kitchens, and offices.<\/p>","protected":false},"excerpt":{"rendered":"<p>Charni\u00e8res d'armoire 35mm \u00e0 fermeture douce et \u00e0 pouss\u00e9e Overlay Touch Open avec base r\u00e9glable en 3D<br \/>\nMat\u00e9riau : acier lamin\u00e9 \u00e0 froid<br \/>\nFinition : Nickel\u00e9<br \/>\nBase : fix\u00e9e sur, 4 trous<br \/>\nDiam\u00e8tre de la coupelle : 35 mm, profondeur : 11,3 mm<br \/>\nOpening Angle: 110\u00b0<br \/>\nDistance des trous de vis : 48mm<br \/>\nCouleur du gobelet : chrome, or, noir<br \/>\n\u00c9paisseur de la porte de l'armoire disponible : 14-23 mm<br \/>\nAccessoires en option : vis, couvercle de coupelle, couvercle de bras<br \/>\nCette charni\u00e8re doit fonctionner avec un syst\u00e8me Push Open !(AT.3000)<br \/>\nDemi-couverture et insertion en option<\/p>\n<p>Num\u00e9ro d'article : AH.1319 <\/p>","protected":false},"featured_media":1576,"comment_status":"closed","ping_status":"closed","template":"","meta":{"_seopress_robots_primary_cat":"","_seopress_titles_title":"","_seopress_titles_desc":"","_seopress_robots_index":"","_uag_custom_page_level_css":"","_joinchat":[]},"product_brand":[],"product_cat":[28,19],"product_tag":[],"class_list":{"0":"post-839","1":"product","2":"type-product","3":"status-publish","4":"has-post-thumbnail","6":"product_cat-cabinet-hinges","7":"product_cat-furniture-hardware","9":"first","10":"instock","11":"shipping-taxable","12":"product-type-simple"},"uagb_featured_image_src":{"full":["https:\/\/www.amorhomehardware.com\/wp-content\/uploads\/2024\/12\/AH.1319-push-open-clip-on-hinge.webp",1240,1360,false],"thumbnail":["https:\/\/www.amorhomehardware.com\/wp-content\/uploads\/2024\/12\/AH.1319-push-open-clip-on-hinge-150x150.webp",150,150,true],"medium":["https:\/\/www.amorhomehardware.com\/wp-content\/uploads\/2024\/12\/AH.1319-push-open-clip-on-hinge-274x300.webp",274,300,true],"medium_large":["https:\/\/www.amorhomehardware.com\/wp-content\/uploads\/2024\/12\/AH.1319-push-open-clip-on-hinge-768x842.webp",768,842,true],"large":["https:\/\/www.amorhomehardware.com\/wp-content\/uploads\/2024\/12\/AH.1319-push-open-clip-on-hinge-934x1024.webp",934,1024,true],"1536x1536":["https:\/\/www.amorhomehardware.com\/wp-content\/uploads\/2024\/12\/AH.1319-push-open-clip-on-hinge.webp",1240,1360,false],"2048x2048":["https:\/\/www.amorhomehardware.com\/wp-content\/uploads\/2024\/12\/AH.1319-push-open-clip-on-hinge.webp",1240,1360,false],"trp-custom-language-flag":["https:\/\/www.amorhomehardware.com\/wp-content\/uploads\/2024\/12\/AH.1319-push-open-clip-on-hinge.webp",11,12,false],"woocommerce_archive_thumbnail":["https:\/\/www.amorhomehardware.com\/wp-content\/uploads\/2024\/12\/AH.1319-push-open-clip-on-hinge-600x600.webp",600,600,true],"woocommerce_thumbnail":["https:\/\/www.amorhomehardware.com\/wp-content\/uploads\/2024\/12\/AH.1319-push-open-clip-on-hinge-600x600.webp",600,600,true],"woocommerce_single":["https:\/\/www.amorhomehardware.com\/wp-content\/uploads\/2024\/12\/AH.1319-push-open-clip-on-hinge-600x658.webp",600,658,true],"woocommerce_gallery_thumbnail":["https:\/\/www.amorhomehardware.com\/wp-content\/uploads\/2024\/12\/AH.1319-push-open-clip-on-hinge-100x100.webp",100,100,true]},"uagb_author_info":{"display_name":"amorhome","author_link":"https:\/\/www.amorhomehardware.com\/fr\/author\/"},"uagb_comment_info":0,"uagb_excerpt":"35mm Push Open Soft Closing Cabinet Hinges Full Overlay Touch Open cabinet hinge with 3D adjustable base Material: cold-rolled steel Finish: Nickel Plated Base: fixed on, 4 holes Cup Diameter 35mm, Deepth: 11.3mm Opening Angle: 110\u00b0 Screw Hole Distance: 48mm Cup color: Chrome, Gold, Black Available cabinet door thickness: 14-23mm Accessories optional: screws, cup cover,\u2026","_links":{"self":[{"href":"https:\/\/www.amorhomehardware.com\/fr\/wp-json\/wp\/v2\/product\/839","targetHints":{"allow":["GET"]}}],"collection":[{"href":"https:\/\/www.amorhomehardware.com\/fr\/wp-json\/wp\/v2\/product"}],"about":[{"href":"https:\/\/www.amorhomehardware.com\/fr\/wp-json\/wp\/v2\/types\/product"}],"replies":[{"embeddable":true,"href":"https:\/\/www.amorhomehardware.com\/fr\/wp-json\/wp\/v2\/comments?post=839"}],"wp:featuredmedia":[{"embeddable":true,"href":"https:\/\/www.amorhomehardware.com\/fr\/wp-json\/wp\/v2\/media\/1576"}],"wp:attachment":[{"href":"https:\/\/www.amorhomehardware.com\/fr\/wp-json\/wp\/v2\/media?parent=839"}],"wp:term":[{"taxonomy":"product_brand","embeddable":true,"href":"https:\/\/www.amorhomehardware.com\/fr\/wp-json\/wp\/v2\/product_brand?post=839"},{"taxonomy":"product_cat","embeddable":true,"href":"https:\/\/www.amorhomehardware.com\/fr\/wp-json\/wp\/v2\/product_cat?post=839"},{"taxonomy":"product_tag","embeddable":true,"href":"https:\/\/www.amorhomehardware.com\/fr\/wp-json\/wp\/v2\/product_tag?post=839"}],"curies":[{"name":"wp","href":"https:\/\/api.w.org\/{rel}","templated":true}]}}