{"id":800,"date":"2024-12-30T02:49:19","date_gmt":"2024-12-29T18:49:19","guid":{"rendered":"https:\/\/www.amorhomehardware.com\/?post_type=product&#038;p=800"},"modified":"2025-01-20T04:59:45","modified_gmt":"2025-01-19T20:59:45","slug":"35mm-soft-closing-concealed-cabinet-hinges-with-3d-clip-on-base","status":"publish","type":"product","link":"https:\/\/www.amorhomehardware.com\/fr\/produit\/35mm-soft-closing-concealed-cabinet-hinges-with-3d-clip-on-base\/","title":{"rendered":"35mm charni\u00e8res de meuble \u00e0 fermeture douce avec embase 3D \u00e0 clipser - AH.3209"},"content":{"rendered":"<p>\u3010Material\u3011 The hinge is made of cold rolled steel with high hardness, is anti-rust resistant, and does not deform easily which has a long lifetime<br \/>\n\u3010Function\u3011 The hinge has a built-in hydraulic metal spring to ensure the cabinet closes slowly and has no noise.<br \/>\n\u3010Installation\u3011 With a Clip-on base and 3 adjustable screws, the hinge is easier to be installed and ensures your cabinet panel is properly aligned and opens smoothly and closes slowly.<br \/>\n\u3010Application\u3011The hinge is widely used in various cabinets, wardrobes, and bookcases for homes, kitchens, and offices.<\/p>","protected":false},"excerpt":{"rendered":"<p>Charni\u00e8re \u00e0 fermeture douce unidirectionnelle de 35 mm avec embase \u00e0 clipser r\u00e9glable en 3D Full Overlay Charni\u00e8re encastr\u00e9e \u00e0 fermeture lente<br \/>\nMat\u00e9riau : acier lamin\u00e9 \u00e0 froid<br \/>\nFinition : Nickel\u00e9<br \/>\nBase : \u00e0 clipser<br \/>\nDiam\u00e8tre du gobelet : 35 mm, profondeur : 11,3 mm<br \/>\nOpening Angle: 105\u00b0<br \/>\nDistance des trous de vis : 48mm<br \/>\n\u00c9paisseur de la porte de l'armoire disponible : 14-22 mm<br \/>\nAccessoires en option : vis, couvercle de coupelle, couvercle de bras<br \/>\nDemi-couverture et insertion en option<\/p>\n<p>Num\u00e9ro d'article : AH.3209<\/p>","protected":false},"featured_media":1582,"comment_status":"closed","ping_status":"closed","template":"","meta":{"_seopress_robots_primary_cat":"","_seopress_titles_title":"","_seopress_titles_desc":"","_seopress_robots_index":"","_uag_custom_page_level_css":"","_joinchat":[]},"product_brand":[],"product_cat":[28,19],"product_tag":[],"class_list":{"0":"post-800","1":"product","2":"type-product","3":"status-publish","4":"has-post-thumbnail","6":"product_cat-cabinet-hinges","7":"product_cat-furniture-hardware","9":"first","10":"instock","11":"shipping-taxable","12":"product-type-simple"},"uagb_featured_image_src":{"full":["https:\/\/www.amorhomehardware.com\/wp-content\/uploads\/2024\/12\/AH.3209-3D-soft-closing-hinge.webp",1240,1360,false],"thumbnail":["https:\/\/www.amorhomehardware.com\/wp-content\/uploads\/2024\/12\/AH.3209-3D-soft-closing-hinge-150x150.webp",150,150,true],"medium":["https:\/\/www.amorhomehardware.com\/wp-content\/uploads\/2024\/12\/AH.3209-3D-soft-closing-hinge-274x300.webp",274,300,true],"medium_large":["https:\/\/www.amorhomehardware.com\/wp-content\/uploads\/2024\/12\/AH.3209-3D-soft-closing-hinge-768x842.webp",768,842,true],"large":["https:\/\/www.amorhomehardware.com\/wp-content\/uploads\/2024\/12\/AH.3209-3D-soft-closing-hinge-934x1024.webp",934,1024,true],"1536x1536":["https:\/\/www.amorhomehardware.com\/wp-content\/uploads\/2024\/12\/AH.3209-3D-soft-closing-hinge.webp",1240,1360,false],"2048x2048":["https:\/\/www.amorhomehardware.com\/wp-content\/uploads\/2024\/12\/AH.3209-3D-soft-closing-hinge.webp",1240,1360,false],"trp-custom-language-flag":["https:\/\/www.amorhomehardware.com\/wp-content\/uploads\/2024\/12\/AH.3209-3D-soft-closing-hinge.webp",11,12,false],"woocommerce_archive_thumbnail":["https:\/\/www.amorhomehardware.com\/wp-content\/uploads\/2024\/12\/AH.3209-3D-soft-closing-hinge-600x600.webp",600,600,true],"woocommerce_thumbnail":["https:\/\/www.amorhomehardware.com\/wp-content\/uploads\/2024\/12\/AH.3209-3D-soft-closing-hinge-600x600.webp",600,600,true],"woocommerce_single":["https:\/\/www.amorhomehardware.com\/wp-content\/uploads\/2024\/12\/AH.3209-3D-soft-closing-hinge-600x658.webp",600,658,true],"woocommerce_gallery_thumbnail":["https:\/\/www.amorhomehardware.com\/wp-content\/uploads\/2024\/12\/AH.3209-3D-soft-closing-hinge-100x100.webp",100,100,true]},"uagb_author_info":{"display_name":"amorhome","author_link":"https:\/\/www.amorhomehardware.com\/fr\/author\/"},"uagb_comment_info":0,"uagb_excerpt":"35mm one-way Soft Closing Hinge with 3D adjustable clip-on base Full Overlay Slow closing concealed hinge Material: cold-rolled steel Finish: Nickel Plated Base: clip-on type Cup Diameter: 35mm, Deepth:11.3mm Opening Angle: 105\u00b0 Screw Hole Distance: 48mm Available cabinet door thickness: 14-22mm Accessories optional: screws, cup cover, arm cover Half-overlay and Insert style optional Item No.:\u2026","_links":{"self":[{"href":"https:\/\/www.amorhomehardware.com\/fr\/wp-json\/wp\/v2\/product\/800","targetHints":{"allow":["GET"]}}],"collection":[{"href":"https:\/\/www.amorhomehardware.com\/fr\/wp-json\/wp\/v2\/product"}],"about":[{"href":"https:\/\/www.amorhomehardware.com\/fr\/wp-json\/wp\/v2\/types\/product"}],"replies":[{"embeddable":true,"href":"https:\/\/www.amorhomehardware.com\/fr\/wp-json\/wp\/v2\/comments?post=800"}],"wp:featuredmedia":[{"embeddable":true,"href":"https:\/\/www.amorhomehardware.com\/fr\/wp-json\/wp\/v2\/media\/1582"}],"wp:attachment":[{"href":"https:\/\/www.amorhomehardware.com\/fr\/wp-json\/wp\/v2\/media?parent=800"}],"wp:term":[{"taxonomy":"product_brand","embeddable":true,"href":"https:\/\/www.amorhomehardware.com\/fr\/wp-json\/wp\/v2\/product_brand?post=800"},{"taxonomy":"product_cat","embeddable":true,"href":"https:\/\/www.amorhomehardware.com\/fr\/wp-json\/wp\/v2\/product_cat?post=800"},{"taxonomy":"product_tag","embeddable":true,"href":"https:\/\/www.amorhomehardware.com\/fr\/wp-json\/wp\/v2\/product_tag?post=800"}],"curies":[{"name":"wp","href":"https:\/\/api.w.org\/{rel}","templated":true}]}}