{"id":793,"date":"2024-12-30T02:33:42","date_gmt":"2024-12-29T18:33:42","guid":{"rendered":"https:\/\/www.amorhomehardware.com\/?post_type=product&#038;p=793"},"modified":"2025-04-01T18:06:01","modified_gmt":"2025-04-01T10:06:01","slug":"35mm-soft-closing-concealed-cabinet-hinges-with-fixed-on-base","status":"publish","type":"product","link":"https:\/\/www.amorhomehardware.com\/fr\/produit\/35mm-soft-closing-concealed-cabinet-hinges-with-fixed-on-base\/","title":{"rendered":"Charni\u00e8res de 35 mm \u00e0 fermeture douce pour armoires avec embase fixe - AH.1219"},"content":{"rendered":"<h2 class=\"ng-star-inserted\"><span class=\"ng-star-inserted\">Charni\u00e8res d'armoire \u00e0 fermeture douce de 35 mm : Durables, faciles \u00e0 installer et silencieuses<\/span><\/h2>\n<p class=\"ng-star-inserted\"><span class=\"ng-star-inserted\">Am\u00e9liorez vos armoires avec nos charni\u00e8res de 35 mm \u00e0 fermeture douce ! Con\u00e7ues pour une fermeture douce et silencieuse et une installation facile, ces charni\u00e8res sont parfaites pour les cuisines, les salles de bains, les armoires et bien plus encore. D\u00e9couvrez la diff\u00e9rence qu'une quincaillerie de qualit\u00e9 peut faire dans votre maison ou votre bureau.<\/span><\/p>\n<h3 class=\"ng-star-inserted\"><span class=\"ng-star-inserted\">Caract\u00e9ristiques principales :<\/span><\/h3>\n<ul class=\"ng-star-inserted\">\n<li class=\"ng-star-inserted\">\n<p class=\"ng-star-inserted\"><strong class=\"ng-star-inserted\"><span class=\"ng-star-inserted\">Conception :<\/span><\/strong><span class=\"ng-star-inserted\">\u00a0Charni\u00e8re de meuble \u00e0 fermeture douce \u00e0 bo\u00eetier de 35 mm avec embase fixe, recouvrement total, charni\u00e8res dissimul\u00e9es, m\u00e9canisme de fermeture lente.<\/span><\/p>\n<\/li>\n<li class=\"ng-star-inserted\">\n<p class=\"ng-star-inserted\"><strong class=\"ng-star-inserted\"><span class=\"ng-star-inserted\">Mat\u00e9riau :<\/span><\/strong><span class=\"ng-star-inserted\"> Fabriqu\u00e9es en acier lamin\u00e9 \u00e0 froid de haute duret\u00e9 pour une durabilit\u00e9 sup\u00e9rieure, une r\u00e9sistance \u00e0 la rouille et des performances durables. Ces charni\u00e8res ne se d\u00e9forment pas facilement, ce qui garantit des ann\u00e9es d'utilisation fiable.<\/span><\/p>\n<\/li>\n<li class=\"ng-star-inserted\">\n<p class=\"ng-star-inserted\"><strong class=\"ng-star-inserted\"><span class=\"ng-star-inserted\">Fonctionnalit\u00e9 :<\/span><\/strong><span class=\"ng-star-inserted\">\u00a0Comprend un ressort m\u00e9tallique hydraulique int\u00e9gr\u00e9 qui garantit une fermeture douce, lente et silencieuse de l'armoire. Dites adieu aux portes qui claquent et aux armoires bruyantes !<\/span><\/p>\n<\/li>\n<li class=\"ng-star-inserted\">\n<p class=\"ng-star-inserted\"><strong class=\"ng-star-inserted\"><span class=\"ng-star-inserted\">Installation :<\/span><\/strong><span class=\"ng-star-inserted\">\u00a0\u00c9quip\u00e9 de 2 vis r\u00e9glables pour une installation facile et pr\u00e9cise. L'alignement des panneaux de l'armoire est correct et l'ouverture et la fermeture se font en douceur et sans effort.<\/span><\/p>\n<\/li>\n<li class=\"ng-star-inserted\">\n<p class=\"ng-star-inserted\"><strong class=\"ng-star-inserted\"><span class=\"ng-star-inserted\">Application :<\/span><\/strong><span class=\"ng-star-inserted\">\u00a0Id\u00e9al pour une large gamme d'applications, y compris les armoires, les penderies et les biblioth\u00e8ques dans les maisons, les cuisines, les bureaux et les projets d'ameublement.<\/span><\/p>\n<\/li>\n<\/ul>\n<h3 class=\"ng-star-inserted\"><span class=\"ng-star-inserted\">La diff\u00e9rence Amor Home : Pourquoi choisir nos charni\u00e8res ?<\/span><\/h3>\n<p class=\"ng-star-inserted\"><span class=\"ng-star-inserted\">Nos charni\u00e8res d'armoire \u00e0 fermeture progressive sont con\u00e7ues dans un souci de fonctionnalit\u00e9 et d'esth\u00e9tique. Nous n'utilisons que des mat\u00e9riaux de haute qualit\u00e9 pour garantir la durabilit\u00e9 et la long\u00e9vit\u00e9. Le m\u00e9canisme de fermeture en douceur emp\u00eache les claquements, prot\u00e9geant ainsi vos armoires et r\u00e9duisant le bruit. Les vis r\u00e9glables facilitent l'installation, m\u00eame pour les bricoleurs.<\/span><\/p>\n<h3 class=\"ng-star-inserted\"><span class=\"ng-star-inserted\">Caract\u00e9ristiques des charni\u00e8res<\/span><\/h3>\n<div class=\"table-container ng-star-inserted\">\n<table style=\"height: 247px;\" width=\"760\">\n<tbody>\n<tr class=\"table-header ng-star-inserted\">\n<td class=\"ng-star-inserted\"><span class=\"ng-star-inserted\">Fonctionnalit\u00e9<\/span><\/td>\n<td class=\"ng-star-inserted\"><span class=\"ng-star-inserted\">Description<\/span><\/td>\n<\/tr>\n<tr class=\"ng-star-inserted\">\n<td class=\"ng-star-inserted\"><span class=\"ng-star-inserted\">Taille du gobelet<\/span><\/td>\n<td class=\"ng-star-inserted\"><span class=\"ng-star-inserted\">35 mm<\/span><\/td>\n<\/tr>\n<tr class=\"ng-star-inserted\">\n<td class=\"ng-star-inserted\"><span class=\"ng-star-inserted\">Type de fermeture<\/span><\/td>\n<td class=\"ng-star-inserted\"><span class=\"ng-star-inserted\">Soft Close (fermeture lente)<\/span><\/td>\n<\/tr>\n<tr class=\"ng-star-inserted\">\n<td class=\"ng-star-inserted\"><span class=\"ng-star-inserted\">Superposition<\/span><\/td>\n<td class=\"ng-star-inserted\"><span class=\"ng-star-inserted\">Superposition compl\u00e8te<\/span><\/td>\n<\/tr>\n<tr class=\"ng-star-inserted\">\n<td class=\"ng-star-inserted\"><span class=\"ng-star-inserted\">Base<\/span><\/td>\n<td class=\"ng-star-inserted\"><span class=\"ng-star-inserted\">Fixe<\/span><\/td>\n<\/tr>\n<tr class=\"ng-star-inserted\">\n<td class=\"ng-star-inserted\"><span class=\"ng-star-inserted\">Mat\u00e9riau<\/span><\/td>\n<td class=\"ng-star-inserted\"><span class=\"ng-star-inserted\">Acier lamin\u00e9 \u00e0 froid<\/span><\/td>\n<\/tr>\n<tr class=\"ng-star-inserted\">\n<td class=\"ng-star-inserted\"><span class=\"ng-star-inserted\">Vis r\u00e9glables<\/span><\/td>\n<td class=\"ng-star-inserted\"><span class=\"ng-star-inserted\">2 (pour faciliter l'alignement) optionnel<\/span><\/td>\n<\/tr>\n<tr class=\"ng-star-inserted\">\n<td class=\"ng-star-inserted\">Utilisation id\u00e9ale<\/td>\n<td class=\"ng-star-inserted\"><span class=\"ng-star-inserted\">Armoires, penderies, biblioth\u00e8ques, cuisines, salles de bains, bureaux, projets d'ameublement<\/span><\/td>\n<\/tr>\n<\/tbody>\n<\/table>\n<\/div>\n<h3 class=\"ng-star-inserted\"><span class=\"ng-star-inserted\">Informations sur l'exp\u00e9dition<\/span><\/h3>\n<ul class=\"ng-star-inserted\">\n<li class=\"ng-star-inserted\">\n<p class=\"ng-star-inserted\"><strong class=\"ng-star-inserted\"><span class=\"ng-star-inserted\">D\u00e9lai de livraison :<\/span><\/strong><\/p>\n<ul class=\"ng-star-inserted\">\n<li class=\"ng-star-inserted\">\n<p class=\"ng-star-inserted\"><span class=\"ng-star-inserted\">\u00c9chantillons : 2 jours<\/span><\/p>\n<\/li>\n<li class=\"ng-star-inserted\">\n<p class=\"ng-star-inserted\"><span class=\"ng-star-inserted\">Production en s\u00e9rie : 15-40 jours<\/span><\/p>\n<\/li>\n<\/ul>\n<\/li>\n<\/ul>\n<h3 class=\"ng-star-inserted\"><span class=\"ng-star-inserted\">Notre engagement envers vous : Ce que nous offrons<\/span><\/h3>\n<p class=\"ng-star-inserted\"><span class=\"ng-star-inserted\">Chez Amor Home, nous nous engageons \u00e0 fournir des produits et des services exceptionnels.<\/span><\/p>\n<ul class=\"ng-star-inserted\">\n<li class=\"ng-star-inserted\">\n<p class=\"ng-star-inserted\"><strong class=\"ng-star-inserted\"><span class=\"ng-star-inserted\">Service OEM\/ODM :<\/span><\/strong><span class=\"ng-star-inserted\">\u00a0Notre \u00e9quipe exp\u00e9riment\u00e9e de recherche et d\u00e9veloppement est pr\u00eate \u00e0 r\u00e9pondre \u00e0 vos besoins personnalis\u00e9s. Nous proposons des solutions sur mesure pour le logo, la couleur, l'emballage, etc.<\/span><\/p>\n<\/li>\n<li class=\"ng-star-inserted\">\n<p class=\"ng-star-inserted\"><strong class=\"ng-star-inserted\"><span class=\"ng-star-inserted\">Produit de haute qualit\u00e9 :<\/span><\/strong><span class=\"ng-star-inserted\">\u00a0Tous nos produits sont conformes aux exigences CE\/RoHS, ce qui garantit la s\u00e9curit\u00e9 et la performance.<\/span><\/p>\n<\/li>\n<li class=\"ng-star-inserted\">\n<p class=\"ng-star-inserted\"><strong class=\"ng-star-inserted\"><span class=\"ng-star-inserted\">Livraison flexible :<\/span><\/strong><span class=\"ng-star-inserted\">\u00a0Nous proposons diff\u00e9rentes options d'exp\u00e9dition, notamment DHL\/UPS\/FedEx\/TNT\/Sea\/Railway, afin de r\u00e9pondre \u00e0 vos besoins sp\u00e9cifiques en mati\u00e8re de livraison.<\/span><\/p>\n<\/li>\n<li class=\"ng-star-inserted\">\n<p class=\"ng-star-inserted\"><strong class=\"ng-star-inserted\"><span class=\"ng-star-inserted\">Service apr\u00e8s-vente :<\/span><\/strong><span class=\"ng-star-inserted\">\u00a0Nous fournissons une r\u00e9ponse rapide 7*24 si vous avez des questions ou des pr\u00e9occupations. Nos pieds r\u00e9glables sont assortis d'une garantie d'un an pour votre tranquillit\u00e9 d'esprit.<\/span><\/p>\n<\/li>\n<\/ul>\n<p class=\"ng-star-inserted\"><span class=\"ng-star-inserted\">Am\u00e9liorez vos armoires d\u00e8s aujourd'hui avec nos charni\u00e8res d'armoire \u00e0 fermeture douce de 35 mm et d\u00e9couvrez la diff\u00e9rence en termes de qualit\u00e9 et de performance !<\/span><\/p>","protected":false},"excerpt":{"rendered":"<p>Mat\u00e9riau : acier lamin\u00e9 \u00e0 froid<br \/>\nFinition : Nickel\u00e9<br \/>\nBase : 4 trous, type fixe<br \/>\nDiam\u00e8tre de la coupelle : 35 mm, profondeur : 11,3 mm<br \/>\nOpening Angle: 105\u00b0<br \/>\nDistance des trous de vis : 48mm<br \/>\n\u00c9paisseur de la porte de l'armoire disponible : 14-22 mm<br \/>\nAccessoires en option : vis, couvercle de coupelle, couvercle de bras<br \/>\nDemi-couverture et insertion en option<\/p>\n<p>Num\u00e9ro d'article : AH.1219\/ AH.1218\/ AH.1217<\/p>","protected":false},"featured_media":1572,"comment_status":"closed","ping_status":"closed","template":"","meta":{"_seopress_robots_primary_cat":"none","_seopress_titles_title":"","_seopress_titles_desc":"","_seopress_robots_index":"","_uag_custom_page_level_css":"","_joinchat":[]},"product_brand":[],"product_cat":[28,19],"product_tag":[],"class_list":{"0":"post-793","1":"product","2":"type-product","3":"status-publish","4":"has-post-thumbnail","6":"product_cat-cabinet-hinges","7":"product_cat-furniture-hardware","9":"first","10":"instock","11":"shipping-taxable","12":"product-type-simple"},"uagb_featured_image_src":{"full":["https:\/\/www.amorhomehardware.com\/wp-content\/uploads\/2024\/12\/AH.1219-soft-closing-hinge-2.webp",1240,1360,false],"thumbnail":["https:\/\/www.amorhomehardware.com\/wp-content\/uploads\/2024\/12\/AH.1219-soft-closing-hinge-2-150x150.webp",150,150,true],"medium":["https:\/\/www.amorhomehardware.com\/wp-content\/uploads\/2024\/12\/AH.1219-soft-closing-hinge-2-274x300.webp",274,300,true],"medium_large":["https:\/\/www.amorhomehardware.com\/wp-content\/uploads\/2024\/12\/AH.1219-soft-closing-hinge-2-768x842.webp",768,842,true],"large":["https:\/\/www.amorhomehardware.com\/wp-content\/uploads\/2024\/12\/AH.1219-soft-closing-hinge-2-934x1024.webp",934,1024,true],"1536x1536":["https:\/\/www.amorhomehardware.com\/wp-content\/uploads\/2024\/12\/AH.1219-soft-closing-hinge-2.webp",1240,1360,false],"2048x2048":["https:\/\/www.amorhomehardware.com\/wp-content\/uploads\/2024\/12\/AH.1219-soft-closing-hinge-2.webp",1240,1360,false],"trp-custom-language-flag":["https:\/\/www.amorhomehardware.com\/wp-content\/uploads\/2024\/12\/AH.1219-soft-closing-hinge-2.webp",11,12,false],"woocommerce_archive_thumbnail":["https:\/\/www.amorhomehardware.com\/wp-content\/uploads\/2024\/12\/AH.1219-soft-closing-hinge-2-600x600.webp",600,600,true],"woocommerce_thumbnail":["https:\/\/www.amorhomehardware.com\/wp-content\/uploads\/2024\/12\/AH.1219-soft-closing-hinge-2-600x600.webp",600,600,true],"woocommerce_single":["https:\/\/www.amorhomehardware.com\/wp-content\/uploads\/2024\/12\/AH.1219-soft-closing-hinge-2-600x658.webp",600,658,true],"woocommerce_gallery_thumbnail":["https:\/\/www.amorhomehardware.com\/wp-content\/uploads\/2024\/12\/AH.1219-soft-closing-hinge-2-100x100.webp",100,100,true]},"uagb_author_info":{"display_name":"amorhome","author_link":"https:\/\/www.amorhomehardware.com\/fr\/author\/"},"uagb_comment_info":0,"uagb_excerpt":"Material: cold-rolled steel Finish: Nickel Plated Base: 4 holes, fixed-on type Cup Diameter 35mm, Deepth:11.3mm Opening Angle: 105\u00b0 Screw Hole Distance: 48mm Available cabinet door thickness: 14-22mm Accessories optional: screws, cup cover, arm cover Half-overlay and Insert style optional Item No.: AH.1219\/ AH.1218\/ AH.1217","_links":{"self":[{"href":"https:\/\/www.amorhomehardware.com\/fr\/wp-json\/wp\/v2\/product\/793","targetHints":{"allow":["GET"]}}],"collection":[{"href":"https:\/\/www.amorhomehardware.com\/fr\/wp-json\/wp\/v2\/product"}],"about":[{"href":"https:\/\/www.amorhomehardware.com\/fr\/wp-json\/wp\/v2\/types\/product"}],"replies":[{"embeddable":true,"href":"https:\/\/www.amorhomehardware.com\/fr\/wp-json\/wp\/v2\/comments?post=793"}],"wp:featuredmedia":[{"embeddable":true,"href":"https:\/\/www.amorhomehardware.com\/fr\/wp-json\/wp\/v2\/media\/1572"}],"wp:attachment":[{"href":"https:\/\/www.amorhomehardware.com\/fr\/wp-json\/wp\/v2\/media?parent=793"}],"wp:term":[{"taxonomy":"product_brand","embeddable":true,"href":"https:\/\/www.amorhomehardware.com\/fr\/wp-json\/wp\/v2\/product_brand?post=793"},{"taxonomy":"product_cat","embeddable":true,"href":"https:\/\/www.amorhomehardware.com\/fr\/wp-json\/wp\/v2\/product_cat?post=793"},{"taxonomy":"product_tag","embeddable":true,"href":"https:\/\/www.amorhomehardware.com\/fr\/wp-json\/wp\/v2\/product_tag?post=793"}],"curies":[{"name":"wp","href":"https:\/\/api.w.org\/{rel}","templated":true}]}}