{"id":425,"date":"2022-04-18T20:34:03","date_gmt":"2022-04-18T12:34:03","guid":{"rendered":"https:\/\/startersites.io\/blocksy\/home-decor\/?post_type=product&#038;p=425"},"modified":"2025-04-05T14:54:42","modified_gmt":"2025-04-05T06:54:42","slug":"cabine-gas-spring-lift-support-ay-0001","status":"publish","type":"product","link":"https:\/\/www.amorhomehardware.com\/fr\/produit\/cabine-gas-spring-lift-support-ay-0001\/","title":{"rendered":"Support de levage de l'armoire avec ressort \u00e0 gaz - AY.0001"},"content":{"rendered":"<p>\u3010Feature\u3011The cabinet gas strut has a full cushioning design to lift the cabinet door panel easily and keep it open, and it is quiet and soft when closing the cabinet door.<br \/>\n\u3010Application\u3011 The gas spring lift is widely used in Kitchens, home offices, living rooms, bedrooms, apartment cabinets, closets, etc<\/p>","protected":false},"excerpt":{"rendered":"<p>Amortisseurs \u00e0 gaz Support de levage pour ressorts \u00e0 gaz<br \/>\nMat\u00e9riau : Acier + plastique<br \/>\nFinition : Gris argent\u00e9\/Or\/Blanc\/Noir<br \/>\nAnneau d'\u00e9tanch\u00e9it\u00e9 : Plastique\/Cooper en option<br \/>\nForce du ressort \u00e0 gaz : 30-150N<br \/>\nLongueur : 6\u2033\/8\u2033\/10\u2033\/12\u2033 en option<br \/>\nDiff\u00e9rents accessoires de montage pour les portes en bois\/m\u00e9tal.<\/p>\n<p>Num\u00e9ro d'article : AY.0001<\/p>","protected":false},"featured_media":1407,"comment_status":"closed","ping_status":"closed","template":"","meta":{"_seopress_robots_primary_cat":"none","_seopress_titles_title":"","_seopress_titles_desc":"","_seopress_robots_index":"","_uag_custom_page_level_css":"","_joinchat":[]},"product_brand":[],"product_cat":[20,58],"product_tag":[],"class_list":{"0":"post-425","1":"product","2":"type-product","3":"status-publish","4":"has-post-thumbnail","6":"product_cat-kitchen-fittings","7":"product_cat-support-stays","9":"first","10":"instock","11":"shipping-taxable","12":"product-type-simple"},"uagb_featured_image_src":{"full":["https:\/\/www.amorhomehardware.com\/wp-content\/uploads\/2024\/12\/AY.0001-gas-spring-support.webp",1240,1360,false],"thumbnail":["https:\/\/www.amorhomehardware.com\/wp-content\/uploads\/2024\/12\/AY.0001-gas-spring-support-150x150.webp",150,150,true],"medium":["https:\/\/www.amorhomehardware.com\/wp-content\/uploads\/2024\/12\/AY.0001-gas-spring-support-274x300.webp",274,300,true],"medium_large":["https:\/\/www.amorhomehardware.com\/wp-content\/uploads\/2024\/12\/AY.0001-gas-spring-support-768x842.webp",768,842,true],"large":["https:\/\/www.amorhomehardware.com\/wp-content\/uploads\/2024\/12\/AY.0001-gas-spring-support-934x1024.webp",934,1024,true],"1536x1536":["https:\/\/www.amorhomehardware.com\/wp-content\/uploads\/2024\/12\/AY.0001-gas-spring-support.webp",1240,1360,false],"2048x2048":["https:\/\/www.amorhomehardware.com\/wp-content\/uploads\/2024\/12\/AY.0001-gas-spring-support.webp",1240,1360,false],"trp-custom-language-flag":["https:\/\/www.amorhomehardware.com\/wp-content\/uploads\/2024\/12\/AY.0001-gas-spring-support.webp",11,12,false],"woocommerce_archive_thumbnail":["https:\/\/www.amorhomehardware.com\/wp-content\/uploads\/2024\/12\/AY.0001-gas-spring-support-600x600.webp",600,600,true],"woocommerce_thumbnail":["https:\/\/www.amorhomehardware.com\/wp-content\/uploads\/2024\/12\/AY.0001-gas-spring-support-600x600.webp",600,600,true],"woocommerce_single":["https:\/\/www.amorhomehardware.com\/wp-content\/uploads\/2024\/12\/AY.0001-gas-spring-support-600x658.webp",600,658,true],"woocommerce_gallery_thumbnail":["https:\/\/www.amorhomehardware.com\/wp-content\/uploads\/2024\/12\/AY.0001-gas-spring-support-100x100.webp",100,100,true]},"uagb_author_info":{"display_name":"amorhome","author_link":"https:\/\/www.amorhomehardware.com\/fr\/author\/"},"uagb_comment_info":0,"uagb_excerpt":"Gas Struts Gas Spring Lift Support Material: Steel+ Plastic Finish: Silver Grey\/Gold\/White\/Black Sealing Ring: Plastic\/Cooper optional Gas Spring force: 30-150N Length: 6\"\/8\"\/10\"\/12\" optional Different fitting accessories for wood\/metal doors. Item No.: AY.0001","_links":{"self":[{"href":"https:\/\/www.amorhomehardware.com\/fr\/wp-json\/wp\/v2\/product\/425","targetHints":{"allow":["GET"]}}],"collection":[{"href":"https:\/\/www.amorhomehardware.com\/fr\/wp-json\/wp\/v2\/product"}],"about":[{"href":"https:\/\/www.amorhomehardware.com\/fr\/wp-json\/wp\/v2\/types\/product"}],"replies":[{"embeddable":true,"href":"https:\/\/www.amorhomehardware.com\/fr\/wp-json\/wp\/v2\/comments?post=425"}],"wp:featuredmedia":[{"embeddable":true,"href":"https:\/\/www.amorhomehardware.com\/fr\/wp-json\/wp\/v2\/media\/1407"}],"wp:attachment":[{"href":"https:\/\/www.amorhomehardware.com\/fr\/wp-json\/wp\/v2\/media?parent=425"}],"wp:term":[{"taxonomy":"product_brand","embeddable":true,"href":"https:\/\/www.amorhomehardware.com\/fr\/wp-json\/wp\/v2\/product_brand?post=425"},{"taxonomy":"product_cat","embeddable":true,"href":"https:\/\/www.amorhomehardware.com\/fr\/wp-json\/wp\/v2\/product_cat?post=425"},{"taxonomy":"product_tag","embeddable":true,"href":"https:\/\/www.amorhomehardware.com\/fr\/wp-json\/wp\/v2\/product_tag?post=425"}],"curies":[{"name":"wp","href":"https:\/\/api.w.org\/{rel}","templated":true}]}}