{"id":2144,"date":"2025-04-05T15:02:14","date_gmt":"2025-04-05T07:02:14","guid":{"rendered":"https:\/\/www.amorhomehardware.com\/?post_type=product&#038;p=2144"},"modified":"2025-04-05T15:13:30","modified_gmt":"2025-04-05T07:13:30","slug":"cabinet-gas-spring-lift-support-ay-0003","status":"publish","type":"product","link":"https:\/\/www.amorhomehardware.com\/fr\/produit\/cabinet-gas-spring-lift-support-ay-0003\/","title":{"rendered":"Support de levage de l'armoire avec ressort \u00e0 gaz - AY.0003"},"content":{"rendered":"<h2><strong>Qu'est-ce qu'un ressort \u00e0 gaz ?<\/strong><\/h2>\n<p><strong>Ressorts \u00e0 gaz, \u00e9galement appel\u00e9s jambes de force \u00e0 gaz<\/strong>Les coussins d'air sont des dispositifs m\u00e9caniques qui stockent de l'\u00e9nergie sous forme de gaz comprim\u00e9, g\u00e9n\u00e9ralement de l'azote, \u00e0 l'int\u00e9rieur d'un cylindre scell\u00e9, afin d'amortir les mouvements en douceur. Il s'agit en quelque sorte d'un minuscule amortisseur de chocs. Un piston se d\u00e9place dans ce cylindre pressuris\u00e9. Lorsque la porte s'ouvre, le piston comprime le gaz, \u00e9vitant ainsi les claquements. Lors de la fermeture, il fournit une assistance en douceur.<\/p>\n<h2 class=\"ng-star-inserted\"><span class=\"ng-star-inserted\">Application des amortisseurs \u00e0 gaz<\/span><\/h2>\n<p class=\"ng-star-inserted\"><span class=\"ng-star-inserted\">Les \u00e9l\u00e9vateurs \u00e0 gaz sont largement utilis\u00e9s dans les meubles pour am\u00e9liorer la fonctionnalit\u00e9 et la commodit\u00e9, tels que les armoires de cuisine, les armoires murales, les bo\u00eetes de rangement, les coffres et les ottomans, etc.<\/span><\/p>","protected":false},"excerpt":{"rendered":"<h2>Amortisseurs \u00e0 gaz Support de levage pour ressorts \u00e0 gaz<\/h2>\n<p>Mat\u00e9riau : Acier + plastique<br \/>\nFinition : Gris argent\u00e9\/Or\/Blanc\/Noir<br \/>\nAnneau d'\u00e9tanch\u00e9it\u00e9 : Plastique\/cuivre en option<br \/>\nForce du ressort \u00e0 gaz : 30-150N<br \/>\nLongueur : 6\u2033\/8\u2033\/10\u2033\/12\u2033 en option<br \/>\nDiff\u00e9rents accessoires de montage pour les portes en bois\/m\u00e9tal.<\/p>\n<p><strong>Num\u00e9ro d'article : AY.0003<\/strong><\/p>","protected":false},"featured_media":2131,"comment_status":"closed","ping_status":"closed","template":"","meta":{"_seopress_robots_primary_cat":"none","_seopress_titles_title":"","_seopress_titles_desc":"","_seopress_robots_index":"","_uag_custom_page_level_css":"","_joinchat":[]},"product_brand":[],"product_cat":[20,58],"product_tag":[],"class_list":{"0":"post-2144","1":"product","2":"type-product","3":"status-publish","4":"has-post-thumbnail","6":"product_cat-kitchen-fittings","7":"product_cat-support-stays","9":"first","10":"instock","11":"shipping-taxable","12":"product-type-simple"},"uagb_featured_image_src":{"full":["https:\/\/www.amorhomehardware.com\/wp-content\/uploads\/2025\/04\/amor-home-gas-spring-image-AS.0003-2.webp",630,630,false],"thumbnail":["https:\/\/www.amorhomehardware.com\/wp-content\/uploads\/2025\/04\/amor-home-gas-spring-image-AS.0003-2-150x150.webp",150,150,true],"medium":["https:\/\/www.amorhomehardware.com\/wp-content\/uploads\/2025\/04\/amor-home-gas-spring-image-AS.0003-2-300x300.webp",300,300,true],"medium_large":["https:\/\/www.amorhomehardware.com\/wp-content\/uploads\/2025\/04\/amor-home-gas-spring-image-AS.0003-2.webp",630,630,false],"large":["https:\/\/www.amorhomehardware.com\/wp-content\/uploads\/2025\/04\/amor-home-gas-spring-image-AS.0003-2.webp",630,630,false],"1536x1536":["https:\/\/www.amorhomehardware.com\/wp-content\/uploads\/2025\/04\/amor-home-gas-spring-image-AS.0003-2.webp",630,630,false],"2048x2048":["https:\/\/www.amorhomehardware.com\/wp-content\/uploads\/2025\/04\/amor-home-gas-spring-image-AS.0003-2.webp",630,630,false],"trp-custom-language-flag":["https:\/\/www.amorhomehardware.com\/wp-content\/uploads\/2025\/04\/amor-home-gas-spring-image-AS.0003-2-12x12.webp",12,12,true],"woocommerce_archive_thumbnail":["https:\/\/www.amorhomehardware.com\/wp-content\/uploads\/2025\/04\/amor-home-gas-spring-image-AS.0003-2-600x600.webp",600,600,true],"woocommerce_thumbnail":["https:\/\/www.amorhomehardware.com\/wp-content\/uploads\/2025\/04\/amor-home-gas-spring-image-AS.0003-2-600x600.webp",600,600,true],"woocommerce_single":["https:\/\/www.amorhomehardware.com\/wp-content\/uploads\/2025\/04\/amor-home-gas-spring-image-AS.0003-2-600x600.webp",600,600,true],"woocommerce_gallery_thumbnail":["https:\/\/www.amorhomehardware.com\/wp-content\/uploads\/2025\/04\/amor-home-gas-spring-image-AS.0003-2-100x100.webp",100,100,true]},"uagb_author_info":{"display_name":"amorhome","author_link":"https:\/\/www.amorhomehardware.com\/fr\/author\/"},"uagb_comment_info":0,"uagb_excerpt":"Gas Struts Gas Spring Lift Support Material: Steel+ Plastic Finish: Silver Grey\/Gold\/White\/Black Sealing Ring: Plastic\/Copper optional Gas Spring force: 30-150N Length: 6\"\/8\"\/10\"\/12\" optional Different fitting accessories for wood\/metal doors. Item No.: AY.0003","_links":{"self":[{"href":"https:\/\/www.amorhomehardware.com\/fr\/wp-json\/wp\/v2\/product\/2144","targetHints":{"allow":["GET"]}}],"collection":[{"href":"https:\/\/www.amorhomehardware.com\/fr\/wp-json\/wp\/v2\/product"}],"about":[{"href":"https:\/\/www.amorhomehardware.com\/fr\/wp-json\/wp\/v2\/types\/product"}],"replies":[{"embeddable":true,"href":"https:\/\/www.amorhomehardware.com\/fr\/wp-json\/wp\/v2\/comments?post=2144"}],"wp:featuredmedia":[{"embeddable":true,"href":"https:\/\/www.amorhomehardware.com\/fr\/wp-json\/wp\/v2\/media\/2131"}],"wp:attachment":[{"href":"https:\/\/www.amorhomehardware.com\/fr\/wp-json\/wp\/v2\/media?parent=2144"}],"wp:term":[{"taxonomy":"product_brand","embeddable":true,"href":"https:\/\/www.amorhomehardware.com\/fr\/wp-json\/wp\/v2\/product_brand?post=2144"},{"taxonomy":"product_cat","embeddable":true,"href":"https:\/\/www.amorhomehardware.com\/fr\/wp-json\/wp\/v2\/product_cat?post=2144"},{"taxonomy":"product_tag","embeddable":true,"href":"https:\/\/www.amorhomehardware.com\/fr\/wp-json\/wp\/v2\/product_tag?post=2144"}],"curies":[{"name":"wp","href":"https:\/\/api.w.org\/{rel}","templated":true}]}}