{"id":2053,"date":"2025-02-17T14:05:59","date_gmt":"2025-02-17T06:05:59","guid":{"rendered":"https:\/\/www.amorhomehardware.com\/?post_type=product&#038;p=2053"},"modified":"2025-03-30T23:24:59","modified_gmt":"2025-03-30T15:24:59","slug":"threaded-furniture-leveling-feet-furniture-glide-with-bolt-ag-1006","status":"publish","type":"product","link":"https:\/\/www.amorhomehardware.com\/fr\/produit\/threaded-furniture-leveling-feet-furniture-glide-with-bolt-ag-1006\/","title":{"rendered":"Pieds de nivellement filet\u00e9s pour meubles Glissi\u00e8re pour meubles avec boulon - AG.1006"},"content":{"rendered":"<h2>Caract\u00e9ristiques de Furniture Glide<\/h2>\n<p>Les pieds r\u00e9glables Amor Home permettent non seulement d'ajuster la hauteur des meubles, mais aussi d'\u00e9viter de rayer les meubles ou le sol. En outre, ils peuvent r\u00e9duire le bruit du d\u00e9placement des meubles dans une certaine mesure et ces pieds r\u00e9glables peuvent \u00eatre appliqu\u00e9s \u00e0 une vari\u00e9t\u00e9 de meubles, comme les tables, les chaises, les bureaux, tous les types d'armoires, les petits canap\u00e9s, etc.<\/p>\n<h2>D\u00e9lai de livraison<\/h2>\n<p>1 jour pour les \u00e9chantillons et 3 \u00e0 5 jours pour la production de masse.<\/p>\n<h2><strong>Que pouvons-nous faire pour vous ?<\/strong><\/h2>\n<p><strong>1. Service OEM\/ODM :<\/strong>\u00a0L'\u00e9quipe R&amp;D exp\u00e9riment\u00e9e r\u00e9pond \u00e0 vos besoins personnalis\u00e9s en mati\u00e8re de logo, de couleur, d'emballage, etc.<\/p>\n<p><strong>2. Produit de haute qualit\u00e9 :<\/strong>\u00a0Tous les produits sont conformes aux exigences CE\/RoHS<\/p>\n<p><strong>3. Livraison flexible :<\/strong>\u00a0DHL\/UPS\/FedEx\/TNT\/Sea\/Railway r\u00e9pond toujours \u00e0 votre demande.<\/p>\n<p><strong>4. Service apr\u00e8s-vente :<\/strong> R\u00e9ponse rapide 7*24 si vous avez des questions et la garantie des pieds r\u00e9glables est de 1 an.<\/p>","protected":false},"excerpt":{"rendered":"<p>Pieds de nivellement filet\u00e9s pour meubles Patins pour meubles avec boulons pour tables et chaises<br \/>\nMat\u00e9riau : Plastique+acier<br \/>\nFinition : noir, blanc<br \/>\nTaille : 23*M8*15MM, 23*M8*20MM, 23*M8*25MM<\/p>\n<p><strong>Num\u00e9ro d'article : AG.1006<\/strong><\/p>","protected":false},"featured_media":2023,"comment_status":"closed","ping_status":"closed","template":"","meta":{"_seopress_robots_primary_cat":"none","_seopress_titles_title":"","_seopress_titles_desc":"","_seopress_robots_index":"","_uag_custom_page_level_css":"","_joinchat":[]},"product_brand":[],"product_cat":[31,19],"product_tag":[],"class_list":{"0":"post-2053","1":"product","2":"type-product","3":"status-publish","4":"has-post-thumbnail","6":"product_cat-fruniture-legs","7":"product_cat-furniture-hardware","9":"first","10":"instock","11":"shipping-taxable","12":"product-type-simple"},"uagb_featured_image_src":{"full":["https:\/\/www.amorhomehardware.com\/wp-content\/uploads\/2025\/02\/AG.1006-furniture-glide.webp",630,630,false],"thumbnail":["https:\/\/www.amorhomehardware.com\/wp-content\/uploads\/2025\/02\/AG.1006-furniture-glide-150x150.webp",150,150,true],"medium":["https:\/\/www.amorhomehardware.com\/wp-content\/uploads\/2025\/02\/AG.1006-furniture-glide-300x300.webp",300,300,true],"medium_large":["https:\/\/www.amorhomehardware.com\/wp-content\/uploads\/2025\/02\/AG.1006-furniture-glide.webp",630,630,false],"large":["https:\/\/www.amorhomehardware.com\/wp-content\/uploads\/2025\/02\/AG.1006-furniture-glide.webp",630,630,false],"1536x1536":["https:\/\/www.amorhomehardware.com\/wp-content\/uploads\/2025\/02\/AG.1006-furniture-glide.webp",630,630,false],"2048x2048":["https:\/\/www.amorhomehardware.com\/wp-content\/uploads\/2025\/02\/AG.1006-furniture-glide.webp",630,630,false],"trp-custom-language-flag":["https:\/\/www.amorhomehardware.com\/wp-content\/uploads\/2025\/02\/AG.1006-furniture-glide-12x12.webp",12,12,true],"woocommerce_archive_thumbnail":["https:\/\/www.amorhomehardware.com\/wp-content\/uploads\/2025\/02\/AG.1006-furniture-glide-600x600.webp",600,600,true],"woocommerce_thumbnail":["https:\/\/www.amorhomehardware.com\/wp-content\/uploads\/2025\/02\/AG.1006-furniture-glide-600x600.webp",600,600,true],"woocommerce_single":["https:\/\/www.amorhomehardware.com\/wp-content\/uploads\/2025\/02\/AG.1006-furniture-glide-600x600.webp",600,600,true],"woocommerce_gallery_thumbnail":["https:\/\/www.amorhomehardware.com\/wp-content\/uploads\/2025\/02\/AG.1006-furniture-glide-100x100.webp",100,100,true]},"uagb_author_info":{"display_name":"amorhome","author_link":"https:\/\/www.amorhomehardware.com\/fr\/author\/"},"uagb_comment_info":0,"uagb_excerpt":"Threaded Furniture Leveling Feet Furniture Glide With Bolt For Table Chair Material: Plastic+Steel Finish: Black, White Size: 23*M8*15MM, 23*M8*20MM, 23*M8*25MM Item No.: AG.1006","_links":{"self":[{"href":"https:\/\/www.amorhomehardware.com\/fr\/wp-json\/wp\/v2\/product\/2053","targetHints":{"allow":["GET"]}}],"collection":[{"href":"https:\/\/www.amorhomehardware.com\/fr\/wp-json\/wp\/v2\/product"}],"about":[{"href":"https:\/\/www.amorhomehardware.com\/fr\/wp-json\/wp\/v2\/types\/product"}],"replies":[{"embeddable":true,"href":"https:\/\/www.amorhomehardware.com\/fr\/wp-json\/wp\/v2\/comments?post=2053"}],"wp:featuredmedia":[{"embeddable":true,"href":"https:\/\/www.amorhomehardware.com\/fr\/wp-json\/wp\/v2\/media\/2023"}],"wp:attachment":[{"href":"https:\/\/www.amorhomehardware.com\/fr\/wp-json\/wp\/v2\/media?parent=2053"}],"wp:term":[{"taxonomy":"product_brand","embeddable":true,"href":"https:\/\/www.amorhomehardware.com\/fr\/wp-json\/wp\/v2\/product_brand?post=2053"},{"taxonomy":"product_cat","embeddable":true,"href":"https:\/\/www.amorhomehardware.com\/fr\/wp-json\/wp\/v2\/product_cat?post=2053"},{"taxonomy":"product_tag","embeddable":true,"href":"https:\/\/www.amorhomehardware.com\/fr\/wp-json\/wp\/v2\/product_tag?post=2053"}],"curies":[{"name":"wp","href":"https:\/\/api.w.org\/{rel}","templated":true}]}}