{"id":1990,"date":"2025-02-15T16:43:02","date_gmt":"2025-02-15T08:43:02","guid":{"rendered":"https:\/\/www.amorhomehardware.com\/?post_type=product&#038;p=1990"},"modified":"2025-02-15T16:47:07","modified_gmt":"2025-02-15T08:47:07","slug":"anti-theft-chain-door-latch-ad-2100","status":"publish","type":"product","link":"https:\/\/www.amorhomehardware.com\/fr\/produit\/anti-theft-chain-door-latch-ad-2100\/","title":{"rendered":"Loquet de porte \u00e0 cha\u00eene antivol - AD.2100"},"content":{"rendered":"<p>\u3010Material\u3011The anati-thief chain is made of high-quality zinc alloy, you would be surprised how Long-Lasting it will be.<br \/>\n\u3010Application\u3011The Hinge is widely used in Hotel, Home, Office and Dining etc<\/p>","protected":false},"excerpt":{"rendered":"<p>Cha\u00eene antivol de porte en alliage de zinc pour h\u00f4tel, salon, chambre \u00e0 coucher<br \/>\nMat\u00e9riau : Alliage de zinc<br \/>\nFinition : Nickel bross\u00e9<br \/>\nTaille : 130*35MM<\/p>\n<p><strong>Num\u00e9ro d'article : AD.2100<\/strong><\/p>","protected":false},"featured_media":1979,"comment_status":"closed","ping_status":"closed","template":"","meta":{"_seopress_robots_primary_cat":"","_seopress_titles_title":"","_seopress_titles_desc":"","_seopress_robots_index":"","_uag_custom_page_level_css":"","_joinchat":[]},"product_brand":[],"product_cat":[59,19],"product_tag":[],"class_list":{"0":"post-1990","1":"product","2":"type-product","3":"status-publish","4":"has-post-thumbnail","6":"product_cat-door-accessories","7":"product_cat-furniture-hardware","9":"first","10":"instock","11":"shipping-taxable","12":"product-type-simple"},"uagb_featured_image_src":{"full":["https:\/\/www.amorhomehardware.com\/wp-content\/uploads\/2024\/12\/AD.2100-anti-theft-lock.webp",630,630,false],"thumbnail":["https:\/\/www.amorhomehardware.com\/wp-content\/uploads\/2024\/12\/AD.2100-anti-theft-lock-150x150.webp",150,150,true],"medium":["https:\/\/www.amorhomehardware.com\/wp-content\/uploads\/2024\/12\/AD.2100-anti-theft-lock-300x300.webp",300,300,true],"medium_large":["https:\/\/www.amorhomehardware.com\/wp-content\/uploads\/2024\/12\/AD.2100-anti-theft-lock.webp",630,630,false],"large":["https:\/\/www.amorhomehardware.com\/wp-content\/uploads\/2024\/12\/AD.2100-anti-theft-lock.webp",630,630,false],"1536x1536":["https:\/\/www.amorhomehardware.com\/wp-content\/uploads\/2024\/12\/AD.2100-anti-theft-lock.webp",630,630,false],"2048x2048":["https:\/\/www.amorhomehardware.com\/wp-content\/uploads\/2024\/12\/AD.2100-anti-theft-lock.webp",630,630,false],"trp-custom-language-flag":["https:\/\/www.amorhomehardware.com\/wp-content\/uploads\/2024\/12\/AD.2100-anti-theft-lock-12x12.webp",12,12,true],"woocommerce_archive_thumbnail":["https:\/\/www.amorhomehardware.com\/wp-content\/uploads\/2024\/12\/AD.2100-anti-theft-lock-600x600.webp",600,600,true],"woocommerce_thumbnail":["https:\/\/www.amorhomehardware.com\/wp-content\/uploads\/2024\/12\/AD.2100-anti-theft-lock-600x600.webp",600,600,true],"woocommerce_single":["https:\/\/www.amorhomehardware.com\/wp-content\/uploads\/2024\/12\/AD.2100-anti-theft-lock-600x600.webp",600,600,true],"woocommerce_gallery_thumbnail":["https:\/\/www.amorhomehardware.com\/wp-content\/uploads\/2024\/12\/AD.2100-anti-theft-lock-100x100.webp",100,100,true]},"uagb_author_info":{"display_name":"amorhome","author_link":"https:\/\/www.amorhomehardware.com\/fr\/author\/"},"uagb_comment_info":0,"uagb_excerpt":"Zinc Alloy Anti-Theft Chain Door Latch For Hotel Living Room Bed Room Material: Zinc Alloy Finish: Brushed Nickel Size:130*35MM Item No.: AD.2100","_links":{"self":[{"href":"https:\/\/www.amorhomehardware.com\/fr\/wp-json\/wp\/v2\/product\/1990","targetHints":{"allow":["GET"]}}],"collection":[{"href":"https:\/\/www.amorhomehardware.com\/fr\/wp-json\/wp\/v2\/product"}],"about":[{"href":"https:\/\/www.amorhomehardware.com\/fr\/wp-json\/wp\/v2\/types\/product"}],"replies":[{"embeddable":true,"href":"https:\/\/www.amorhomehardware.com\/fr\/wp-json\/wp\/v2\/comments?post=1990"}],"wp:featuredmedia":[{"embeddable":true,"href":"https:\/\/www.amorhomehardware.com\/fr\/wp-json\/wp\/v2\/media\/1979"}],"wp:attachment":[{"href":"https:\/\/www.amorhomehardware.com\/fr\/wp-json\/wp\/v2\/media?parent=1990"}],"wp:term":[{"taxonomy":"product_brand","embeddable":true,"href":"https:\/\/www.amorhomehardware.com\/fr\/wp-json\/wp\/v2\/product_brand?post=1990"},{"taxonomy":"product_cat","embeddable":true,"href":"https:\/\/www.amorhomehardware.com\/fr\/wp-json\/wp\/v2\/product_cat?post=1990"},{"taxonomy":"product_tag","embeddable":true,"href":"https:\/\/www.amorhomehardware.com\/fr\/wp-json\/wp\/v2\/product_tag?post=1990"}],"curies":[{"name":"wp","href":"https:\/\/api.w.org\/{rel}","templated":true}]}}