{"id":1968,"date":"2025-02-14T20:15:48","date_gmt":"2025-02-14T12:15:48","guid":{"rendered":"https:\/\/www.amorhomehardware.com\/?post_type=product&#038;p=1968"},"modified":"2025-02-14T20:21:00","modified_gmt":"2025-02-14T12:21:00","slug":"rubber-head-touch-open-systems-touch-latch-at-3000","status":"publish","type":"product","link":"https:\/\/www.amorhomehardware.com\/fr\/produit\/rubber-head-touch-open-systems-touch-latch-at-3000\/","title":{"rendered":"T\u00eate en caoutchouc Touch Open Systems Touch Latch - AT.3000"},"content":{"rendered":"<p>\u3010Function\u3011Matched for most Push Open Hinges<\/p>","protected":false},"excerpt":{"rendered":"<p>Syst\u00e8me d'ouverture par pouss\u00e9e pour charni\u00e8res d'armoires \u00e0 ouverture par pouss\u00e9e<br \/>\nMat\u00e9riau : Acier + plastique<br \/>\nSpec : Clip en alliage de zinc, blanc<br \/>\nTaille : 33*28*10Mm<br \/>\nAdapt\u00e9 aux charni\u00e8res \u00e0 ouverture par pouss\u00e9e<\/p>\n<p><strong>Num\u00e9ro d'article : AT.3000<\/strong><\/p>","protected":false},"featured_media":1444,"comment_status":"closed","ping_status":"closed","template":"","meta":{"_seopress_robots_primary_cat":"","_seopress_titles_title":"","_seopress_titles_desc":"","_seopress_robots_index":"","_uag_custom_page_level_css":"","_joinchat":[]},"product_brand":[],"product_cat":[28,19,62],"product_tag":[],"class_list":{"0":"post-1968","1":"product","2":"type-product","3":"status-publish","4":"has-post-thumbnail","6":"product_cat-cabinet-hinges","7":"product_cat-furniture-hardware","8":"product_cat-push-open-system","10":"first","11":"instock","12":"shipping-taxable","13":"product-type-simple"},"uagb_featured_image_src":{"full":["https:\/\/www.amorhomehardware.com\/wp-content\/uploads\/2024\/12\/AT.3000-push-open-system.webp",1240,1360,false],"thumbnail":["https:\/\/www.amorhomehardware.com\/wp-content\/uploads\/2024\/12\/AT.3000-push-open-system-150x150.webp",150,150,true],"medium":["https:\/\/www.amorhomehardware.com\/wp-content\/uploads\/2024\/12\/AT.3000-push-open-system-274x300.webp",274,300,true],"medium_large":["https:\/\/www.amorhomehardware.com\/wp-content\/uploads\/2024\/12\/AT.3000-push-open-system-768x842.webp",768,842,true],"large":["https:\/\/www.amorhomehardware.com\/wp-content\/uploads\/2024\/12\/AT.3000-push-open-system-934x1024.webp",934,1024,true],"1536x1536":["https:\/\/www.amorhomehardware.com\/wp-content\/uploads\/2024\/12\/AT.3000-push-open-system.webp",1240,1360,false],"2048x2048":["https:\/\/www.amorhomehardware.com\/wp-content\/uploads\/2024\/12\/AT.3000-push-open-system.webp",1240,1360,false],"trp-custom-language-flag":["https:\/\/www.amorhomehardware.com\/wp-content\/uploads\/2024\/12\/AT.3000-push-open-system.webp",11,12,false],"woocommerce_archive_thumbnail":["https:\/\/www.amorhomehardware.com\/wp-content\/uploads\/2024\/12\/AT.3000-push-open-system-600x600.webp",600,600,true],"woocommerce_thumbnail":["https:\/\/www.amorhomehardware.com\/wp-content\/uploads\/2024\/12\/AT.3000-push-open-system-600x600.webp",600,600,true],"woocommerce_single":["https:\/\/www.amorhomehardware.com\/wp-content\/uploads\/2024\/12\/AT.3000-push-open-system-600x658.webp",600,658,true],"woocommerce_gallery_thumbnail":["https:\/\/www.amorhomehardware.com\/wp-content\/uploads\/2024\/12\/AT.3000-push-open-system-100x100.webp",100,100,true]},"uagb_author_info":{"display_name":"amorhome","author_link":"https:\/\/www.amorhomehardware.com\/fr\/author\/"},"uagb_comment_info":0,"uagb_excerpt":"Push Open System For Push Open Cabinet Hinges Material: Steel +Plastic Spec: Zinc Alloy Clip, White Size: 33*28*10Mm Matched For Push Open Hinges Item No.: AT.3000","_links":{"self":[{"href":"https:\/\/www.amorhomehardware.com\/fr\/wp-json\/wp\/v2\/product\/1968","targetHints":{"allow":["GET"]}}],"collection":[{"href":"https:\/\/www.amorhomehardware.com\/fr\/wp-json\/wp\/v2\/product"}],"about":[{"href":"https:\/\/www.amorhomehardware.com\/fr\/wp-json\/wp\/v2\/types\/product"}],"replies":[{"embeddable":true,"href":"https:\/\/www.amorhomehardware.com\/fr\/wp-json\/wp\/v2\/comments?post=1968"}],"wp:featuredmedia":[{"embeddable":true,"href":"https:\/\/www.amorhomehardware.com\/fr\/wp-json\/wp\/v2\/media\/1444"}],"wp:attachment":[{"href":"https:\/\/www.amorhomehardware.com\/fr\/wp-json\/wp\/v2\/media?parent=1968"}],"wp:term":[{"taxonomy":"product_brand","embeddable":true,"href":"https:\/\/www.amorhomehardware.com\/fr\/wp-json\/wp\/v2\/product_brand?post=1968"},{"taxonomy":"product_cat","embeddable":true,"href":"https:\/\/www.amorhomehardware.com\/fr\/wp-json\/wp\/v2\/product_cat?post=1968"},{"taxonomy":"product_tag","embeddable":true,"href":"https:\/\/www.amorhomehardware.com\/fr\/wp-json\/wp\/v2\/product_tag?post=1968"}],"curies":[{"name":"wp","href":"https:\/\/api.w.org\/{rel}","templated":true}]}}