{"id":1912,"date":"2025-02-13T14:21:26","date_gmt":"2025-02-13T06:21:26","guid":{"rendered":"https:\/\/www.amorhomehardware.com\/?post_type=product&#038;p=1912"},"modified":"2025-02-13T14:23:19","modified_gmt":"2025-02-13T06:23:19","slug":"inner-angel-connector-for-gola-profile-ap-3003","status":"publish","type":"product","link":"https:\/\/www.amorhomehardware.com\/fr\/produit\/inner-angel-connector-for-gola-profile-ap-3003\/","title":{"rendered":"Connecteur Angel int\u00e9rieur pour profil Gola - AP.3003"},"content":{"rendered":"<p>\u3010Feature\u3011Used with Gola J and C Type Profile<\/p>","protected":false},"excerpt":{"rendered":"<p>Connecteur Angel int\u00e9rieur pour poign\u00e9es de cuisine de type J, type C, profil\u00e9 de gola<br \/>\nMat\u00e9riau : Acier<br \/>\nFinition : Zinc<\/p>\n<p><strong>Num\u00e9ro d'article : AP.3003<\/strong><\/p>","protected":false},"featured_media":1893,"comment_status":"closed","ping_status":"closed","template":"","meta":{"_seopress_robots_primary_cat":"","_seopress_titles_title":"","_seopress_titles_desc":"","_seopress_robots_index":"","_uag_custom_page_level_css":"","_joinchat":[]},"product_brand":[],"product_cat":[38,30,20],"product_tag":[],"class_list":{"0":"post-1912","1":"product","2":"type-product","3":"status-publish","4":"has-post-thumbnail","6":"product_cat-gola-profile","7":"product_cat-handles","8":"product_cat-kitchen-fittings","10":"first","11":"instock","12":"shipping-taxable","13":"product-type-simple"},"uagb_featured_image_src":{"full":["https:\/\/www.amorhomehardware.com\/wp-content\/uploads\/2025\/02\/AP.3003-Inner-Angel-Connector-for-gola-profile.webp",1240,1360,false],"thumbnail":["https:\/\/www.amorhomehardware.com\/wp-content\/uploads\/2025\/02\/AP.3003-Inner-Angel-Connector-for-gola-profile-150x150.webp",150,150,true],"medium":["https:\/\/www.amorhomehardware.com\/wp-content\/uploads\/2025\/02\/AP.3003-Inner-Angel-Connector-for-gola-profile-274x300.webp",274,300,true],"medium_large":["https:\/\/www.amorhomehardware.com\/wp-content\/uploads\/2025\/02\/AP.3003-Inner-Angel-Connector-for-gola-profile-768x842.webp",768,842,true],"large":["https:\/\/www.amorhomehardware.com\/wp-content\/uploads\/2025\/02\/AP.3003-Inner-Angel-Connector-for-gola-profile-934x1024.webp",934,1024,true],"1536x1536":["https:\/\/www.amorhomehardware.com\/wp-content\/uploads\/2025\/02\/AP.3003-Inner-Angel-Connector-for-gola-profile.webp",1240,1360,false],"2048x2048":["https:\/\/www.amorhomehardware.com\/wp-content\/uploads\/2025\/02\/AP.3003-Inner-Angel-Connector-for-gola-profile.webp",1240,1360,false],"trp-custom-language-flag":["https:\/\/www.amorhomehardware.com\/wp-content\/uploads\/2025\/02\/AP.3003-Inner-Angel-Connector-for-gola-profile-11x12.webp",11,12,true],"woocommerce_archive_thumbnail":["https:\/\/www.amorhomehardware.com\/wp-content\/uploads\/2025\/02\/AP.3003-Inner-Angel-Connector-for-gola-profile-600x600.webp",600,600,true],"woocommerce_thumbnail":["https:\/\/www.amorhomehardware.com\/wp-content\/uploads\/2025\/02\/AP.3003-Inner-Angel-Connector-for-gola-profile-600x600.webp",600,600,true],"woocommerce_single":["https:\/\/www.amorhomehardware.com\/wp-content\/uploads\/2025\/02\/AP.3003-Inner-Angel-Connector-for-gola-profile-600x658.webp",600,658,true],"woocommerce_gallery_thumbnail":["https:\/\/www.amorhomehardware.com\/wp-content\/uploads\/2025\/02\/AP.3003-Inner-Angel-Connector-for-gola-profile-100x100.webp",100,100,true]},"uagb_author_info":{"display_name":"amorhome","author_link":"https:\/\/www.amorhomehardware.com\/fr\/author\/"},"uagb_comment_info":0,"uagb_excerpt":"Inner Angel Connector For J Type C Type kitchen gola profile Handles Material: Steel Finish: Zinc Item No.: AP.3003","_links":{"self":[{"href":"https:\/\/www.amorhomehardware.com\/fr\/wp-json\/wp\/v2\/product\/1912","targetHints":{"allow":["GET"]}}],"collection":[{"href":"https:\/\/www.amorhomehardware.com\/fr\/wp-json\/wp\/v2\/product"}],"about":[{"href":"https:\/\/www.amorhomehardware.com\/fr\/wp-json\/wp\/v2\/types\/product"}],"replies":[{"embeddable":true,"href":"https:\/\/www.amorhomehardware.com\/fr\/wp-json\/wp\/v2\/comments?post=1912"}],"wp:featuredmedia":[{"embeddable":true,"href":"https:\/\/www.amorhomehardware.com\/fr\/wp-json\/wp\/v2\/media\/1893"}],"wp:attachment":[{"href":"https:\/\/www.amorhomehardware.com\/fr\/wp-json\/wp\/v2\/media?parent=1912"}],"wp:term":[{"taxonomy":"product_brand","embeddable":true,"href":"https:\/\/www.amorhomehardware.com\/fr\/wp-json\/wp\/v2\/product_brand?post=1912"},{"taxonomy":"product_cat","embeddable":true,"href":"https:\/\/www.amorhomehardware.com\/fr\/wp-json\/wp\/v2\/product_cat?post=1912"},{"taxonomy":"product_tag","embeddable":true,"href":"https:\/\/www.amorhomehardware.com\/fr\/wp-json\/wp\/v2\/product_tag?post=1912"}],"curies":[{"name":"wp","href":"https:\/\/api.w.org\/{rel}","templated":true}]}}