{"id":1887,"date":"2025-02-13T13:06:40","date_gmt":"2025-02-13T05:06:40","guid":{"rendered":"https:\/\/www.amorhomehardware.com\/?post_type=product&#038;p=1887"},"modified":"2025-03-30T23:34:37","modified_gmt":"2025-03-30T15:34:37","slug":"swivel-nylon-furniture-caster-wheels-without-brake-ar-3009","status":"publish","type":"product","link":"https:\/\/www.amorhomehardware.com\/fr\/produit\/swivel-nylon-furniture-caster-wheels-without-brake-ar-3009\/","title":{"rendered":"Roues pivotantes en nylon pour meubles sans frein - AR.3009"},"content":{"rendered":"<h2>Caract\u00e9ristiques des roulettes pour meubles en nylon<\/h2>\n<p>The Amor Home Nylon furniture wheel is made of new nylon and metal plate, the casters can swivel 360\u00b0 to immediately respond to changes in direction and safely transport lightweight furniture and displays, its\u00a0loading capacity can be 25 kgs per wheel. And it can be applied to a variety of furniture, like carts,\u00a0 shelves, file cabinets, kitchen cabinets etc.<\/p>\n<h2>D\u00e9lai de livraison<\/h2>\n<p>1 jour pour les \u00e9chantillons et 5 \u00e0 10 jours pour la production de masse.<\/p>\n<h2><strong>Que pouvons-nous faire pour vous ?<\/strong><\/h2>\n<p><strong>1. Service OEM\/ODM :<\/strong>\u00a0L'\u00e9quipe R&amp;D exp\u00e9riment\u00e9e r\u00e9pond \u00e0 vos besoins personnalis\u00e9s en mati\u00e8re de logo, de couleur, d'emballage, etc.<\/p>\n<p><strong>2. Produit de haute qualit\u00e9 :<\/strong>\u00a0Tous les produits sont conformes aux exigences CE\/RoHS<\/p>\n<p><strong>3. Livraison flexible :<\/strong>\u00a0DHL\/UPS\/FedEx\/TNT\/Sea\/Railway r\u00e9pond toujours \u00e0 votre demande.<\/p>\n<p><strong>4. Service apr\u00e8s-vente :<\/strong> R\u00e9ponse rapide 7*24 si vous avez des questions et la garantie des pieds r\u00e9glables est de 1 an.<\/p>","protected":false},"excerpt":{"rendered":"<p>Roulettes en plastique pour meubles Roues pivotantes en nylon Petites roulettes pour bureau Chariots Meubles B\u00e9b\u00e9 Lit Cuisine Armoire Table<br \/>\nMat\u00e9riau : Acier +Nylon<br \/>\nFinition : Noir<br \/>\nTaille : 1.5\u2033(35mm)\/2\u2033(50mm)<\/p>\n<p><strong>Num\u00e9ro d'article : AR.3009<\/strong><\/p>","protected":false},"featured_media":1452,"comment_status":"closed","ping_status":"closed","template":"","meta":{"_seopress_robots_primary_cat":"none","_seopress_titles_title":"","_seopress_titles_desc":"","_seopress_robots_index":"","_uag_custom_page_level_css":"","_joinchat":[]},"product_brand":[],"product_cat":[61],"product_tag":[],"class_list":{"0":"post-1887","1":"product","2":"type-product","3":"status-publish","4":"has-post-thumbnail","6":"product_cat-castor-wheels","8":"first","9":"instock","10":"shipping-taxable","11":"product-type-simple"},"uagb_featured_image_src":{"full":["https:\/\/www.amorhomehardware.com\/wp-content\/uploads\/2024\/12\/AR.3009-Amor-home-furniture-castor.webp",1240,1360,false],"thumbnail":["https:\/\/www.amorhomehardware.com\/wp-content\/uploads\/2024\/12\/AR.3009-Amor-home-furniture-castor-150x150.webp",150,150,true],"medium":["https:\/\/www.amorhomehardware.com\/wp-content\/uploads\/2024\/12\/AR.3009-Amor-home-furniture-castor-274x300.webp",274,300,true],"medium_large":["https:\/\/www.amorhomehardware.com\/wp-content\/uploads\/2024\/12\/AR.3009-Amor-home-furniture-castor-768x842.webp",768,842,true],"large":["https:\/\/www.amorhomehardware.com\/wp-content\/uploads\/2024\/12\/AR.3009-Amor-home-furniture-castor-934x1024.webp",934,1024,true],"1536x1536":["https:\/\/www.amorhomehardware.com\/wp-content\/uploads\/2024\/12\/AR.3009-Amor-home-furniture-castor.webp",1240,1360,false],"2048x2048":["https:\/\/www.amorhomehardware.com\/wp-content\/uploads\/2024\/12\/AR.3009-Amor-home-furniture-castor.webp",1240,1360,false],"trp-custom-language-flag":["https:\/\/www.amorhomehardware.com\/wp-content\/uploads\/2024\/12\/AR.3009-Amor-home-furniture-castor.webp",11,12,false],"woocommerce_archive_thumbnail":["https:\/\/www.amorhomehardware.com\/wp-content\/uploads\/2024\/12\/AR.3009-Amor-home-furniture-castor-600x600.webp",600,600,true],"woocommerce_thumbnail":["https:\/\/www.amorhomehardware.com\/wp-content\/uploads\/2024\/12\/AR.3009-Amor-home-furniture-castor-600x600.webp",600,600,true],"woocommerce_single":["https:\/\/www.amorhomehardware.com\/wp-content\/uploads\/2024\/12\/AR.3009-Amor-home-furniture-castor-600x658.webp",600,658,true],"woocommerce_gallery_thumbnail":["https:\/\/www.amorhomehardware.com\/wp-content\/uploads\/2024\/12\/AR.3009-Amor-home-furniture-castor-100x100.webp",100,100,true]},"uagb_author_info":{"display_name":"amorhome","author_link":"https:\/\/www.amorhomehardware.com\/fr\/author\/"},"uagb_comment_info":0,"uagb_excerpt":"Plastic Furniture Caster Wheels Swivel Nylon Small Caster for Desk Carts Furniture Baby Bed Kitchen Cabinet Table Material: Steel +Nylon Finish: Black Size: 1.5\"(35mm)\/2\"(50mm) Item No.: AR.3009","_links":{"self":[{"href":"https:\/\/www.amorhomehardware.com\/fr\/wp-json\/wp\/v2\/product\/1887","targetHints":{"allow":["GET"]}}],"collection":[{"href":"https:\/\/www.amorhomehardware.com\/fr\/wp-json\/wp\/v2\/product"}],"about":[{"href":"https:\/\/www.amorhomehardware.com\/fr\/wp-json\/wp\/v2\/types\/product"}],"replies":[{"embeddable":true,"href":"https:\/\/www.amorhomehardware.com\/fr\/wp-json\/wp\/v2\/comments?post=1887"}],"wp:featuredmedia":[{"embeddable":true,"href":"https:\/\/www.amorhomehardware.com\/fr\/wp-json\/wp\/v2\/media\/1452"}],"wp:attachment":[{"href":"https:\/\/www.amorhomehardware.com\/fr\/wp-json\/wp\/v2\/media?parent=1887"}],"wp:term":[{"taxonomy":"product_brand","embeddable":true,"href":"https:\/\/www.amorhomehardware.com\/fr\/wp-json\/wp\/v2\/product_brand?post=1887"},{"taxonomy":"product_cat","embeddable":true,"href":"https:\/\/www.amorhomehardware.com\/fr\/wp-json\/wp\/v2\/product_cat?post=1887"},{"taxonomy":"product_tag","embeddable":true,"href":"https:\/\/www.amorhomehardware.com\/fr\/wp-json\/wp\/v2\/product_tag?post=1887"}],"curies":[{"name":"wp","href":"https:\/\/api.w.org\/{rel}","templated":true}]}}