{"id":1877,"date":"2025-02-13T11:31:02","date_gmt":"2025-02-13T03:31:02","guid":{"rendered":"https:\/\/www.amorhomehardware.com\/?post_type=product&#038;p=1877"},"modified":"2025-02-13T11:33:59","modified_gmt":"2025-02-13T03:33:59","slug":"multifunctional-over-sink-dish-drainer-rack-ak-5100","status":"publish","type":"product","link":"https:\/\/www.amorhomehardware.com\/fr\/produit\/multifunctional-over-sink-dish-drainer-rack-ak-5100\/","title":{"rendered":"Egouttoir \u00e0 vaisselle multifonctionnel au-dessus de l'\u00e9vier - AK.5100"},"content":{"rendered":"<p>\u3010Feature\u3011The Set includes Bowl Basket, Dish Basket, Fruit and Vegetable Basket, Knife Holder, Chopsticks Cage, Ware Basket, Cutting Board Rack and 5 Hooks.<\/p>","protected":false},"excerpt":{"rendered":"<p>\u00c9gouttoir \u00e0 vaisselle \u00e0 2 \u00e9tages en acier inoxydable, \u00e9gouttoir multifonctionnel au-dessus de l'\u00e9vier avec planche \u00e0 d\u00e9couper, porte-couverts et \u00e9ponge pour l'organisation du comptoir<br \/>\nMat\u00e9riau : acier inoxydable 201<br \/>\nFinition : Nickel\/ Noir<br \/>\nTaille : 85*32*52Cm<\/p>\n<p><strong>Num\u00e9ro d'article : AK.3204<\/strong><\/p>","protected":false},"featured_media":1853,"comment_status":"closed","ping_status":"closed","template":"","meta":{"_seopress_robots_primary_cat":"","_seopress_titles_title":"","_seopress_titles_desc":"","_seopress_robots_index":"","_uag_custom_page_level_css":"","_joinchat":[]},"product_brand":[],"product_cat":[20,42],"product_tag":[],"class_list":{"0":"post-1877","1":"product","2":"type-product","3":"status-publish","4":"has-post-thumbnail","6":"product_cat-kitchen-fittings","7":"product_cat-over-sink-dish-drainer-rack","9":"first","10":"instock","11":"shipping-taxable","12":"product-type-simple"},"uagb_featured_image_src":{"full":["https:\/\/www.amorhomehardware.com\/wp-content\/uploads\/2025\/02\/AK.5100-over-sank-drainer-rack-2_1240x1360px.webp",1240,1360,false],"thumbnail":["https:\/\/www.amorhomehardware.com\/wp-content\/uploads\/2025\/02\/AK.5100-over-sank-drainer-rack-2_1240x1360px-150x150.webp",150,150,true],"medium":["https:\/\/www.amorhomehardware.com\/wp-content\/uploads\/2025\/02\/AK.5100-over-sank-drainer-rack-2_1240x1360px-274x300.webp",274,300,true],"medium_large":["https:\/\/www.amorhomehardware.com\/wp-content\/uploads\/2025\/02\/AK.5100-over-sank-drainer-rack-2_1240x1360px-768x842.webp",768,842,true],"large":["https:\/\/www.amorhomehardware.com\/wp-content\/uploads\/2025\/02\/AK.5100-over-sank-drainer-rack-2_1240x1360px-934x1024.webp",934,1024,true],"1536x1536":["https:\/\/www.amorhomehardware.com\/wp-content\/uploads\/2025\/02\/AK.5100-over-sank-drainer-rack-2_1240x1360px.webp",1240,1360,false],"2048x2048":["https:\/\/www.amorhomehardware.com\/wp-content\/uploads\/2025\/02\/AK.5100-over-sank-drainer-rack-2_1240x1360px.webp",1240,1360,false],"trp-custom-language-flag":["https:\/\/www.amorhomehardware.com\/wp-content\/uploads\/2025\/02\/AK.5100-over-sank-drainer-rack-2_1240x1360px-11x12.webp",11,12,true],"woocommerce_archive_thumbnail":["https:\/\/www.amorhomehardware.com\/wp-content\/uploads\/2025\/02\/AK.5100-over-sank-drainer-rack-2_1240x1360px-600x600.webp",600,600,true],"woocommerce_thumbnail":["https:\/\/www.amorhomehardware.com\/wp-content\/uploads\/2025\/02\/AK.5100-over-sank-drainer-rack-2_1240x1360px-600x600.webp",600,600,true],"woocommerce_single":["https:\/\/www.amorhomehardware.com\/wp-content\/uploads\/2025\/02\/AK.5100-over-sank-drainer-rack-2_1240x1360px-600x658.webp",600,658,true],"woocommerce_gallery_thumbnail":["https:\/\/www.amorhomehardware.com\/wp-content\/uploads\/2025\/02\/AK.5100-over-sank-drainer-rack-2_1240x1360px-100x100.webp",100,100,true]},"uagb_author_info":{"display_name":"amorhome","author_link":"https:\/\/www.amorhomehardware.com\/fr\/author\/"},"uagb_comment_info":0,"uagb_excerpt":"2 Tier Stainless Steel Dish Drainer Rack, Multifunctional Over Sink Drainer Rack with Cutting Board, Cutlery Sponge Holder for Counter Organization Material: 201 Stainless Steel Finish: Nickel\/ Black Size: 85*32*52Cm Item No.: AK.3204","_links":{"self":[{"href":"https:\/\/www.amorhomehardware.com\/fr\/wp-json\/wp\/v2\/product\/1877","targetHints":{"allow":["GET"]}}],"collection":[{"href":"https:\/\/www.amorhomehardware.com\/fr\/wp-json\/wp\/v2\/product"}],"about":[{"href":"https:\/\/www.amorhomehardware.com\/fr\/wp-json\/wp\/v2\/types\/product"}],"replies":[{"embeddable":true,"href":"https:\/\/www.amorhomehardware.com\/fr\/wp-json\/wp\/v2\/comments?post=1877"}],"wp:featuredmedia":[{"embeddable":true,"href":"https:\/\/www.amorhomehardware.com\/fr\/wp-json\/wp\/v2\/media\/1853"}],"wp:attachment":[{"href":"https:\/\/www.amorhomehardware.com\/fr\/wp-json\/wp\/v2\/media?parent=1877"}],"wp:term":[{"taxonomy":"product_brand","embeddable":true,"href":"https:\/\/www.amorhomehardware.com\/fr\/wp-json\/wp\/v2\/product_brand?post=1877"},{"taxonomy":"product_cat","embeddable":true,"href":"https:\/\/www.amorhomehardware.com\/fr\/wp-json\/wp\/v2\/product_cat?post=1877"},{"taxonomy":"product_tag","embeddable":true,"href":"https:\/\/www.amorhomehardware.com\/fr\/wp-json\/wp\/v2\/product_tag?post=1877"}],"curies":[{"name":"wp","href":"https:\/\/api.w.org\/{rel}","templated":true}]}}