{"id":1821,"date":"2025-02-12T10:48:22","date_gmt":"2025-02-12T02:48:22","guid":{"rendered":"https:\/\/www.amorhomehardware.com\/?post_type=product&#038;p=1821"},"modified":"2025-02-15T18:46:40","modified_gmt":"2025-02-15T10:46:40","slug":"stainless-steel-furniture-feet-metal-sofa-legs-af-4104","status":"publish","type":"product","link":"https:\/\/www.amorhomehardware.com\/fr\/produit\/stainless-steel-furniture-feet-metal-sofa-legs-af-4104\/","title":{"rendered":"Pieds de meubles en acier inoxydable Pieds de canap\u00e9 en m\u00e9tal - AF.4104"},"content":{"rendered":"<p>\u3010Design\u3011Designed with 80\/100\/120 height for option, the adjustable furniture legs are flexible and practical for various furniture and stable installation with 4 mounting holes screwing on.<br \/>\n\u3010Application\u3011The table legs are very suitable for most home furniture, such as sofas, couches, chairs, desks, tables, beds, cabinets, TV stands, dressers, bookshelves, love seats, ottomans, cupboards, and other DIY furniture<\/p>","protected":false},"excerpt":{"rendered":"<p>Pieds de meubles en acier inoxydable Pieds de canap\u00e9 en m\u00e9tal Pieds d'armoire r\u00e9glables Pieds de table \u00e0 caf\u00e9 de remplacement<br \/>\nMat\u00e9riau : Acier inoxydable<br \/>\nFinition : Sablage \/Chrome<br \/>\nTaille des pieds : D50*H80\/H100\/120mm<\/p>\n<p><strong>Num\u00e9ro d'article : AF.4104<\/strong><\/p>","protected":false},"featured_media":1822,"comment_status":"closed","ping_status":"closed","template":"","meta":{"_seopress_robots_primary_cat":"","_seopress_titles_title":"","_seopress_titles_desc":"","_seopress_robots_index":"","_uag_custom_page_level_css":"","_joinchat":[]},"product_brand":[],"product_cat":[31,19],"product_tag":[],"class_list":{"0":"post-1821","1":"product","2":"type-product","3":"status-publish","4":"has-post-thumbnail","6":"product_cat-fruniture-legs","7":"product_cat-furniture-hardware","9":"first","10":"instock","11":"shipping-taxable","12":"product-type-simple"},"uagb_featured_image_src":{"full":["https:\/\/www.amorhomehardware.com\/wp-content\/uploads\/2025\/02\/AF.4104-furniture-feet.png",630,630,false],"thumbnail":["https:\/\/www.amorhomehardware.com\/wp-content\/uploads\/2025\/02\/AF.4104-furniture-feet-150x150.png",150,150,true],"medium":["https:\/\/www.amorhomehardware.com\/wp-content\/uploads\/2025\/02\/AF.4104-furniture-feet-300x300.png",300,300,true],"medium_large":["https:\/\/www.amorhomehardware.com\/wp-content\/uploads\/2025\/02\/AF.4104-furniture-feet.png",630,630,false],"large":["https:\/\/www.amorhomehardware.com\/wp-content\/uploads\/2025\/02\/AF.4104-furniture-feet.png",630,630,false],"1536x1536":["https:\/\/www.amorhomehardware.com\/wp-content\/uploads\/2025\/02\/AF.4104-furniture-feet.png",630,630,false],"2048x2048":["https:\/\/www.amorhomehardware.com\/wp-content\/uploads\/2025\/02\/AF.4104-furniture-feet.png",630,630,false],"trp-custom-language-flag":["https:\/\/www.amorhomehardware.com\/wp-content\/uploads\/2025\/02\/AF.4104-furniture-feet-12x12.png",12,12,true],"woocommerce_archive_thumbnail":["https:\/\/www.amorhomehardware.com\/wp-content\/uploads\/2025\/02\/AF.4104-furniture-feet-600x600.png",600,600,true],"woocommerce_thumbnail":["https:\/\/www.amorhomehardware.com\/wp-content\/uploads\/2025\/02\/AF.4104-furniture-feet-600x600.png",600,600,true],"woocommerce_single":["https:\/\/www.amorhomehardware.com\/wp-content\/uploads\/2025\/02\/AF.4104-furniture-feet-600x600.png",600,600,true],"woocommerce_gallery_thumbnail":["https:\/\/www.amorhomehardware.com\/wp-content\/uploads\/2025\/02\/AF.4104-furniture-feet-100x100.png",100,100,true]},"uagb_author_info":{"display_name":"amorhome","author_link":"https:\/\/www.amorhomehardware.com\/fr\/author\/"},"uagb_comment_info":0,"uagb_excerpt":"Stainless Steel Furniture Feet Metal Sofa Legs Adjustable Cabinet Feet Coffee Table Replacement Legs Material: Stainless Steel Finish: Sandblasting \/Chrome Feet Size: D50*H80\/H100\/120mm Item No.: AF.4104","_links":{"self":[{"href":"https:\/\/www.amorhomehardware.com\/fr\/wp-json\/wp\/v2\/product\/1821","targetHints":{"allow":["GET"]}}],"collection":[{"href":"https:\/\/www.amorhomehardware.com\/fr\/wp-json\/wp\/v2\/product"}],"about":[{"href":"https:\/\/www.amorhomehardware.com\/fr\/wp-json\/wp\/v2\/types\/product"}],"replies":[{"embeddable":true,"href":"https:\/\/www.amorhomehardware.com\/fr\/wp-json\/wp\/v2\/comments?post=1821"}],"wp:featuredmedia":[{"embeddable":true,"href":"https:\/\/www.amorhomehardware.com\/fr\/wp-json\/wp\/v2\/media\/1822"}],"wp:attachment":[{"href":"https:\/\/www.amorhomehardware.com\/fr\/wp-json\/wp\/v2\/media?parent=1821"}],"wp:term":[{"taxonomy":"product_brand","embeddable":true,"href":"https:\/\/www.amorhomehardware.com\/fr\/wp-json\/wp\/v2\/product_brand?post=1821"},{"taxonomy":"product_cat","embeddable":true,"href":"https:\/\/www.amorhomehardware.com\/fr\/wp-json\/wp\/v2\/product_cat?post=1821"},{"taxonomy":"product_tag","embeddable":true,"href":"https:\/\/www.amorhomehardware.com\/fr\/wp-json\/wp\/v2\/product_tag?post=1821"}],"curies":[{"name":"wp","href":"https:\/\/api.w.org\/{rel}","templated":true}]}}