{"id":1809,"date":"2025-02-11T20:14:55","date_gmt":"2025-02-11T12:14:55","guid":{"rendered":"https:\/\/www.amorhomehardware.com\/?post_type=product&#038;p=1809"},"modified":"2025-02-11T20:20:51","modified_gmt":"2025-02-11T12:20:51","slug":"shelf-storage-rack-kit-for-bathroom-au-2050","status":"publish","type":"product","link":"https:\/\/www.amorhomehardware.com\/fr\/produit\/shelf-storage-rack-kit-for-bathroom-au-2050\/","title":{"rendered":"Kit d'\u00e9tag\u00e8res de rangement pour salle de bains - AU.2050"},"content":{"rendered":"<p>Ce panier de stockage et ce kit de support sont fabriqu\u00e9s en acier inoxydable 304 de haute qualit\u00e9, \u00e9tanche et antirouille.<br \/>\nVis Per\u00e7age Installation<\/p>","protected":false},"excerpt":{"rendered":"<p>Kit d'\u00e9tag\u00e8res de rangement pour salle de bains<br \/>\nMat\u00e9riau :  SUS 304<br \/>\nFinition : Noir<br \/>\nArticles : Porte-serviettes*2, panier de rangement*1, bo\u00eete \u00e0 mouchoirs*1, brosse de toilette et support*1 <\/p>\n<p><strong>Num\u00e9ro d'article : AU.2050<\/strong><\/p>","protected":false},"featured_media":1800,"comment_status":"open","ping_status":"closed","template":"","meta":{"_seopress_robots_primary_cat":"","_seopress_titles_title":"","_seopress_titles_desc":"","_seopress_robots_index":"","_uag_custom_page_level_css":"","_joinchat":[]},"product_brand":[],"product_cat":[65,68,64,63],"product_tag":[],"class_list":{"0":"post-1809","1":"product","2":"type-product","3":"status-publish","4":"has-post-thumbnail","6":"product_cat-other-holders","7":"product_cat-storage-basket","8":"product_cat-tissue-holder","9":"product_cat-towel-shelf","11":"first","12":"instock","13":"shipping-taxable","14":"product-type-simple"},"uagb_featured_image_src":{"full":["https:\/\/www.amorhomehardware.com\/wp-content\/uploads\/2025\/02\/AU.2050-Bathroom-Storage-Rack-Kit.webp",1000,1000,false],"thumbnail":["https:\/\/www.amorhomehardware.com\/wp-content\/uploads\/2025\/02\/AU.2050-Bathroom-Storage-Rack-Kit-150x150.webp",150,150,true],"medium":["https:\/\/www.amorhomehardware.com\/wp-content\/uploads\/2025\/02\/AU.2050-Bathroom-Storage-Rack-Kit-300x300.webp",300,300,true],"medium_large":["https:\/\/www.amorhomehardware.com\/wp-content\/uploads\/2025\/02\/AU.2050-Bathroom-Storage-Rack-Kit-768x768.webp",768,768,true],"large":["https:\/\/www.amorhomehardware.com\/wp-content\/uploads\/2025\/02\/AU.2050-Bathroom-Storage-Rack-Kit.webp",1000,1000,false],"1536x1536":["https:\/\/www.amorhomehardware.com\/wp-content\/uploads\/2025\/02\/AU.2050-Bathroom-Storage-Rack-Kit.webp",1000,1000,false],"2048x2048":["https:\/\/www.amorhomehardware.com\/wp-content\/uploads\/2025\/02\/AU.2050-Bathroom-Storage-Rack-Kit.webp",1000,1000,false],"trp-custom-language-flag":["https:\/\/www.amorhomehardware.com\/wp-content\/uploads\/2025\/02\/AU.2050-Bathroom-Storage-Rack-Kit-12x12.webp",12,12,true],"woocommerce_archive_thumbnail":["https:\/\/www.amorhomehardware.com\/wp-content\/uploads\/2025\/02\/AU.2050-Bathroom-Storage-Rack-Kit-600x600.webp",600,600,true],"woocommerce_thumbnail":["https:\/\/www.amorhomehardware.com\/wp-content\/uploads\/2025\/02\/AU.2050-Bathroom-Storage-Rack-Kit-600x600.webp",600,600,true],"woocommerce_single":["https:\/\/www.amorhomehardware.com\/wp-content\/uploads\/2025\/02\/AU.2050-Bathroom-Storage-Rack-Kit-600x600.webp",600,600,true],"woocommerce_gallery_thumbnail":["https:\/\/www.amorhomehardware.com\/wp-content\/uploads\/2025\/02\/AU.2050-Bathroom-Storage-Rack-Kit-100x100.webp",100,100,true]},"uagb_author_info":{"display_name":"amorhome","author_link":"https:\/\/www.amorhomehardware.com\/fr\/author\/"},"uagb_comment_info":0,"uagb_excerpt":"Shelf Storage Rack Kit For Bathroom Material: SUS 304 Finish: Black Items: Towel Shelf*2, Storage Basket*1, tissue holder Box*1, Toilet Brush & Holder*1 Item No.: AU.2050","_links":{"self":[{"href":"https:\/\/www.amorhomehardware.com\/fr\/wp-json\/wp\/v2\/product\/1809","targetHints":{"allow":["GET"]}}],"collection":[{"href":"https:\/\/www.amorhomehardware.com\/fr\/wp-json\/wp\/v2\/product"}],"about":[{"href":"https:\/\/www.amorhomehardware.com\/fr\/wp-json\/wp\/v2\/types\/product"}],"replies":[{"embeddable":true,"href":"https:\/\/www.amorhomehardware.com\/fr\/wp-json\/wp\/v2\/comments?post=1809"}],"wp:featuredmedia":[{"embeddable":true,"href":"https:\/\/www.amorhomehardware.com\/fr\/wp-json\/wp\/v2\/media\/1800"}],"wp:attachment":[{"href":"https:\/\/www.amorhomehardware.com\/fr\/wp-json\/wp\/v2\/media?parent=1809"}],"wp:term":[{"taxonomy":"product_brand","embeddable":true,"href":"https:\/\/www.amorhomehardware.com\/fr\/wp-json\/wp\/v2\/product_brand?post=1809"},{"taxonomy":"product_cat","embeddable":true,"href":"https:\/\/www.amorhomehardware.com\/fr\/wp-json\/wp\/v2\/product_cat?post=1809"},{"taxonomy":"product_tag","embeddable":true,"href":"https:\/\/www.amorhomehardware.com\/fr\/wp-json\/wp\/v2\/product_tag?post=1809"}],"curies":[{"name":"wp","href":"https:\/\/api.w.org\/{rel}","templated":true}]}}