{"id":1808,"date":"2025-02-11T20:12:35","date_gmt":"2025-02-11T12:12:35","guid":{"rendered":"https:\/\/www.amorhomehardware.com\/?post_type=product&#038;p=1808"},"modified":"2025-02-11T20:15:27","modified_gmt":"2025-02-11T12:15:27","slug":"stainless-steel-wall-mounted-two-layer-storage-basket-au-2103","status":"publish","type":"product","link":"https:\/\/www.amorhomehardware.com\/fr\/produit\/stainless-steel-wall-mounted-two-layer-storage-basket-au-2103\/","title":{"rendered":"Panier de rangement mural \u00e0 deux \u00e9tages en acier inoxydable - AU.2103"},"content":{"rendered":"<p>Ce panier \u00e0 storge est fabriqu\u00e9 en acier inoxydable 304 de haute qualit\u00e9, \u00e9tanche et antirouille.<br \/>\nVis Per\u00e7age Installation<\/p>","protected":false},"excerpt":{"rendered":"<p>Panier de rangement \u00e0 deux \u00e9tages en acier inoxydable \u00c9tag\u00e8res murales pour la cuisine, la salle de bain<br \/>\nMat\u00e9riau :  SUS 304<br \/>\nFinition : Chrome<br \/>\nTaille : 23*23cm<br \/>\nPoids : 1200g<\/p>\n<p><strong>Num\u00e9ro d'article : AU.2103<\/strong><\/p>","protected":false},"featured_media":1796,"comment_status":"open","ping_status":"closed","template":"","meta":{"_seopress_robots_primary_cat":"","_seopress_titles_title":"","_seopress_titles_desc":"","_seopress_robots_index":"","_uag_custom_page_level_css":"","_joinchat":[]},"product_brand":[],"product_cat":[68],"product_tag":[],"class_list":{"0":"post-1808","1":"product","2":"type-product","3":"status-publish","4":"has-post-thumbnail","6":"product_cat-storage-basket","8":"first","9":"instock","10":"shipping-taxable","11":"product-type-simple"},"uagb_featured_image_src":{"full":["https:\/\/www.amorhomehardware.com\/wp-content\/uploads\/2025\/02\/AU.2103-Two-layers-storage-basket.webp",630,630,false],"thumbnail":["https:\/\/www.amorhomehardware.com\/wp-content\/uploads\/2025\/02\/AU.2103-Two-layers-storage-basket-150x150.webp",150,150,true],"medium":["https:\/\/www.amorhomehardware.com\/wp-content\/uploads\/2025\/02\/AU.2103-Two-layers-storage-basket-300x300.webp",300,300,true],"medium_large":["https:\/\/www.amorhomehardware.com\/wp-content\/uploads\/2025\/02\/AU.2103-Two-layers-storage-basket.webp",630,630,false],"large":["https:\/\/www.amorhomehardware.com\/wp-content\/uploads\/2025\/02\/AU.2103-Two-layers-storage-basket.webp",630,630,false],"1536x1536":["https:\/\/www.amorhomehardware.com\/wp-content\/uploads\/2025\/02\/AU.2103-Two-layers-storage-basket.webp",630,630,false],"2048x2048":["https:\/\/www.amorhomehardware.com\/wp-content\/uploads\/2025\/02\/AU.2103-Two-layers-storage-basket.webp",630,630,false],"trp-custom-language-flag":["https:\/\/www.amorhomehardware.com\/wp-content\/uploads\/2025\/02\/AU.2103-Two-layers-storage-basket-12x12.webp",12,12,true],"woocommerce_archive_thumbnail":["https:\/\/www.amorhomehardware.com\/wp-content\/uploads\/2025\/02\/AU.2103-Two-layers-storage-basket-600x600.webp",600,600,true],"woocommerce_thumbnail":["https:\/\/www.amorhomehardware.com\/wp-content\/uploads\/2025\/02\/AU.2103-Two-layers-storage-basket-600x600.webp",600,600,true],"woocommerce_single":["https:\/\/www.amorhomehardware.com\/wp-content\/uploads\/2025\/02\/AU.2103-Two-layers-storage-basket-600x600.webp",600,600,true],"woocommerce_gallery_thumbnail":["https:\/\/www.amorhomehardware.com\/wp-content\/uploads\/2025\/02\/AU.2103-Two-layers-storage-basket-100x100.webp",100,100,true]},"uagb_author_info":{"display_name":"amorhome","author_link":"https:\/\/www.amorhomehardware.com\/fr\/author\/"},"uagb_comment_info":0,"uagb_excerpt":"Stainless Steel Two Layer Storage Basket Wall-mounted Shelves for Kitchen, Bathroom Material: SUS 304 Finish: Chrome Size:23*23cm Weight: 1200g Item No.: AU.2103","_links":{"self":[{"href":"https:\/\/www.amorhomehardware.com\/fr\/wp-json\/wp\/v2\/product\/1808","targetHints":{"allow":["GET"]}}],"collection":[{"href":"https:\/\/www.amorhomehardware.com\/fr\/wp-json\/wp\/v2\/product"}],"about":[{"href":"https:\/\/www.amorhomehardware.com\/fr\/wp-json\/wp\/v2\/types\/product"}],"replies":[{"embeddable":true,"href":"https:\/\/www.amorhomehardware.com\/fr\/wp-json\/wp\/v2\/comments?post=1808"}],"wp:featuredmedia":[{"embeddable":true,"href":"https:\/\/www.amorhomehardware.com\/fr\/wp-json\/wp\/v2\/media\/1796"}],"wp:attachment":[{"href":"https:\/\/www.amorhomehardware.com\/fr\/wp-json\/wp\/v2\/media?parent=1808"}],"wp:term":[{"taxonomy":"product_brand","embeddable":true,"href":"https:\/\/www.amorhomehardware.com\/fr\/wp-json\/wp\/v2\/product_brand?post=1808"},{"taxonomy":"product_cat","embeddable":true,"href":"https:\/\/www.amorhomehardware.com\/fr\/wp-json\/wp\/v2\/product_cat?post=1808"},{"taxonomy":"product_tag","embeddable":true,"href":"https:\/\/www.amorhomehardware.com\/fr\/wp-json\/wp\/v2\/product_tag?post=1808"}],"curies":[{"name":"wp","href":"https:\/\/api.w.org\/{rel}","templated":true}]}}