{"id":1802,"date":"2025-02-11T19:53:20","date_gmt":"2025-02-11T11:53:20","guid":{"rendered":"https:\/\/www.amorhomehardware.com\/?post_type=product&#038;p=1802"},"modified":"2025-02-11T19:55:29","modified_gmt":"2025-02-11T11:55:29","slug":"stainless-steel-adjustable-safety-grab-handle-for-bathroom-au-7002","status":"publish","type":"product","link":"https:\/\/www.amorhomehardware.com\/fr\/produit\/stainless-steel-adjustable-safety-grab-handle-for-bathroom-au-7002\/","title":{"rendered":"Poign\u00e9e de s\u00e9curit\u00e9 r\u00e9glable en acier inoxydable pour salle de bain - AU.7002"},"content":{"rendered":"<p>Cette barre d'appui de s\u00e9curit\u00e9 est fabriqu\u00e9e en acier inoxydable 304 de haute qualit\u00e9, \u00e9tanche et antirouille. Elle peut \u00eatre coll\u00e9e au mur de la salle de bain.<br \/>\nBarre d'appui murale pour les mouvements verticaux uniquement ; facile \u00e0 soulever et \u00e0 abaisser ; pour la stabilit\u00e9 assis-debout<\/p>","protected":false},"excerpt":{"rendered":"<p>Poign\u00e9e de s\u00e9curit\u00e9 en acier inoxydable pour salle de bain<br \/>\nMat\u00e9riau :  SUS 304<br \/>\nFinition : Chrome<br \/>\nTaille : 60*28*8cm<\/p>\n<p><strong>Num\u00e9ro d'article : AU.7002<\/strong><\/p>","protected":false},"featured_media":1799,"comment_status":"open","ping_status":"closed","template":"","meta":{"_seopress_robots_primary_cat":"","_seopress_titles_title":"","_seopress_titles_desc":"","_seopress_robots_index":"","_uag_custom_page_level_css":"","_joinchat":[]},"product_brand":[],"product_cat":[67],"product_tag":[],"class_list":{"0":"post-1802","1":"product","2":"type-product","3":"status-publish","4":"has-post-thumbnail","6":"product_cat-safety-grab-bar","8":"first","9":"instock","10":"shipping-taxable","11":"product-type-simple"},"uagb_featured_image_src":{"full":["https:\/\/www.amorhomehardware.com\/wp-content\/uploads\/2025\/02\/AU.7002-Adjustable-Safety-Grab-Handle.webp",630,630,false],"thumbnail":["https:\/\/www.amorhomehardware.com\/wp-content\/uploads\/2025\/02\/AU.7002-Adjustable-Safety-Grab-Handle-150x150.webp",150,150,true],"medium":["https:\/\/www.amorhomehardware.com\/wp-content\/uploads\/2025\/02\/AU.7002-Adjustable-Safety-Grab-Handle-300x300.webp",300,300,true],"medium_large":["https:\/\/www.amorhomehardware.com\/wp-content\/uploads\/2025\/02\/AU.7002-Adjustable-Safety-Grab-Handle.webp",630,630,false],"large":["https:\/\/www.amorhomehardware.com\/wp-content\/uploads\/2025\/02\/AU.7002-Adjustable-Safety-Grab-Handle.webp",630,630,false],"1536x1536":["https:\/\/www.amorhomehardware.com\/wp-content\/uploads\/2025\/02\/AU.7002-Adjustable-Safety-Grab-Handle.webp",630,630,false],"2048x2048":["https:\/\/www.amorhomehardware.com\/wp-content\/uploads\/2025\/02\/AU.7002-Adjustable-Safety-Grab-Handle.webp",630,630,false],"trp-custom-language-flag":["https:\/\/www.amorhomehardware.com\/wp-content\/uploads\/2025\/02\/AU.7002-Adjustable-Safety-Grab-Handle-12x12.webp",12,12,true],"woocommerce_archive_thumbnail":["https:\/\/www.amorhomehardware.com\/wp-content\/uploads\/2025\/02\/AU.7002-Adjustable-Safety-Grab-Handle-600x600.webp",600,600,true],"woocommerce_thumbnail":["https:\/\/www.amorhomehardware.com\/wp-content\/uploads\/2025\/02\/AU.7002-Adjustable-Safety-Grab-Handle-600x600.webp",600,600,true],"woocommerce_single":["https:\/\/www.amorhomehardware.com\/wp-content\/uploads\/2025\/02\/AU.7002-Adjustable-Safety-Grab-Handle-600x600.webp",600,600,true],"woocommerce_gallery_thumbnail":["https:\/\/www.amorhomehardware.com\/wp-content\/uploads\/2025\/02\/AU.7002-Adjustable-Safety-Grab-Handle-100x100.webp",100,100,true]},"uagb_author_info":{"display_name":"amorhome","author_link":"https:\/\/www.amorhomehardware.com\/fr\/author\/"},"uagb_comment_info":0,"uagb_excerpt":"Stainless Steel Stand Assist Safety Grab Handle for bathroom Material: SUS 304 Finish: Chrome Size: 60*28*8cm Item No.: AU.7002","_links":{"self":[{"href":"https:\/\/www.amorhomehardware.com\/fr\/wp-json\/wp\/v2\/product\/1802","targetHints":{"allow":["GET"]}}],"collection":[{"href":"https:\/\/www.amorhomehardware.com\/fr\/wp-json\/wp\/v2\/product"}],"about":[{"href":"https:\/\/www.amorhomehardware.com\/fr\/wp-json\/wp\/v2\/types\/product"}],"replies":[{"embeddable":true,"href":"https:\/\/www.amorhomehardware.com\/fr\/wp-json\/wp\/v2\/comments?post=1802"}],"wp:featuredmedia":[{"embeddable":true,"href":"https:\/\/www.amorhomehardware.com\/fr\/wp-json\/wp\/v2\/media\/1799"}],"wp:attachment":[{"href":"https:\/\/www.amorhomehardware.com\/fr\/wp-json\/wp\/v2\/media?parent=1802"}],"wp:term":[{"taxonomy":"product_brand","embeddable":true,"href":"https:\/\/www.amorhomehardware.com\/fr\/wp-json\/wp\/v2\/product_brand?post=1802"},{"taxonomy":"product_cat","embeddable":true,"href":"https:\/\/www.amorhomehardware.com\/fr\/wp-json\/wp\/v2\/product_cat?post=1802"},{"taxonomy":"product_tag","embeddable":true,"href":"https:\/\/www.amorhomehardware.com\/fr\/wp-json\/wp\/v2\/product_tag?post=1802"}],"curies":[{"name":"wp","href":"https:\/\/api.w.org\/{rel}","templated":true}]}}