{"id":1785,"date":"2025-02-10T13:50:09","date_gmt":"2025-02-10T05:50:09","guid":{"rendered":"https:\/\/www.amorhomehardware.com\/?post_type=product&#038;p=1785"},"modified":"2025-02-10T13:58:41","modified_gmt":"2025-02-10T05:58:41","slug":"soap-dispenser-soap-liquid-holder-au-6000","status":"publish","type":"product","link":"https:\/\/www.amorhomehardware.com\/fr\/produit\/soap-dispenser-soap-liquid-holder-au-6000\/","title":{"rendered":"Distributeur de savon mural - AU.6000"},"content":{"rendered":"<p>Ce distributeur de savon est dot\u00e9 d'un traitement de surface en nickel bross\u00e9, ce qui permet de l'imperm\u00e9abiliser et de le prot\u00e9ger contre la rouille.<br \/>\nVous pouvez observer \u00e0 tout moment le niveau de liquide restant dans le distributeur de savon mural.<br \/>\nAppuyez l\u00e9g\u00e8rement sur le distributeur rechargeable pour que le liquide s'\u00e9coule uniform\u00e9ment, ce qui est plus confortable \u00e0 utiliser.<\/p>","protected":false},"excerpt":{"rendered":"<p>Distributeur de savon \u00e0 main Porte-savon liquide<br \/>\nMat\u00e9riau :  SUS 304 + plastique<br \/>\nFinition : Chrome\/or\/gris\/noir\/bross\u00e9<br \/>\nCapacit\u00e9 : 250 ml<\/p>\n<p><strong>Num\u00e9ro d'article : AU.6000<\/strong><\/p>","protected":false},"featured_media":1789,"comment_status":"open","ping_status":"closed","template":"","meta":{"_seopress_robots_primary_cat":"","_seopress_titles_title":"","_seopress_titles_desc":"","_seopress_robots_index":"","_uag_custom_page_level_css":"","_joinchat":[]},"product_brand":[],"product_cat":[66],"product_tag":[],"class_list":{"0":"post-1785","1":"product","2":"type-product","3":"status-publish","4":"has-post-thumbnail","6":"product_cat-soap-dispenser","8":"first","9":"instock","10":"shipping-taxable","11":"product-type-simple"},"uagb_featured_image_src":{"full":["https:\/\/www.amorhomehardware.com\/wp-content\/uploads\/2025\/02\/AU.6000-Soap-Dispenser.webp",630,630,false],"thumbnail":["https:\/\/www.amorhomehardware.com\/wp-content\/uploads\/2025\/02\/AU.6000-Soap-Dispenser-150x150.webp",150,150,true],"medium":["https:\/\/www.amorhomehardware.com\/wp-content\/uploads\/2025\/02\/AU.6000-Soap-Dispenser-300x300.webp",300,300,true],"medium_large":["https:\/\/www.amorhomehardware.com\/wp-content\/uploads\/2025\/02\/AU.6000-Soap-Dispenser.webp",630,630,false],"large":["https:\/\/www.amorhomehardware.com\/wp-content\/uploads\/2025\/02\/AU.6000-Soap-Dispenser.webp",630,630,false],"1536x1536":["https:\/\/www.amorhomehardware.com\/wp-content\/uploads\/2025\/02\/AU.6000-Soap-Dispenser.webp",630,630,false],"2048x2048":["https:\/\/www.amorhomehardware.com\/wp-content\/uploads\/2025\/02\/AU.6000-Soap-Dispenser.webp",630,630,false],"trp-custom-language-flag":["https:\/\/www.amorhomehardware.com\/wp-content\/uploads\/2025\/02\/AU.6000-Soap-Dispenser-12x12.webp",12,12,true],"woocommerce_archive_thumbnail":["https:\/\/www.amorhomehardware.com\/wp-content\/uploads\/2025\/02\/AU.6000-Soap-Dispenser-600x600.webp",600,600,true],"woocommerce_thumbnail":["https:\/\/www.amorhomehardware.com\/wp-content\/uploads\/2025\/02\/AU.6000-Soap-Dispenser-600x600.webp",600,600,true],"woocommerce_single":["https:\/\/www.amorhomehardware.com\/wp-content\/uploads\/2025\/02\/AU.6000-Soap-Dispenser-600x600.webp",600,600,true],"woocommerce_gallery_thumbnail":["https:\/\/www.amorhomehardware.com\/wp-content\/uploads\/2025\/02\/AU.6000-Soap-Dispenser-100x100.webp",100,100,true]},"uagb_author_info":{"display_name":"amorhome","author_link":"https:\/\/www.amorhomehardware.com\/fr\/author\/"},"uagb_comment_info":0,"uagb_excerpt":"Soap Dispenser Hand Dish Soap Liquid Holder Material: SUS 304 + Plastic Finish: Chrome\/Gold\/Grey\/Black\/Brushed Capacity:250ml Item No.: AU.6000","_links":{"self":[{"href":"https:\/\/www.amorhomehardware.com\/fr\/wp-json\/wp\/v2\/product\/1785","targetHints":{"allow":["GET"]}}],"collection":[{"href":"https:\/\/www.amorhomehardware.com\/fr\/wp-json\/wp\/v2\/product"}],"about":[{"href":"https:\/\/www.amorhomehardware.com\/fr\/wp-json\/wp\/v2\/types\/product"}],"replies":[{"embeddable":true,"href":"https:\/\/www.amorhomehardware.com\/fr\/wp-json\/wp\/v2\/comments?post=1785"}],"wp:featuredmedia":[{"embeddable":true,"href":"https:\/\/www.amorhomehardware.com\/fr\/wp-json\/wp\/v2\/media\/1789"}],"wp:attachment":[{"href":"https:\/\/www.amorhomehardware.com\/fr\/wp-json\/wp\/v2\/media?parent=1785"}],"wp:term":[{"taxonomy":"product_brand","embeddable":true,"href":"https:\/\/www.amorhomehardware.com\/fr\/wp-json\/wp\/v2\/product_brand?post=1785"},{"taxonomy":"product_cat","embeddable":true,"href":"https:\/\/www.amorhomehardware.com\/fr\/wp-json\/wp\/v2\/product_cat?post=1785"},{"taxonomy":"product_tag","embeddable":true,"href":"https:\/\/www.amorhomehardware.com\/fr\/wp-json\/wp\/v2\/product_tag?post=1785"}],"curies":[{"name":"wp","href":"https:\/\/api.w.org\/{rel}","templated":true}]}}