{"id":1726,"date":"2025-02-07T20:26:43","date_gmt":"2025-02-07T12:26:43","guid":{"rendered":"https:\/\/www.amorhomehardware.com\/?post_type=product&#038;p=1726"},"modified":"2025-02-07T20:27:55","modified_gmt":"2025-02-07T12:27:55","slug":"stainless-steel-floor-drainer-au-0102","status":"publish","type":"product","link":"https:\/\/www.amorhomehardware.com\/fr\/produit\/stainless-steel-floor-drainer-au-0102\/","title":{"rendered":"\u00c9gouttoir de sol en acier inoxydable - AU.0102"},"content":{"rendered":"<p>Amorhome Les siphons de sol sont indispensables dans de nombreux endroits, notamment les restaurants, les centres commerciaux, les spas et les salles de sport.<br \/>\nIl est install\u00e9 pour pr\u00e9venir les d\u00e9g\u00e2ts des eaux et l'eau stagnante. On les trouve souvent dans les endroits o\u00f9 l'on utilise beaucoup d'eau, comme les cuisines, les salles de bains et les sous-sols.<br \/>\nFloor drains can be round, square, or rectangular, typically 2\u201312 inches in diameter for option.<\/p>","protected":false},"excerpt":{"rendered":"<p>Siphon de sol en acier inoxydable Siphon de sol int\u00e9rieur<br \/>\nMat\u00e9riau :  SUS 201<br \/>\nFinition : bross\u00e9<br \/>\nTaille : 10*10\/12*12\/15*15cm <\/p>\n<p>Num\u00e9ro d'article : AU.0102<\/p>","protected":false},"featured_media":1714,"comment_status":"open","ping_status":"closed","template":"","meta":{"_seopress_robots_primary_cat":"","_seopress_titles_title":"","_seopress_titles_desc":"","_seopress_robots_index":"","_uag_custom_page_level_css":"","_joinchat":[]},"product_brand":[],"product_cat":[15],"product_tag":[],"class_list":{"0":"post-1726","1":"product","2":"type-product","3":"status-publish","4":"has-post-thumbnail","6":"product_cat-floor-drain","8":"first","9":"instock","10":"shipping-taxable","11":"product-type-simple"},"uagb_featured_image_src":{"full":["https:\/\/www.amorhomehardware.com\/wp-content\/uploads\/2025\/02\/AU.0102-stainless-steel-floor-drainer.webp",630,630,false],"thumbnail":["https:\/\/www.amorhomehardware.com\/wp-content\/uploads\/2025\/02\/AU.0102-stainless-steel-floor-drainer-150x150.webp",150,150,true],"medium":["https:\/\/www.amorhomehardware.com\/wp-content\/uploads\/2025\/02\/AU.0102-stainless-steel-floor-drainer-300x300.webp",300,300,true],"medium_large":["https:\/\/www.amorhomehardware.com\/wp-content\/uploads\/2025\/02\/AU.0102-stainless-steel-floor-drainer.webp",630,630,false],"large":["https:\/\/www.amorhomehardware.com\/wp-content\/uploads\/2025\/02\/AU.0102-stainless-steel-floor-drainer.webp",630,630,false],"1536x1536":["https:\/\/www.amorhomehardware.com\/wp-content\/uploads\/2025\/02\/AU.0102-stainless-steel-floor-drainer.webp",630,630,false],"2048x2048":["https:\/\/www.amorhomehardware.com\/wp-content\/uploads\/2025\/02\/AU.0102-stainless-steel-floor-drainer.webp",630,630,false],"trp-custom-language-flag":["https:\/\/www.amorhomehardware.com\/wp-content\/uploads\/2025\/02\/AU.0102-stainless-steel-floor-drainer-12x12.webp",12,12,true],"woocommerce_archive_thumbnail":["https:\/\/www.amorhomehardware.com\/wp-content\/uploads\/2025\/02\/AU.0102-stainless-steel-floor-drainer-600x600.webp",600,600,true],"woocommerce_thumbnail":["https:\/\/www.amorhomehardware.com\/wp-content\/uploads\/2025\/02\/AU.0102-stainless-steel-floor-drainer-600x600.webp",600,600,true],"woocommerce_single":["https:\/\/www.amorhomehardware.com\/wp-content\/uploads\/2025\/02\/AU.0102-stainless-steel-floor-drainer-600x600.webp",600,600,true],"woocommerce_gallery_thumbnail":["https:\/\/www.amorhomehardware.com\/wp-content\/uploads\/2025\/02\/AU.0102-stainless-steel-floor-drainer-100x100.webp",100,100,true]},"uagb_author_info":{"display_name":"amorhome","author_link":"https:\/\/www.amorhomehardware.com\/fr\/author\/"},"uagb_comment_info":0,"uagb_excerpt":"Stainless Steel Floor Drain Indoor Floor Drainer Material: SUS 201 Finish: Brushed Size: 10*10\/12*12\/15*15cm Item No.: AU.0102","_links":{"self":[{"href":"https:\/\/www.amorhomehardware.com\/fr\/wp-json\/wp\/v2\/product\/1726","targetHints":{"allow":["GET"]}}],"collection":[{"href":"https:\/\/www.amorhomehardware.com\/fr\/wp-json\/wp\/v2\/product"}],"about":[{"href":"https:\/\/www.amorhomehardware.com\/fr\/wp-json\/wp\/v2\/types\/product"}],"replies":[{"embeddable":true,"href":"https:\/\/www.amorhomehardware.com\/fr\/wp-json\/wp\/v2\/comments?post=1726"}],"wp:featuredmedia":[{"embeddable":true,"href":"https:\/\/www.amorhomehardware.com\/fr\/wp-json\/wp\/v2\/media\/1714"}],"wp:attachment":[{"href":"https:\/\/www.amorhomehardware.com\/fr\/wp-json\/wp\/v2\/media?parent=1726"}],"wp:term":[{"taxonomy":"product_brand","embeddable":true,"href":"https:\/\/www.amorhomehardware.com\/fr\/wp-json\/wp\/v2\/product_brand?post=1726"},{"taxonomy":"product_cat","embeddable":true,"href":"https:\/\/www.amorhomehardware.com\/fr\/wp-json\/wp\/v2\/product_cat?post=1726"},{"taxonomy":"product_tag","embeddable":true,"href":"https:\/\/www.amorhomehardware.com\/fr\/wp-json\/wp\/v2\/product_tag?post=1726"}],"curies":[{"name":"wp","href":"https:\/\/api.w.org\/{rel}","templated":true}]}}