{"id":1295,"date":"2025-01-18T03:22:41","date_gmt":"2025-01-17T19:22:41","guid":{"rendered":"https:\/\/www.amorhomehardware.com\/?post_type=product&#038;p=1295"},"modified":"2025-02-07T20:45:08","modified_gmt":"2025-02-07T12:45:08","slug":"pull-out-folding-table-system-as-6400","status":"publish","type":"product","link":"https:\/\/www.amorhomehardware.com\/fr\/produit\/pull-out-folding-table-system-as-6400\/","title":{"rendered":"Syst\u00e8me de table pliante extractible - AS.6400"},"content":{"rendered":"<p>\u3010Material\u3011 The multi-section telescopic slide is made of high-quality aluminum alloy + cold-rolled steel which makes sure the anti-rust ability and high durable quality.<br \/>\n\u3010Design\u3011 The width of a single section track is 52mm, the thickness is 2mm, and the length is 400mm. The total length can be customized, and the longest can be 4M<br \/>\n\u3010Application\u3011 Can be used as a dining table, conference table<\/p>","protected":false},"excerpt":{"rendered":"<p>Syst\u00e8me de table pliante extractible Glissi\u00e8re t\u00e9lescopique multi-sections pour table Long Ding<br \/>\nMat\u00e9riau : Alliage d'aluminium + acier lamin\u00e9 \u00e0 froid<br \/>\nLargeur : 52 mm, \u00e9paisseur : 2 mm<br \/>\nFinition : mat<br \/>\nTaille : 400*1800MM \/400*2415MM \/400*3085MM\/ 400*3500MM\/ 400*4000MM<\/p>\n<p>Num\u00e9ro d'article : AS.6400<\/p>","protected":false},"featured_media":1167,"comment_status":"closed","ping_status":"closed","template":"","meta":{"_seopress_robots_primary_cat":"","_seopress_titles_title":"","_seopress_titles_desc":"","_seopress_robots_index":"","_uag_custom_page_level_css":"","_joinchat":[]},"product_brand":[],"product_cat":[23],"product_tag":[],"class_list":{"0":"post-1295","1":"product","2":"type-product","3":"status-publish","4":"has-post-thumbnail","6":"product_cat-connectors-brackets","8":"first","9":"instock","10":"shipping-taxable","11":"product-type-simple"},"uagb_featured_image_src":{"full":["https:\/\/www.amorhomehardware.com\/wp-content\/uploads\/2022\/04\/table-slide.webp",1600,1200,false],"thumbnail":["https:\/\/www.amorhomehardware.com\/wp-content\/uploads\/2022\/04\/table-slide-150x150.webp",150,150,true],"medium":["https:\/\/www.amorhomehardware.com\/wp-content\/uploads\/2022\/04\/table-slide-300x225.webp",300,225,true],"medium_large":["https:\/\/www.amorhomehardware.com\/wp-content\/uploads\/2022\/04\/table-slide-768x576.webp",768,576,true],"large":["https:\/\/www.amorhomehardware.com\/wp-content\/uploads\/2022\/04\/table-slide-1024x768.webp",1024,768,true],"1536x1536":["https:\/\/www.amorhomehardware.com\/wp-content\/uploads\/2022\/04\/table-slide-1536x1152.webp",1536,1152,true],"2048x2048":["https:\/\/www.amorhomehardware.com\/wp-content\/uploads\/2022\/04\/table-slide.webp",1600,1200,false],"trp-custom-language-flag":["https:\/\/www.amorhomehardware.com\/wp-content\/uploads\/2022\/04\/table-slide.webp",16,12,false],"woocommerce_archive_thumbnail":["https:\/\/www.amorhomehardware.com\/wp-content\/uploads\/2022\/04\/table-slide-600x600.webp",600,600,true],"woocommerce_thumbnail":["https:\/\/www.amorhomehardware.com\/wp-content\/uploads\/2022\/04\/table-slide-600x600.webp",600,600,true],"woocommerce_single":["https:\/\/www.amorhomehardware.com\/wp-content\/uploads\/2022\/04\/table-slide-600x450.webp",600,450,true],"woocommerce_gallery_thumbnail":["https:\/\/www.amorhomehardware.com\/wp-content\/uploads\/2022\/04\/table-slide-100x100.webp",100,100,true]},"uagb_author_info":{"display_name":"amorhome","author_link":"https:\/\/www.amorhomehardware.com\/fr\/author\/"},"uagb_comment_info":0,"uagb_excerpt":"Pull out folding table system Multi-Section telescopic slide for Long Ding Table Material: Aluminum Alloy+Cold Rolled Steel Width: 52mm, Thickness: 2mm Finish: matt Size: 400*1800MM \/400*2415MM \/400*3085MM\/ 400*3500MM\/ 400*4000MM Item No.: AS.6400","_links":{"self":[{"href":"https:\/\/www.amorhomehardware.com\/fr\/wp-json\/wp\/v2\/product\/1295","targetHints":{"allow":["GET"]}}],"collection":[{"href":"https:\/\/www.amorhomehardware.com\/fr\/wp-json\/wp\/v2\/product"}],"about":[{"href":"https:\/\/www.amorhomehardware.com\/fr\/wp-json\/wp\/v2\/types\/product"}],"replies":[{"embeddable":true,"href":"https:\/\/www.amorhomehardware.com\/fr\/wp-json\/wp\/v2\/comments?post=1295"}],"wp:featuredmedia":[{"embeddable":true,"href":"https:\/\/www.amorhomehardware.com\/fr\/wp-json\/wp\/v2\/media\/1167"}],"wp:attachment":[{"href":"https:\/\/www.amorhomehardware.com\/fr\/wp-json\/wp\/v2\/media?parent=1295"}],"wp:term":[{"taxonomy":"product_brand","embeddable":true,"href":"https:\/\/www.amorhomehardware.com\/fr\/wp-json\/wp\/v2\/product_brand?post=1295"},{"taxonomy":"product_cat","embeddable":true,"href":"https:\/\/www.amorhomehardware.com\/fr\/wp-json\/wp\/v2\/product_cat?post=1295"},{"taxonomy":"product_tag","embeddable":true,"href":"https:\/\/www.amorhomehardware.com\/fr\/wp-json\/wp\/v2\/product_tag?post=1295"}],"curies":[{"name":"wp","href":"https:\/\/api.w.org\/{rel}","templated":true}]}}