{"id":1081,"date":"2024-12-31T15:56:53","date_gmt":"2024-12-31T07:56:53","guid":{"rendered":"https:\/\/www.amorhomehardware.com\/?post_type=product&#038;p=1081"},"modified":"2025-01-20T02:12:38","modified_gmt":"2025-01-19T18:12:38","slug":"hydraulic-flap-stay-lift-support-for-cabinet","status":"publish","type":"product","link":"https:\/\/www.amorhomehardware.com\/fr\/produit\/hydraulic-flap-stay-lift-support-for-cabinet\/","title":{"rendered":"Support de levage hydraulique pour armoire - AY.3001"},"content":{"rendered":"<p>\u3010Feature\u3011Hydraulic Flap Stay arm for easy flap and it can stop at any position above 30 degrees and self-close the opening angle less than 30 degrees.<br \/>\n\u3010Application\u3011 The lift-up flap system is widely used in Kitchens, home offices, living rooms, bedrooms, apartment cabinets, closets, etc<\/p>","protected":false},"excerpt":{"rendered":"<p>Bras de levage hydraulique pour armoires de cuisine<br \/>\nMat\u00e9riau : Alliage de zinc + fer + plastique<br \/>\nFinition : Gris<br \/>\nConvient aux armoires de largeur 400-700mm (portes de 3-4kgs), 700-900mm (portes de 4-5kgs) avec 1 pi\u00e8ce d'\u00e9tai ; et 900mm-1200mm (portes de 6-8kgs), 1200mm-1600mm (8-10kgs) avec 2 pi\u00e8ces d'\u00e9tai.<\/p>\n<p>Num\u00e9ro d'article : AY.3001<\/p>","protected":false},"featured_media":1414,"comment_status":"closed","ping_status":"closed","template":"","meta":{"_seopress_robots_primary_cat":"","_seopress_titles_title":"","_seopress_titles_desc":"","_seopress_robots_index":"","_uag_custom_page_level_css":"","_joinchat":[]},"product_brand":[],"product_cat":[20,58],"product_tag":[],"class_list":{"0":"post-1081","1":"product","2":"type-product","3":"status-publish","4":"has-post-thumbnail","6":"product_cat-kitchen-fittings","7":"product_cat-support-stays","9":"first","10":"instock","11":"shipping-taxable","12":"product-type-simple"},"uagb_featured_image_src":{"full":["https:\/\/www.amorhomehardware.com\/wp-content\/uploads\/2024\/12\/AY.3001-Hydraulic-flap-stay_1240x1360px.webp",1240,1360,false],"thumbnail":["https:\/\/www.amorhomehardware.com\/wp-content\/uploads\/2024\/12\/AY.3001-Hydraulic-flap-stay_1240x1360px-150x150.webp",150,150,true],"medium":["https:\/\/www.amorhomehardware.com\/wp-content\/uploads\/2024\/12\/AY.3001-Hydraulic-flap-stay_1240x1360px-274x300.webp",274,300,true],"medium_large":["https:\/\/www.amorhomehardware.com\/wp-content\/uploads\/2024\/12\/AY.3001-Hydraulic-flap-stay_1240x1360px-768x842.webp",768,842,true],"large":["https:\/\/www.amorhomehardware.com\/wp-content\/uploads\/2024\/12\/AY.3001-Hydraulic-flap-stay_1240x1360px-934x1024.webp",934,1024,true],"1536x1536":["https:\/\/www.amorhomehardware.com\/wp-content\/uploads\/2024\/12\/AY.3001-Hydraulic-flap-stay_1240x1360px.webp",1240,1360,false],"2048x2048":["https:\/\/www.amorhomehardware.com\/wp-content\/uploads\/2024\/12\/AY.3001-Hydraulic-flap-stay_1240x1360px.webp",1240,1360,false],"trp-custom-language-flag":["https:\/\/www.amorhomehardware.com\/wp-content\/uploads\/2024\/12\/AY.3001-Hydraulic-flap-stay_1240x1360px.webp",11,12,false],"woocommerce_archive_thumbnail":["https:\/\/www.amorhomehardware.com\/wp-content\/uploads\/2024\/12\/AY.3001-Hydraulic-flap-stay_1240x1360px-600x600.webp",600,600,true],"woocommerce_thumbnail":["https:\/\/www.amorhomehardware.com\/wp-content\/uploads\/2024\/12\/AY.3001-Hydraulic-flap-stay_1240x1360px-600x600.webp",600,600,true],"woocommerce_single":["https:\/\/www.amorhomehardware.com\/wp-content\/uploads\/2024\/12\/AY.3001-Hydraulic-flap-stay_1240x1360px-600x658.webp",600,658,true],"woocommerce_gallery_thumbnail":["https:\/\/www.amorhomehardware.com\/wp-content\/uploads\/2024\/12\/AY.3001-Hydraulic-flap-stay_1240x1360px-100x100.webp",100,100,true]},"uagb_author_info":{"display_name":"amorhome","author_link":"https:\/\/www.amorhomehardware.com\/fr\/author\/"},"uagb_comment_info":0,"uagb_excerpt":"Hydraulic Flap Stay Kitchen Cabinet Lift-Up Flap Arm Material: Zinc Alloy + Iron + Plastic Finish: Grey Suitable for cabinet in width 400-700mm(3-4kgs doors), 700-900mm(4-5kg doors) with 1 piece of stay; and 900mm-1200mm(6-8kg doors), 1200mm-1600mm(8-10kgs) with 2 pieces of stay. Item No.: AY.3001","_links":{"self":[{"href":"https:\/\/www.amorhomehardware.com\/fr\/wp-json\/wp\/v2\/product\/1081","targetHints":{"allow":["GET"]}}],"collection":[{"href":"https:\/\/www.amorhomehardware.com\/fr\/wp-json\/wp\/v2\/product"}],"about":[{"href":"https:\/\/www.amorhomehardware.com\/fr\/wp-json\/wp\/v2\/types\/product"}],"replies":[{"embeddable":true,"href":"https:\/\/www.amorhomehardware.com\/fr\/wp-json\/wp\/v2\/comments?post=1081"}],"wp:featuredmedia":[{"embeddable":true,"href":"https:\/\/www.amorhomehardware.com\/fr\/wp-json\/wp\/v2\/media\/1414"}],"wp:attachment":[{"href":"https:\/\/www.amorhomehardware.com\/fr\/wp-json\/wp\/v2\/media?parent=1081"}],"wp:term":[{"taxonomy":"product_brand","embeddable":true,"href":"https:\/\/www.amorhomehardware.com\/fr\/wp-json\/wp\/v2\/product_brand?post=1081"},{"taxonomy":"product_cat","embeddable":true,"href":"https:\/\/www.amorhomehardware.com\/fr\/wp-json\/wp\/v2\/product_cat?post=1081"},{"taxonomy":"product_tag","embeddable":true,"href":"https:\/\/www.amorhomehardware.com\/fr\/wp-json\/wp\/v2\/product_tag?post=1081"}],"curies":[{"name":"wp","href":"https:\/\/api.w.org\/{rel}","templated":true}]}}