{"id":1073,"date":"2024-12-31T15:34:39","date_gmt":"2024-12-31T07:34:39","guid":{"rendered":"https:\/\/www.amorhomehardware.com\/?post_type=product&#038;p=1073"},"modified":"2025-01-20T02:20:37","modified_gmt":"2025-01-19T18:20:37","slug":"magnetic-head-touch-open-system-touch-catch-latch","status":"publish","type":"product","link":"https:\/\/www.amorhomehardware.com\/fr\/produit\/magnetic-head-touch-open-system-touch-catch-latch\/","title":{"rendered":"Syst\u00e8me d'ouverture tactile \u00e0 t\u00eate magn\u00e9tique - AT.2102"},"content":{"rendered":"<p>\u3010Function\u3011These Push Open Systems have a magnetic head at one end, and the suction is closer when the cabinet door is closed<br \/>\n\u3010Application\u3011Push to open systems are used in cabinets, drawers, and other furniture which replace the handle (no need to mount handle anymore)<\/p>","protected":false},"excerpt":{"rendered":"<p>Liner base Magnetic Touch Catch Latch Push To Open System Damper Buffer for Cabinet Door Cupboard<br \/>\nMat\u00e9riau : Plastique + fer<br \/>\nFinition : Blanc \/ Gris<br \/>\nAccessoires : Anneau + vis + cheville (en option)<\/p>\n<p>Num\u00e9ro d'article : AT.2102<\/p>","protected":false},"featured_media":1440,"comment_status":"closed","ping_status":"closed","template":"","meta":{"_seopress_robots_primary_cat":"","_seopress_titles_title":"","_seopress_titles_desc":"","_seopress_robots_index":"","_uag_custom_page_level_css":"","_joinchat":[]},"product_brand":[],"product_cat":[23,62],"product_tag":[],"class_list":{"0":"post-1073","1":"product","2":"type-product","3":"status-publish","4":"has-post-thumbnail","6":"product_cat-connectors-brackets","7":"product_cat-push-open-system","9":"first","10":"instock","11":"shipping-taxable","12":"product-type-simple"},"uagb_featured_image_src":{"full":["https:\/\/www.amorhomehardware.com\/wp-content\/uploads\/2024\/12\/AT.2102-push-open-system.png",1240,1360,false],"thumbnail":["https:\/\/www.amorhomehardware.com\/wp-content\/uploads\/2024\/12\/AT.2102-push-open-system-150x150.png",150,150,true],"medium":["https:\/\/www.amorhomehardware.com\/wp-content\/uploads\/2024\/12\/AT.2102-push-open-system-274x300.png",274,300,true],"medium_large":["https:\/\/www.amorhomehardware.com\/wp-content\/uploads\/2024\/12\/AT.2102-push-open-system-768x842.png",768,842,true],"large":["https:\/\/www.amorhomehardware.com\/wp-content\/uploads\/2024\/12\/AT.2102-push-open-system-934x1024.png",934,1024,true],"1536x1536":["https:\/\/www.amorhomehardware.com\/wp-content\/uploads\/2024\/12\/AT.2102-push-open-system.png",1240,1360,false],"2048x2048":["https:\/\/www.amorhomehardware.com\/wp-content\/uploads\/2024\/12\/AT.2102-push-open-system.png",1240,1360,false],"trp-custom-language-flag":["https:\/\/www.amorhomehardware.com\/wp-content\/uploads\/2024\/12\/AT.2102-push-open-system.png",11,12,false],"woocommerce_archive_thumbnail":["https:\/\/www.amorhomehardware.com\/wp-content\/uploads\/2024\/12\/AT.2102-push-open-system-600x600.png",600,600,true],"woocommerce_thumbnail":["https:\/\/www.amorhomehardware.com\/wp-content\/uploads\/2024\/12\/AT.2102-push-open-system-600x600.png",600,600,true],"woocommerce_single":["https:\/\/www.amorhomehardware.com\/wp-content\/uploads\/2024\/12\/AT.2102-push-open-system-600x658.png",600,658,true],"woocommerce_gallery_thumbnail":["https:\/\/www.amorhomehardware.com\/wp-content\/uploads\/2024\/12\/AT.2102-push-open-system-100x100.png",100,100,true]},"uagb_author_info":{"display_name":"amorhome","author_link":"https:\/\/www.amorhomehardware.com\/fr\/author\/"},"uagb_comment_info":0,"uagb_excerpt":"Liner base Magnetic Touch Catch Latch Push To Open System Damper Buffer for Cabinet Door Cupboard Material: Plastic + Iron Finish: White \/ Grey Accessories: Ring + Screw + Dowel(optional) Item No.: AT.2102","_links":{"self":[{"href":"https:\/\/www.amorhomehardware.com\/fr\/wp-json\/wp\/v2\/product\/1073","targetHints":{"allow":["GET"]}}],"collection":[{"href":"https:\/\/www.amorhomehardware.com\/fr\/wp-json\/wp\/v2\/product"}],"about":[{"href":"https:\/\/www.amorhomehardware.com\/fr\/wp-json\/wp\/v2\/types\/product"}],"replies":[{"embeddable":true,"href":"https:\/\/www.amorhomehardware.com\/fr\/wp-json\/wp\/v2\/comments?post=1073"}],"wp:featuredmedia":[{"embeddable":true,"href":"https:\/\/www.amorhomehardware.com\/fr\/wp-json\/wp\/v2\/media\/1440"}],"wp:attachment":[{"href":"https:\/\/www.amorhomehardware.com\/fr\/wp-json\/wp\/v2\/media?parent=1073"}],"wp:term":[{"taxonomy":"product_brand","embeddable":true,"href":"https:\/\/www.amorhomehardware.com\/fr\/wp-json\/wp\/v2\/product_brand?post=1073"},{"taxonomy":"product_cat","embeddable":true,"href":"https:\/\/www.amorhomehardware.com\/fr\/wp-json\/wp\/v2\/product_cat?post=1073"},{"taxonomy":"product_tag","embeddable":true,"href":"https:\/\/www.amorhomehardware.com\/fr\/wp-json\/wp\/v2\/product_tag?post=1073"}],"curies":[{"name":"wp","href":"https:\/\/api.w.org\/{rel}","templated":true}]}}