{"id":1060,"date":"2024-12-31T15:15:16","date_gmt":"2024-12-31T07:15:16","guid":{"rendered":"https:\/\/www.amorhomehardware.com\/?post_type=product&#038;p=1060"},"modified":"2025-01-20T02:28:55","modified_gmt":"2025-01-19T18:28:55","slug":"shelf-support-kitchen-cabinets-steel-pegs-%e5%a4%8d%e5%88%b6","status":"publish","type":"product","link":"https:\/\/www.amorhomehardware.com\/fr\/produit\/shelf-support-kitchen-cabinets-steel-pegs-%e5%a4%8d%e5%88%b6\/","title":{"rendered":"Support d'\u00e9tag\u00e8re pour armoires de cuisine Chevilles en acier - AC.0002"},"content":{"rendered":"<p>\u3010Function\u3011Fit into equally spaced holes on bookcase or cabinet sides to produce adjustable shelf supports.<br \/>\n\u3010Application\u3011 it can be applied to wooden or glass shelves such as wardrobes, cabinets, racks, bookcases, and entertainment centers.<\/p>","protected":false},"excerpt":{"rendered":"<p>Support d'\u00e9tag\u00e8re pour armoires de cuisine Chevilles en acier Supports d'\u00e9tag\u00e8res Quincaillerie d'ameublement Placard Armoire Penderie Etag\u00e8re Pins<br \/>\nMat\u00e9riau : Acier<br \/>\nFinition : Nickel<br \/>\nTaille : 5*16\/20mm ; 6*17\/20mm<\/p>\n<p>Num\u00e9ro d'article : AC.0002<\/p>","protected":false},"featured_media":1446,"comment_status":"closed","ping_status":"closed","template":"","meta":{"_seopress_robots_primary_cat":"","_seopress_titles_title":"","_seopress_titles_desc":"","_seopress_robots_index":"","_uag_custom_page_level_css":"","_joinchat":[]},"product_brand":[],"product_cat":[23,54],"product_tag":[],"class_list":{"0":"post-1060","1":"product","2":"type-product","3":"status-publish","4":"has-post-thumbnail","6":"product_cat-connectors-brackets","7":"product_cat-shelf-support","9":"first","10":"instock","11":"shipping-taxable","12":"product-type-simple"},"uagb_featured_image_src":{"full":["https:\/\/www.amorhomehardware.com\/wp-content\/uploads\/2024\/12\/AC.0002-shelf-support.webp",1240,1360,false],"thumbnail":["https:\/\/www.amorhomehardware.com\/wp-content\/uploads\/2024\/12\/AC.0002-shelf-support-150x150.webp",150,150,true],"medium":["https:\/\/www.amorhomehardware.com\/wp-content\/uploads\/2024\/12\/AC.0002-shelf-support-274x300.webp",274,300,true],"medium_large":["https:\/\/www.amorhomehardware.com\/wp-content\/uploads\/2024\/12\/AC.0002-shelf-support-768x842.webp",768,842,true],"large":["https:\/\/www.amorhomehardware.com\/wp-content\/uploads\/2024\/12\/AC.0002-shelf-support-934x1024.webp",934,1024,true],"1536x1536":["https:\/\/www.amorhomehardware.com\/wp-content\/uploads\/2024\/12\/AC.0002-shelf-support.webp",1240,1360,false],"2048x2048":["https:\/\/www.amorhomehardware.com\/wp-content\/uploads\/2024\/12\/AC.0002-shelf-support.webp",1240,1360,false],"trp-custom-language-flag":["https:\/\/www.amorhomehardware.com\/wp-content\/uploads\/2024\/12\/AC.0002-shelf-support.webp",11,12,false],"woocommerce_archive_thumbnail":["https:\/\/www.amorhomehardware.com\/wp-content\/uploads\/2024\/12\/AC.0002-shelf-support-600x600.webp",600,600,true],"woocommerce_thumbnail":["https:\/\/www.amorhomehardware.com\/wp-content\/uploads\/2024\/12\/AC.0002-shelf-support-600x600.webp",600,600,true],"woocommerce_single":["https:\/\/www.amorhomehardware.com\/wp-content\/uploads\/2024\/12\/AC.0002-shelf-support-600x658.webp",600,658,true],"woocommerce_gallery_thumbnail":["https:\/\/www.amorhomehardware.com\/wp-content\/uploads\/2024\/12\/AC.0002-shelf-support-100x100.webp",100,100,true]},"uagb_author_info":{"display_name":"amorhome","author_link":"https:\/\/www.amorhomehardware.com\/fr\/author\/"},"uagb_comment_info":0,"uagb_excerpt":"Shelf Support Kitchen Cabinets Steel Pegs Shelves Bracket Holder Furniture Hardware Cupboard Cabinet Wardrobe Shelf Pins Material: Steel Finish: Nickel Size: 5*16\/20mm; 6*17\/20mm Item No.: AC.0002","_links":{"self":[{"href":"https:\/\/www.amorhomehardware.com\/fr\/wp-json\/wp\/v2\/product\/1060","targetHints":{"allow":["GET"]}}],"collection":[{"href":"https:\/\/www.amorhomehardware.com\/fr\/wp-json\/wp\/v2\/product"}],"about":[{"href":"https:\/\/www.amorhomehardware.com\/fr\/wp-json\/wp\/v2\/types\/product"}],"replies":[{"embeddable":true,"href":"https:\/\/www.amorhomehardware.com\/fr\/wp-json\/wp\/v2\/comments?post=1060"}],"wp:featuredmedia":[{"embeddable":true,"href":"https:\/\/www.amorhomehardware.com\/fr\/wp-json\/wp\/v2\/media\/1446"}],"wp:attachment":[{"href":"https:\/\/www.amorhomehardware.com\/fr\/wp-json\/wp\/v2\/media?parent=1060"}],"wp:term":[{"taxonomy":"product_brand","embeddable":true,"href":"https:\/\/www.amorhomehardware.com\/fr\/wp-json\/wp\/v2\/product_brand?post=1060"},{"taxonomy":"product_cat","embeddable":true,"href":"https:\/\/www.amorhomehardware.com\/fr\/wp-json\/wp\/v2\/product_cat?post=1060"},{"taxonomy":"product_tag","embeddable":true,"href":"https:\/\/www.amorhomehardware.com\/fr\/wp-json\/wp\/v2\/product_tag?post=1060"}],"curies":[{"name":"wp","href":"https:\/\/api.w.org\/{rel}","templated":true}]}}