{"id":1034,"date":"2024-12-31T14:19:26","date_gmt":"2024-12-31T06:19:26","guid":{"rendered":"https:\/\/www.amorhomehardware.com\/?post_type=product&#038;p=1034"},"modified":"2025-02-15T18:45:37","modified_gmt":"2025-02-15T10:45:37","slug":"stainless-steel-furniture-feet-metal-sofa-legs-adjustable-cabinet-feet-2","status":"publish","type":"product","link":"https:\/\/www.amorhomehardware.com\/fr\/produit\/stainless-steel-furniture-feet-metal-sofa-legs-adjustable-cabinet-feet-2\/","title":{"rendered":"Pieds de meubles en acier inoxydable Pieds de canap\u00e9 en m\u00e9tal Pieds d'armoire r\u00e9glables - AF.4102"},"content":{"rendered":"<p>\u3010Design\u3011Flexible Height Adjustment: Designed with 0-15mm adjustable height, the adjustable furniture legs are flexible and practical for various furniture and stable installation with 4 mounting holes screwing on.<br \/>\n\u3010Application\u3011The table legs are very suitable for most home furniture, such as sofas, couches, chairs, desks, tables, beds, cabinets, TV stands, dressers, bookshelves, love seats, ottomans, cupboards, and other DIY furniture<\/p>","protected":false},"excerpt":{"rendered":"<p>Pieds de meubles en acier inoxydable Pieds de canap\u00e9 en m\u00e9tal Pieds d'armoire r\u00e9glables Pieds de table \u00e0 caf\u00e9 de remplacement<br \/>\nMat\u00e9riau : Acier inoxydable<br \/>\nFinition : Satin<br \/>\nTaille : Diam\u00e8tre de la plaque de base 81 mm<br \/>\nTaille des pieds : D50*H80\/H100\/120\/150mm<\/p>\n<p>Num\u00e9ro d'article : AF.4102<\/p>","protected":false},"featured_media":1467,"comment_status":"closed","ping_status":"closed","template":"","meta":{"_seopress_robots_primary_cat":"","_seopress_titles_title":"","_seopress_titles_desc":"","_seopress_robots_index":"","_uag_custom_page_level_css":"","_joinchat":[]},"product_brand":[],"product_cat":[31,19],"product_tag":[],"class_list":{"0":"post-1034","1":"product","2":"type-product","3":"status-publish","4":"has-post-thumbnail","6":"product_cat-fruniture-legs","7":"product_cat-furniture-hardware","9":"first","10":"instock","11":"shipping-taxable","12":"product-type-simple"},"uagb_featured_image_src":{"full":["https:\/\/www.amorhomehardware.com\/wp-content\/uploads\/2024\/12\/AF.4102-furniture-feet.webp",1240,1360,false],"thumbnail":["https:\/\/www.amorhomehardware.com\/wp-content\/uploads\/2024\/12\/AF.4102-furniture-feet-150x150.webp",150,150,true],"medium":["https:\/\/www.amorhomehardware.com\/wp-content\/uploads\/2024\/12\/AF.4102-furniture-feet-274x300.webp",274,300,true],"medium_large":["https:\/\/www.amorhomehardware.com\/wp-content\/uploads\/2024\/12\/AF.4102-furniture-feet-768x842.webp",768,842,true],"large":["https:\/\/www.amorhomehardware.com\/wp-content\/uploads\/2024\/12\/AF.4102-furniture-feet-934x1024.webp",934,1024,true],"1536x1536":["https:\/\/www.amorhomehardware.com\/wp-content\/uploads\/2024\/12\/AF.4102-furniture-feet.webp",1240,1360,false],"2048x2048":["https:\/\/www.amorhomehardware.com\/wp-content\/uploads\/2024\/12\/AF.4102-furniture-feet.webp",1240,1360,false],"trp-custom-language-flag":["https:\/\/www.amorhomehardware.com\/wp-content\/uploads\/2024\/12\/AF.4102-furniture-feet.webp",11,12,false],"woocommerce_archive_thumbnail":["https:\/\/www.amorhomehardware.com\/wp-content\/uploads\/2024\/12\/AF.4102-furniture-feet-600x600.webp",600,600,true],"woocommerce_thumbnail":["https:\/\/www.amorhomehardware.com\/wp-content\/uploads\/2024\/12\/AF.4102-furniture-feet-600x600.webp",600,600,true],"woocommerce_single":["https:\/\/www.amorhomehardware.com\/wp-content\/uploads\/2024\/12\/AF.4102-furniture-feet-600x658.webp",600,658,true],"woocommerce_gallery_thumbnail":["https:\/\/www.amorhomehardware.com\/wp-content\/uploads\/2024\/12\/AF.4102-furniture-feet-100x100.webp",100,100,true]},"uagb_author_info":{"display_name":"amorhome","author_link":"https:\/\/www.amorhomehardware.com\/fr\/author\/"},"uagb_comment_info":0,"uagb_excerpt":"Stainless Steel Furniture Feet Metal Sofa Legs Adjustable Cabinet Feet Coffee Table Replacement Legs Material: Stainless Steel Finish: Satin Size: Baseplate Diameter 81mm Feet Size: D50*H80\/H100\/120\/150mm Item No.: AF.4102","_links":{"self":[{"href":"https:\/\/www.amorhomehardware.com\/fr\/wp-json\/wp\/v2\/product\/1034","targetHints":{"allow":["GET"]}}],"collection":[{"href":"https:\/\/www.amorhomehardware.com\/fr\/wp-json\/wp\/v2\/product"}],"about":[{"href":"https:\/\/www.amorhomehardware.com\/fr\/wp-json\/wp\/v2\/types\/product"}],"replies":[{"embeddable":true,"href":"https:\/\/www.amorhomehardware.com\/fr\/wp-json\/wp\/v2\/comments?post=1034"}],"wp:featuredmedia":[{"embeddable":true,"href":"https:\/\/www.amorhomehardware.com\/fr\/wp-json\/wp\/v2\/media\/1467"}],"wp:attachment":[{"href":"https:\/\/www.amorhomehardware.com\/fr\/wp-json\/wp\/v2\/media?parent=1034"}],"wp:term":[{"taxonomy":"product_brand","embeddable":true,"href":"https:\/\/www.amorhomehardware.com\/fr\/wp-json\/wp\/v2\/product_brand?post=1034"},{"taxonomy":"product_cat","embeddable":true,"href":"https:\/\/www.amorhomehardware.com\/fr\/wp-json\/wp\/v2\/product_cat?post=1034"},{"taxonomy":"product_tag","embeddable":true,"href":"https:\/\/www.amorhomehardware.com\/fr\/wp-json\/wp\/v2\/product_tag?post=1034"}],"curies":[{"name":"wp","href":"https:\/\/api.w.org\/{rel}","templated":true}]}}