{"id":1029,"date":"2024-12-30T19:18:50","date_gmt":"2024-12-30T11:18:50","guid":{"rendered":"https:\/\/www.amorhomehardware.com\/?post_type=product&#038;p=1029"},"modified":"2025-02-14T18:06:51","modified_gmt":"2025-02-14T10:06:51","slug":"tee-nuts-4-prong-fasteners-for-wood-furniture-climbing-holds","status":"publish","type":"product","link":"https:\/\/www.amorhomehardware.com\/fr\/produit\/tee-nuts-4-prong-fasteners-for-wood-furniture-climbing-holds\/","title":{"rendered":"Tee Nuts 4 Prong Fasteners for Wood Furniture Climbing Holds - AC.4102"},"content":{"rendered":"<p>\u3010Quality\u3011Surface zinc plating treatment, not easy to rust, for long-lasting life;<br \/>\nEcrou en T \u00e0 4 branches, forte capacit\u00e9 de charge, excellente capacit\u00e9 de pr\u00e9hension.<br \/>\n\u3010Application\u3011Widely used to wood furniture, other woodworking projects, and climbing hold; Suitable for indoor and outdoor use<\/p>","protected":false},"excerpt":{"rendered":"<p>Tee Nuts 4 Prong Fasteners for Wood Furniture Climbing Holds Pronged Tee Blind Nuts<br \/>\nMat\u00e9riau : Acier<br \/>\nFinition : Zinc<br \/>\nTaille : M6xL9x16,5\u00d71,0mm ; M8xL10x20x1,0mm ; M10xL10x24x1,2 mm ; M6xL10\/12\/14\/16\/18x18x1,4mm ;<br \/>\nM8xL10\/12\/14x22x 1,7mm ; M10xL10\/12x25x1,7mm<\/p>\n<p>Num\u00e9ro d'article : AC.4102<\/p>","protected":false},"featured_media":1479,"comment_status":"closed","ping_status":"closed","template":"","meta":{"_seopress_robots_primary_cat":"","_seopress_titles_title":"","_seopress_titles_desc":"","_seopress_robots_index":"","_uag_custom_page_level_css":"","_joinchat":[]},"product_brand":[],"product_cat":[53],"product_tag":[],"class_list":{"0":"post-1029","1":"product","2":"type-product","3":"status-publish","4":"has-post-thumbnail","6":"product_cat-connecting-screws","8":"first","9":"instock","10":"shipping-taxable","11":"product-type-simple"},"uagb_featured_image_src":{"full":["https:\/\/www.amorhomehardware.com\/wp-content\/uploads\/2024\/12\/AC.4102-Tee-Nuts-4-Prong-Fasteners.webp",1240,1360,false],"thumbnail":["https:\/\/www.amorhomehardware.com\/wp-content\/uploads\/2024\/12\/AC.4102-Tee-Nuts-4-Prong-Fasteners-150x150.webp",150,150,true],"medium":["https:\/\/www.amorhomehardware.com\/wp-content\/uploads\/2024\/12\/AC.4102-Tee-Nuts-4-Prong-Fasteners-274x300.webp",274,300,true],"medium_large":["https:\/\/www.amorhomehardware.com\/wp-content\/uploads\/2024\/12\/AC.4102-Tee-Nuts-4-Prong-Fasteners-768x842.webp",768,842,true],"large":["https:\/\/www.amorhomehardware.com\/wp-content\/uploads\/2024\/12\/AC.4102-Tee-Nuts-4-Prong-Fasteners-934x1024.webp",934,1024,true],"1536x1536":["https:\/\/www.amorhomehardware.com\/wp-content\/uploads\/2024\/12\/AC.4102-Tee-Nuts-4-Prong-Fasteners.webp",1240,1360,false],"2048x2048":["https:\/\/www.amorhomehardware.com\/wp-content\/uploads\/2024\/12\/AC.4102-Tee-Nuts-4-Prong-Fasteners.webp",1240,1360,false],"trp-custom-language-flag":["https:\/\/www.amorhomehardware.com\/wp-content\/uploads\/2024\/12\/AC.4102-Tee-Nuts-4-Prong-Fasteners.webp",11,12,false],"woocommerce_archive_thumbnail":["https:\/\/www.amorhomehardware.com\/wp-content\/uploads\/2024\/12\/AC.4102-Tee-Nuts-4-Prong-Fasteners-600x600.webp",600,600,true],"woocommerce_thumbnail":["https:\/\/www.amorhomehardware.com\/wp-content\/uploads\/2024\/12\/AC.4102-Tee-Nuts-4-Prong-Fasteners-600x600.webp",600,600,true],"woocommerce_single":["https:\/\/www.amorhomehardware.com\/wp-content\/uploads\/2024\/12\/AC.4102-Tee-Nuts-4-Prong-Fasteners-600x658.webp",600,658,true],"woocommerce_gallery_thumbnail":["https:\/\/www.amorhomehardware.com\/wp-content\/uploads\/2024\/12\/AC.4102-Tee-Nuts-4-Prong-Fasteners-100x100.webp",100,100,true]},"uagb_author_info":{"display_name":"amorhome","author_link":"https:\/\/www.amorhomehardware.com\/fr\/author\/"},"uagb_comment_info":0,"uagb_excerpt":"Tee Nuts 4 Prong Fasteners for Wood Furniture Climbing Holds Pronged Tee Blind Nuts Material: Steel Finish: Zinc Size: M6xL9x16.5x1.0mm; M8xL10x20x1.0mm; M10xL10x24x1.2 mm; M6xL10\/12\/14\/16\/18x18x1.4mm; M8xL10\/12\/14x22x 1.7mm; M10xL10\/12x25x1.7mm Item No.: AC.4102","_links":{"self":[{"href":"https:\/\/www.amorhomehardware.com\/fr\/wp-json\/wp\/v2\/product\/1029","targetHints":{"allow":["GET"]}}],"collection":[{"href":"https:\/\/www.amorhomehardware.com\/fr\/wp-json\/wp\/v2\/product"}],"about":[{"href":"https:\/\/www.amorhomehardware.com\/fr\/wp-json\/wp\/v2\/types\/product"}],"replies":[{"embeddable":true,"href":"https:\/\/www.amorhomehardware.com\/fr\/wp-json\/wp\/v2\/comments?post=1029"}],"wp:featuredmedia":[{"embeddable":true,"href":"https:\/\/www.amorhomehardware.com\/fr\/wp-json\/wp\/v2\/media\/1479"}],"wp:attachment":[{"href":"https:\/\/www.amorhomehardware.com\/fr\/wp-json\/wp\/v2\/media?parent=1029"}],"wp:term":[{"taxonomy":"product_brand","embeddable":true,"href":"https:\/\/www.amorhomehardware.com\/fr\/wp-json\/wp\/v2\/product_brand?post=1029"},{"taxonomy":"product_cat","embeddable":true,"href":"https:\/\/www.amorhomehardware.com\/fr\/wp-json\/wp\/v2\/product_cat?post=1029"},{"taxonomy":"product_tag","embeddable":true,"href":"https:\/\/www.amorhomehardware.com\/fr\/wp-json\/wp\/v2\/product_tag?post=1029"}],"curies":[{"name":"wp","href":"https:\/\/api.w.org\/{rel}","templated":true}]}}