{"id":1025,"date":"2024-12-30T19:11:52","date_gmt":"2024-12-30T11:11:52","guid":{"rendered":"https:\/\/www.amorhomehardware.com\/?post_type=product&#038;p=1025"},"modified":"2025-01-20T02:59:41","modified_gmt":"2025-01-19T18:59:41","slug":"wood-inserts-connecting-bolt-furniture-nut-hex-socket-drive-screw-2","status":"publish","type":"product","link":"https:\/\/www.amorhomehardware.com\/fr\/produit\/wood-inserts-connecting-bolt-furniture-nut-hex-socket-drive-screw-2\/","title":{"rendered":"Inserts en bois Boulon d'assemblage Ecrou de meuble Vis \u00e0 six pans creux - AC.4103"},"content":{"rendered":"<p>\u3010Installation\u3011Use the matching bit pre-drill \/drill a well-sized hole (depth is 1-2mm longer than furniture screw), then use a proper 6mm internal hex tool to screw in. If the furniture wood is with high-hardness, please enlarge the screw hole.<br \/>\n\u3010Application\u3011Suitable for various types of furniture, cabinets, drawer dressers, wardrobes, and furniture panels.<\/p>","protected":false},"excerpt":{"rendered":"<p>Inserts Bois Boulon M\u00e9tallique Cheville Fixation filet\u00e9e Ecrou de connexion Ecrou de meuble Vis \u00e0 t\u00eate hexagonale pour meuble en bois Assortiment<br \/>\nMat\u00e9riau : Fer<br \/>\nFinition : Plaque de zinc couleur<br \/>\nTaille : M6*13\/15\/20\/25mm ; M8*25\/30mm ; M10*20\/25mm<\/p>\n<p>Num\u00e9ro d'article : AC.4103<\/p>","protected":false},"featured_media":1480,"comment_status":"closed","ping_status":"closed","template":"","meta":{"_seopress_robots_primary_cat":"","_seopress_titles_title":"","_seopress_titles_desc":"","_seopress_robots_index":"","_uag_custom_page_level_css":"","_joinchat":[]},"product_brand":[],"product_cat":[53,23],"product_tag":[],"class_list":{"0":"post-1025","1":"product","2":"type-product","3":"status-publish","4":"has-post-thumbnail","6":"product_cat-connecting-screws","7":"product_cat-connectors-brackets","9":"first","10":"instock","11":"shipping-taxable","12":"product-type-simple"},"uagb_featured_image_src":{"full":["https:\/\/www.amorhomehardware.com\/wp-content\/uploads\/2024\/12\/AC.4103-Metal-Connecting-Dowel.webp",1240,1360,false],"thumbnail":["https:\/\/www.amorhomehardware.com\/wp-content\/uploads\/2024\/12\/AC.4103-Metal-Connecting-Dowel-150x150.webp",150,150,true],"medium":["https:\/\/www.amorhomehardware.com\/wp-content\/uploads\/2024\/12\/AC.4103-Metal-Connecting-Dowel-274x300.webp",274,300,true],"medium_large":["https:\/\/www.amorhomehardware.com\/wp-content\/uploads\/2024\/12\/AC.4103-Metal-Connecting-Dowel-768x842.webp",768,842,true],"large":["https:\/\/www.amorhomehardware.com\/wp-content\/uploads\/2024\/12\/AC.4103-Metal-Connecting-Dowel-934x1024.webp",934,1024,true],"1536x1536":["https:\/\/www.amorhomehardware.com\/wp-content\/uploads\/2024\/12\/AC.4103-Metal-Connecting-Dowel.webp",1240,1360,false],"2048x2048":["https:\/\/www.amorhomehardware.com\/wp-content\/uploads\/2024\/12\/AC.4103-Metal-Connecting-Dowel.webp",1240,1360,false],"trp-custom-language-flag":["https:\/\/www.amorhomehardware.com\/wp-content\/uploads\/2024\/12\/AC.4103-Metal-Connecting-Dowel.webp",11,12,false],"woocommerce_archive_thumbnail":["https:\/\/www.amorhomehardware.com\/wp-content\/uploads\/2024\/12\/AC.4103-Metal-Connecting-Dowel-600x600.webp",600,600,true],"woocommerce_thumbnail":["https:\/\/www.amorhomehardware.com\/wp-content\/uploads\/2024\/12\/AC.4103-Metal-Connecting-Dowel-600x600.webp",600,600,true],"woocommerce_single":["https:\/\/www.amorhomehardware.com\/wp-content\/uploads\/2024\/12\/AC.4103-Metal-Connecting-Dowel-600x658.webp",600,658,true],"woocommerce_gallery_thumbnail":["https:\/\/www.amorhomehardware.com\/wp-content\/uploads\/2024\/12\/AC.4103-Metal-Connecting-Dowel-100x100.webp",100,100,true]},"uagb_author_info":{"display_name":"amorhome","author_link":"https:\/\/www.amorhomehardware.com\/fr\/author\/"},"uagb_comment_info":0,"uagb_excerpt":"Wood Inserts Bolt Metal Connecting Dowel Threaded Fastener Connecting Nut Furniture Nut Hex Socket Drive Screw for Wood Furniture Assortment Material: Iron Finish: Color Zinc Plate Size: M6*13\/15\/20\/25mm; M8*25\/30mm; M10*20\/25mm Item No.: AC.4103","_links":{"self":[{"href":"https:\/\/www.amorhomehardware.com\/fr\/wp-json\/wp\/v2\/product\/1025","targetHints":{"allow":["GET"]}}],"collection":[{"href":"https:\/\/www.amorhomehardware.com\/fr\/wp-json\/wp\/v2\/product"}],"about":[{"href":"https:\/\/www.amorhomehardware.com\/fr\/wp-json\/wp\/v2\/types\/product"}],"replies":[{"embeddable":true,"href":"https:\/\/www.amorhomehardware.com\/fr\/wp-json\/wp\/v2\/comments?post=1025"}],"wp:featuredmedia":[{"embeddable":true,"href":"https:\/\/www.amorhomehardware.com\/fr\/wp-json\/wp\/v2\/media\/1480"}],"wp:attachment":[{"href":"https:\/\/www.amorhomehardware.com\/fr\/wp-json\/wp\/v2\/media?parent=1025"}],"wp:term":[{"taxonomy":"product_brand","embeddable":true,"href":"https:\/\/www.amorhomehardware.com\/fr\/wp-json\/wp\/v2\/product_brand?post=1025"},{"taxonomy":"product_cat","embeddable":true,"href":"https:\/\/www.amorhomehardware.com\/fr\/wp-json\/wp\/v2\/product_cat?post=1025"},{"taxonomy":"product_tag","embeddable":true,"href":"https:\/\/www.amorhomehardware.com\/fr\/wp-json\/wp\/v2\/product_tag?post=1025"}],"curies":[{"name":"wp","href":"https:\/\/api.w.org\/{rel}","templated":true}]}}