{"id":918,"date":"2024-12-30T06:49:43","date_gmt":"2024-12-29T22:49:43","guid":{"rendered":"https:\/\/www.amorhomehardware.com\/?post_type=product&#038;p=918"},"modified":"2025-01-20T04:09:22","modified_gmt":"2025-01-19T20:09:22","slug":"full-extension-soft-closing-tandem-box-fixed-on-cabinet-drawer-slides","status":"publish","type":"product","link":"https:\/\/www.amorhomehardware.com\/es\/producto\/full-extension-soft-closing-tandem-box-fixed-on-cabinet-drawer-slides\/","title":{"rendered":"Caja T\u00e1ndem de Extensi\u00f3n Completa y Cierre Suave Fijada sobre Gu\u00edas de Caj\u00f3n de Armario - AS.7061"},"content":{"rendered":"<p>\u3010 Feature\u3011 With a soft-closing buffer, the drawer closes gently and quietly, with no noise.<br \/>\n\u3010 Material\u3011 The drawer slide rail is made of high-quality Cold-Rolled steel with special galvanized Passivation to ensure the anti-rust ability and oxidation resistance effect.<br \/>\n\u3010 Structure\u3011 It is a full extension under-mount drawer slide with a detachable inner slide and removal of the front panel.<br \/>\n\u3010Application\u3011Kitchen Drawer, Office Desk Drawer, Industry-used drawer, Truck, Vending machine, etc<\/p>","protected":false},"excerpt":{"rendered":"<p>Extensi\u00f3n completa bajo encimera cierre suave caja t\u00e1ndem fijo en gu\u00edas de cajones de armario Cocina caja t\u00e1ndem caj\u00f3n deslizante<br \/>\nMaterial: Acero laminado en fr\u00edo<br \/>\nAcabado: Gris plata \/ Gris blanco<br \/>\nAltura: 66mm \/140mm\/180mm<br \/>\nLongitud: 250-600 mm (10\u2033 a 24\u2033)<br \/>\nEmbalaje: 1 Par\/Caja, 6 Pares\/Cart\u00f3n<br \/>\nAccesorios: Tornillos, Manual de instalaci\u00f3n<\/p>\n<p>N\u00ba de art\u00edculo: AS.7061\/ AS.7062<\/p>","protected":false},"featured_media":1541,"comment_status":"closed","ping_status":"closed","template":"","meta":{"_seopress_robots_primary_cat":"","_seopress_titles_title":"","_seopress_titles_desc":"","_seopress_robots_index":"","_uag_custom_page_level_css":"","_joinchat":[]},"product_brand":[],"product_cat":[29,19],"product_tag":[],"class_list":{"0":"post-918","1":"product","2":"type-product","3":"status-publish","4":"has-post-thumbnail","6":"product_cat-drawer-slides","7":"product_cat-furniture-hardware","9":"first","10":"instock","11":"shipping-taxable","12":"product-type-simple"},"uagb_featured_image_src":{"full":["https:\/\/www.amorhomehardware.com\/wp-content\/uploads\/2024\/12\/AS.7061-tandembox-drawer-slide.webp",1240,1360,false],"thumbnail":["https:\/\/www.amorhomehardware.com\/wp-content\/uploads\/2024\/12\/AS.7061-tandembox-drawer-slide-150x150.webp",150,150,true],"medium":["https:\/\/www.amorhomehardware.com\/wp-content\/uploads\/2024\/12\/AS.7061-tandembox-drawer-slide-274x300.webp",274,300,true],"medium_large":["https:\/\/www.amorhomehardware.com\/wp-content\/uploads\/2024\/12\/AS.7061-tandembox-drawer-slide-768x842.webp",768,842,true],"large":["https:\/\/www.amorhomehardware.com\/wp-content\/uploads\/2024\/12\/AS.7061-tandembox-drawer-slide-934x1024.webp",934,1024,true],"1536x1536":["https:\/\/www.amorhomehardware.com\/wp-content\/uploads\/2024\/12\/AS.7061-tandembox-drawer-slide.webp",1240,1360,false],"2048x2048":["https:\/\/www.amorhomehardware.com\/wp-content\/uploads\/2024\/12\/AS.7061-tandembox-drawer-slide.webp",1240,1360,false],"trp-custom-language-flag":["https:\/\/www.amorhomehardware.com\/wp-content\/uploads\/2024\/12\/AS.7061-tandembox-drawer-slide.webp",11,12,false],"woocommerce_archive_thumbnail":["https:\/\/www.amorhomehardware.com\/wp-content\/uploads\/2024\/12\/AS.7061-tandembox-drawer-slide-600x600.webp",600,600,true],"woocommerce_thumbnail":["https:\/\/www.amorhomehardware.com\/wp-content\/uploads\/2024\/12\/AS.7061-tandembox-drawer-slide-600x600.webp",600,600,true],"woocommerce_single":["https:\/\/www.amorhomehardware.com\/wp-content\/uploads\/2024\/12\/AS.7061-tandembox-drawer-slide-600x658.webp",600,658,true],"woocommerce_gallery_thumbnail":["https:\/\/www.amorhomehardware.com\/wp-content\/uploads\/2024\/12\/AS.7061-tandembox-drawer-slide-100x100.webp",100,100,true]},"uagb_author_info":{"display_name":"amorhome","author_link":"https:\/\/www.amorhomehardware.com\/es\/author\/"},"uagb_comment_info":0,"uagb_excerpt":"Full Extension Undermount Soft Closing Tandem Box Fixed on Cabinet Drawer Slides Kitchen tandem box drawer slide Material: Cold-Rolled Steel Finish: Sliver grey \/ White grey Height: 66mm \/140mm\/180mm Length: 250-600mm (10\" to 24\") Packing: 1 Pair\/Box, 6 Pairs\/ Carton Accessories: Srews, Installation Manual Item No.: AS.7061\/ AS.7062","_links":{"self":[{"href":"https:\/\/www.amorhomehardware.com\/es\/wp-json\/wp\/v2\/product\/918","targetHints":{"allow":["GET"]}}],"collection":[{"href":"https:\/\/www.amorhomehardware.com\/es\/wp-json\/wp\/v2\/product"}],"about":[{"href":"https:\/\/www.amorhomehardware.com\/es\/wp-json\/wp\/v2\/types\/product"}],"replies":[{"embeddable":true,"href":"https:\/\/www.amorhomehardware.com\/es\/wp-json\/wp\/v2\/comments?post=918"}],"wp:featuredmedia":[{"embeddable":true,"href":"https:\/\/www.amorhomehardware.com\/es\/wp-json\/wp\/v2\/media\/1541"}],"wp:attachment":[{"href":"https:\/\/www.amorhomehardware.com\/es\/wp-json\/wp\/v2\/media?parent=918"}],"wp:term":[{"taxonomy":"product_brand","embeddable":true,"href":"https:\/\/www.amorhomehardware.com\/es\/wp-json\/wp\/v2\/product_brand?post=918"},{"taxonomy":"product_cat","embeddable":true,"href":"https:\/\/www.amorhomehardware.com\/es\/wp-json\/wp\/v2\/product_cat?post=918"},{"taxonomy":"product_tag","embeddable":true,"href":"https:\/\/www.amorhomehardware.com\/es\/wp-json\/wp\/v2\/product_tag?post=918"}],"curies":[{"name":"wp","href":"https:\/\/api.w.org\/{rel}","templated":true}]}}