{"id":912,"date":"2024-12-30T06:44:03","date_gmt":"2024-12-29T22:44:03","guid":{"rendered":"https:\/\/www.amorhomehardware.com\/?post_type=product&#038;p=912"},"modified":"2025-01-20T04:10:45","modified_gmt":"2025-01-19T20:10:45","slug":"clip-on-full-extension-undermount-soft-closing-drawer-slides","status":"publish","type":"product","link":"https:\/\/www.amorhomehardware.com\/es\/producto\/clip-on-full-extension-undermount-soft-closing-drawer-slides\/","title":{"rendered":"Gu\u00edas para cajones de extracci\u00f3n total con cierre amortiguado - AS.8202"},"content":{"rendered":"<p>\u3010 Feature\u3011 With a soft-closing buffer, the drawer closes gently and quietly, with no noise.<br \/>\n\u3010 Material\u3011 The drawer slide rail is made of high-quality Cold-Rolled steel with special galvanized Passivation to ensure the anti-rust ability and oxidation resistance effect.<br \/>\n\u3010 Structure\u3011It is the full extension under-mount drawer slides with a 3D adjustable clip for easy installation.<br \/>\n\u3010Application\u3011Kitchen Drawer, Office Desk Drawer, Industry-used drawer, Truck, Vending machine, etc<\/p>","protected":false},"excerpt":{"rendered":"<p>3D Ajustable Clip-on Extensi\u00f3n Completa Bajo Montaje Cierre Suave Gu\u00edas de Caj\u00f3n<br \/>\nMaterial: Acero laminado en fr\u00edo<br \/>\nAcabado: Zincado<br \/>\nGrosor: 1,5*1,5*1,8 mm<br \/>\nLongitud: 250-550 mm (10\u2033 a 22\u2033)<br \/>\nEmbalaje: 1 Par\/Bolsa, 10 Pares\/Cart\u00f3n<br \/>\nAccesorios: Tornillos, clip de pl\u00e1stico, manual de instalaci\u00f3n<\/p>\n<p>N\u00ba de art\u00edculo: AS.8202<\/p>","protected":false},"featured_media":1553,"comment_status":"closed","ping_status":"closed","template":"","meta":{"_seopress_robots_primary_cat":"","_seopress_titles_title":"","_seopress_titles_desc":"","_seopress_robots_index":"","_uag_custom_page_level_css":"","_joinchat":[]},"product_brand":[],"product_cat":[29,19],"product_tag":[],"class_list":{"0":"post-912","1":"product","2":"type-product","3":"status-publish","4":"has-post-thumbnail","6":"product_cat-drawer-slides","7":"product_cat-furniture-hardware","9":"first","10":"instock","11":"shipping-taxable","12":"product-type-simple"},"uagb_featured_image_src":{"full":["https:\/\/www.amorhomehardware.com\/wp-content\/uploads\/2024\/12\/SL.4329-under-mounted-drawer-slide.webp",1240,1360,false],"thumbnail":["https:\/\/www.amorhomehardware.com\/wp-content\/uploads\/2024\/12\/SL.4329-under-mounted-drawer-slide-150x150.webp",150,150,true],"medium":["https:\/\/www.amorhomehardware.com\/wp-content\/uploads\/2024\/12\/SL.4329-under-mounted-drawer-slide-274x300.webp",274,300,true],"medium_large":["https:\/\/www.amorhomehardware.com\/wp-content\/uploads\/2024\/12\/SL.4329-under-mounted-drawer-slide-768x842.webp",768,842,true],"large":["https:\/\/www.amorhomehardware.com\/wp-content\/uploads\/2024\/12\/SL.4329-under-mounted-drawer-slide-934x1024.webp",934,1024,true],"1536x1536":["https:\/\/www.amorhomehardware.com\/wp-content\/uploads\/2024\/12\/SL.4329-under-mounted-drawer-slide.webp",1240,1360,false],"2048x2048":["https:\/\/www.amorhomehardware.com\/wp-content\/uploads\/2024\/12\/SL.4329-under-mounted-drawer-slide.webp",1240,1360,false],"trp-custom-language-flag":["https:\/\/www.amorhomehardware.com\/wp-content\/uploads\/2024\/12\/SL.4329-under-mounted-drawer-slide.webp",11,12,false],"woocommerce_archive_thumbnail":["https:\/\/www.amorhomehardware.com\/wp-content\/uploads\/2024\/12\/SL.4329-under-mounted-drawer-slide-600x600.webp",600,600,true],"woocommerce_thumbnail":["https:\/\/www.amorhomehardware.com\/wp-content\/uploads\/2024\/12\/SL.4329-under-mounted-drawer-slide-600x600.webp",600,600,true],"woocommerce_single":["https:\/\/www.amorhomehardware.com\/wp-content\/uploads\/2024\/12\/SL.4329-under-mounted-drawer-slide-600x658.webp",600,658,true],"woocommerce_gallery_thumbnail":["https:\/\/www.amorhomehardware.com\/wp-content\/uploads\/2024\/12\/SL.4329-under-mounted-drawer-slide-100x100.webp",100,100,true]},"uagb_author_info":{"display_name":"amorhome","author_link":"https:\/\/www.amorhomehardware.com\/es\/author\/"},"uagb_comment_info":0,"uagb_excerpt":"3D Adjustable Clip-on Full Extension Undermount Soft Closing Drawer Slides Material: Cold-Rolled Steel Finish: Zinc Plated Thickness: 1.5*1.5*1.8mm Length: 250-550mm (10\" to 22\") Packing: 1 Pair\/Bag, 10 Pairs\/ Carton Accessories: Srews, Plastic Clip, Installation Manual Item No.: AS.8202","_links":{"self":[{"href":"https:\/\/www.amorhomehardware.com\/es\/wp-json\/wp\/v2\/product\/912","targetHints":{"allow":["GET"]}}],"collection":[{"href":"https:\/\/www.amorhomehardware.com\/es\/wp-json\/wp\/v2\/product"}],"about":[{"href":"https:\/\/www.amorhomehardware.com\/es\/wp-json\/wp\/v2\/types\/product"}],"replies":[{"embeddable":true,"href":"https:\/\/www.amorhomehardware.com\/es\/wp-json\/wp\/v2\/comments?post=912"}],"wp:featuredmedia":[{"embeddable":true,"href":"https:\/\/www.amorhomehardware.com\/es\/wp-json\/wp\/v2\/media\/1553"}],"wp:attachment":[{"href":"https:\/\/www.amorhomehardware.com\/es\/wp-json\/wp\/v2\/media?parent=912"}],"wp:term":[{"taxonomy":"product_brand","embeddable":true,"href":"https:\/\/www.amorhomehardware.com\/es\/wp-json\/wp\/v2\/product_brand?post=912"},{"taxonomy":"product_cat","embeddable":true,"href":"https:\/\/www.amorhomehardware.com\/es\/wp-json\/wp\/v2\/product_cat?post=912"},{"taxonomy":"product_tag","embeddable":true,"href":"https:\/\/www.amorhomehardware.com\/es\/wp-json\/wp\/v2\/product_tag?post=912"}],"curies":[{"name":"wp","href":"https:\/\/api.w.org\/{rel}","templated":true}]}}