{"id":2144,"date":"2025-04-05T15:02:14","date_gmt":"2025-04-05T07:02:14","guid":{"rendered":"https:\/\/www.amorhomehardware.com\/?post_type=product&#038;p=2144"},"modified":"2025-04-05T15:13:30","modified_gmt":"2025-04-05T07:13:30","slug":"cabinet-gas-spring-lift-support-ay-0003","status":"publish","type":"product","link":"https:\/\/www.amorhomehardware.com\/es\/producto\/cabinet-gas-spring-lift-support-ay-0003\/","title":{"rendered":"Soporte elevador con resorte de gas para armarios - AY.0003"},"content":{"rendered":"<h2><strong>\u00bfQu\u00e9 son los pistones a gas?<\/strong><\/h2>\n<p><strong>Resortes de gas, tambi\u00e9n conocidos como puntales de gas<\/strong>son dispositivos mec\u00e1nicos que almacenan energ\u00eda mediante gas comprimido, normalmente nitr\u00f3geno, dentro de un cilindro sellado para conseguir un movimiento suave y amortiguado. Piense en un peque\u00f1o amortiguador. Un pist\u00f3n se mueve dentro de este cilindro presurizado. Cuando la puerta se abre, el pist\u00f3n comprime el gas, evitando el portazo. Al cerrarse, proporciona una suave asistencia.<\/p>\n<h2 class=\"ng-star-inserted\"><span class=\"ng-star-inserted\">Aplicaci\u00f3n de los puntales de gas<\/span><\/h2>\n<p class=\"ng-star-inserted\"><span class=\"ng-star-inserted\">Los elevadores por resorte de gas se utilizan ampliamente en muebles para mejorar su funcionalidad y comodidad, como armarios de cocina, armarios de pared, cajas de almacenamiento, cofres y otomanas, etc.<\/span><\/p>","protected":false},"excerpt":{"rendered":"<h2>Puntales de gas Soporte elevador con resorte de gas<\/h2>\n<p>Material: Acero+ Pl\u00e1stico<br \/>\nAcabado: Gris plata\/Oro\/Blanco\/Negro<br \/>\nJunta de estanqueidad: Pl\u00e1stico\/Cobre opcional<br \/>\nFuerza del resorte de gas: 30-150N<br \/>\nLongitud: 6\u2033\/8\u2033\/10\u2033\/12\u2033 opcional<br \/>\nDiferentes accesorios de herraje para puertas de madera\/metal.<\/p>\n<p><strong>N\u00ba de art\u00edculo: AY.0003<\/strong><\/p>","protected":false},"featured_media":2131,"comment_status":"closed","ping_status":"closed","template":"","meta":{"_seopress_robots_primary_cat":"none","_seopress_titles_title":"","_seopress_titles_desc":"","_seopress_robots_index":"","_uag_custom_page_level_css":"","_joinchat":[]},"product_brand":[],"product_cat":[20,58],"product_tag":[],"class_list":{"0":"post-2144","1":"product","2":"type-product","3":"status-publish","4":"has-post-thumbnail","6":"product_cat-kitchen-fittings","7":"product_cat-support-stays","9":"first","10":"instock","11":"shipping-taxable","12":"product-type-simple"},"uagb_featured_image_src":{"full":["https:\/\/www.amorhomehardware.com\/wp-content\/uploads\/2025\/04\/amor-home-gas-spring-image-AS.0003-2.webp",630,630,false],"thumbnail":["https:\/\/www.amorhomehardware.com\/wp-content\/uploads\/2025\/04\/amor-home-gas-spring-image-AS.0003-2-150x150.webp",150,150,true],"medium":["https:\/\/www.amorhomehardware.com\/wp-content\/uploads\/2025\/04\/amor-home-gas-spring-image-AS.0003-2-300x300.webp",300,300,true],"medium_large":["https:\/\/www.amorhomehardware.com\/wp-content\/uploads\/2025\/04\/amor-home-gas-spring-image-AS.0003-2.webp",630,630,false],"large":["https:\/\/www.amorhomehardware.com\/wp-content\/uploads\/2025\/04\/amor-home-gas-spring-image-AS.0003-2.webp",630,630,false],"1536x1536":["https:\/\/www.amorhomehardware.com\/wp-content\/uploads\/2025\/04\/amor-home-gas-spring-image-AS.0003-2.webp",630,630,false],"2048x2048":["https:\/\/www.amorhomehardware.com\/wp-content\/uploads\/2025\/04\/amor-home-gas-spring-image-AS.0003-2.webp",630,630,false],"trp-custom-language-flag":["https:\/\/www.amorhomehardware.com\/wp-content\/uploads\/2025\/04\/amor-home-gas-spring-image-AS.0003-2-12x12.webp",12,12,true],"woocommerce_archive_thumbnail":["https:\/\/www.amorhomehardware.com\/wp-content\/uploads\/2025\/04\/amor-home-gas-spring-image-AS.0003-2-600x600.webp",600,600,true],"woocommerce_thumbnail":["https:\/\/www.amorhomehardware.com\/wp-content\/uploads\/2025\/04\/amor-home-gas-spring-image-AS.0003-2-600x600.webp",600,600,true],"woocommerce_single":["https:\/\/www.amorhomehardware.com\/wp-content\/uploads\/2025\/04\/amor-home-gas-spring-image-AS.0003-2-600x600.webp",600,600,true],"woocommerce_gallery_thumbnail":["https:\/\/www.amorhomehardware.com\/wp-content\/uploads\/2025\/04\/amor-home-gas-spring-image-AS.0003-2-100x100.webp",100,100,true]},"uagb_author_info":{"display_name":"amorhome","author_link":"https:\/\/www.amorhomehardware.com\/es\/author\/"},"uagb_comment_info":0,"uagb_excerpt":"Gas Struts Gas Spring Lift Support Material: Steel+ Plastic Finish: Silver Grey\/Gold\/White\/Black Sealing Ring: Plastic\/Copper optional Gas Spring force: 30-150N Length: 6\"\/8\"\/10\"\/12\" optional Different fitting accessories for wood\/metal doors. Item No.: AY.0003","_links":{"self":[{"href":"https:\/\/www.amorhomehardware.com\/es\/wp-json\/wp\/v2\/product\/2144","targetHints":{"allow":["GET"]}}],"collection":[{"href":"https:\/\/www.amorhomehardware.com\/es\/wp-json\/wp\/v2\/product"}],"about":[{"href":"https:\/\/www.amorhomehardware.com\/es\/wp-json\/wp\/v2\/types\/product"}],"replies":[{"embeddable":true,"href":"https:\/\/www.amorhomehardware.com\/es\/wp-json\/wp\/v2\/comments?post=2144"}],"wp:featuredmedia":[{"embeddable":true,"href":"https:\/\/www.amorhomehardware.com\/es\/wp-json\/wp\/v2\/media\/2131"}],"wp:attachment":[{"href":"https:\/\/www.amorhomehardware.com\/es\/wp-json\/wp\/v2\/media?parent=2144"}],"wp:term":[{"taxonomy":"product_brand","embeddable":true,"href":"https:\/\/www.amorhomehardware.com\/es\/wp-json\/wp\/v2\/product_brand?post=2144"},{"taxonomy":"product_cat","embeddable":true,"href":"https:\/\/www.amorhomehardware.com\/es\/wp-json\/wp\/v2\/product_cat?post=2144"},{"taxonomy":"product_tag","embeddable":true,"href":"https:\/\/www.amorhomehardware.com\/es\/wp-json\/wp\/v2\/product_tag?post=2144"}],"curies":[{"name":"wp","href":"https:\/\/api.w.org\/{rel}","templated":true}]}}