{"id":2053,"date":"2025-02-17T14:05:59","date_gmt":"2025-02-17T06:05:59","guid":{"rendered":"https:\/\/www.amorhomehardware.com\/?post_type=product&#038;p=2053"},"modified":"2025-03-30T23:24:59","modified_gmt":"2025-03-30T15:24:59","slug":"threaded-furniture-leveling-feet-furniture-glide-with-bolt-ag-1006","status":"publish","type":"product","link":"https:\/\/www.amorhomehardware.com\/es\/producto\/threaded-furniture-leveling-feet-furniture-glide-with-bolt-ag-1006\/","title":{"rendered":"Pies niveladores roscados con perno - AG.1006"},"content":{"rendered":"<h2>Caracter\u00edsticas de Furniture Glide<\/h2>\n<p>Los pies niveladores Amor Home no solo son adecuados para ajustar la altura de los muebles, sino tambi\u00e9n para evitar que sus muebles o el suelo se rayen; Adem\u00e1s, pueden reducir el ruido de mover los muebles hasta cierto punto y estos pies niveladores ajustables se pueden aplicar a una variedad de muebles, como mesas, sillas, escritorios y todo tipo de armarios, sof\u00e1s peque\u00f1os, etc.<\/p>\n<h2>Plazo de entrega<\/h2>\n<p>1 d\u00eda para las muestras y 3-5 d\u00edas para la producci\u00f3n en serie.<\/p>\n<h2><strong>\u00bfQu\u00e9 podemos hacer por usted?<\/strong><\/h2>\n<p><strong>1. Servicio OEM\/ODM:<\/strong>\u00a0Equipo de I+D experimentado, satisface sus necesidades personalizadas, logotipo, color, embalaje, etc.<\/p>\n<p><strong>2. Producto de alta calidad:<\/strong>\u00a0Todos los productos cumplen los requisitos CE\/RoHS<\/p>\n<p><strong>3. Entrega flexible:<\/strong>\u00a0DHL\/UPS\/FedEx\/TNT\/Sea\/Railway siempre satisfacen su demanda<\/p>\n<p><strong>4. Servicio postventa:<\/strong> 7*24 respuesta r\u00e1pida si tiene alguna pregunta y la garant\u00eda de los pies ajustables es de 1 a\u00f1o<\/p>","protected":false},"excerpt":{"rendered":"<p>Pies de nivelaci\u00f3n de muebles roscados Deslizador de muebles con perno para mesa Silla<br \/>\nMaterial: Pl\u00e1stico+Acero<br \/>\nAcabado: Negro, Blanco<br \/>\nTama\u00f1o: 23*M8*15MM, 23*M8*20MM, 23*M8*25MM<\/p>\n<p><strong>N\u00ba de art\u00edculo: AG.1006<\/strong><\/p>","protected":false},"featured_media":2023,"comment_status":"closed","ping_status":"closed","template":"","meta":{"_seopress_robots_primary_cat":"none","_seopress_titles_title":"","_seopress_titles_desc":"","_seopress_robots_index":"","_uag_custom_page_level_css":"","_joinchat":[]},"product_brand":[],"product_cat":[31,19],"product_tag":[],"class_list":{"0":"post-2053","1":"product","2":"type-product","3":"status-publish","4":"has-post-thumbnail","6":"product_cat-fruniture-legs","7":"product_cat-furniture-hardware","9":"first","10":"instock","11":"shipping-taxable","12":"product-type-simple"},"uagb_featured_image_src":{"full":["https:\/\/www.amorhomehardware.com\/wp-content\/uploads\/2025\/02\/AG.1006-furniture-glide.webp",630,630,false],"thumbnail":["https:\/\/www.amorhomehardware.com\/wp-content\/uploads\/2025\/02\/AG.1006-furniture-glide-150x150.webp",150,150,true],"medium":["https:\/\/www.amorhomehardware.com\/wp-content\/uploads\/2025\/02\/AG.1006-furniture-glide-300x300.webp",300,300,true],"medium_large":["https:\/\/www.amorhomehardware.com\/wp-content\/uploads\/2025\/02\/AG.1006-furniture-glide.webp",630,630,false],"large":["https:\/\/www.amorhomehardware.com\/wp-content\/uploads\/2025\/02\/AG.1006-furniture-glide.webp",630,630,false],"1536x1536":["https:\/\/www.amorhomehardware.com\/wp-content\/uploads\/2025\/02\/AG.1006-furniture-glide.webp",630,630,false],"2048x2048":["https:\/\/www.amorhomehardware.com\/wp-content\/uploads\/2025\/02\/AG.1006-furniture-glide.webp",630,630,false],"trp-custom-language-flag":["https:\/\/www.amorhomehardware.com\/wp-content\/uploads\/2025\/02\/AG.1006-furniture-glide-12x12.webp",12,12,true],"woocommerce_archive_thumbnail":["https:\/\/www.amorhomehardware.com\/wp-content\/uploads\/2025\/02\/AG.1006-furniture-glide-600x600.webp",600,600,true],"woocommerce_thumbnail":["https:\/\/www.amorhomehardware.com\/wp-content\/uploads\/2025\/02\/AG.1006-furniture-glide-600x600.webp",600,600,true],"woocommerce_single":["https:\/\/www.amorhomehardware.com\/wp-content\/uploads\/2025\/02\/AG.1006-furniture-glide-600x600.webp",600,600,true],"woocommerce_gallery_thumbnail":["https:\/\/www.amorhomehardware.com\/wp-content\/uploads\/2025\/02\/AG.1006-furniture-glide-100x100.webp",100,100,true]},"uagb_author_info":{"display_name":"amorhome","author_link":"https:\/\/www.amorhomehardware.com\/es\/author\/"},"uagb_comment_info":0,"uagb_excerpt":"Threaded Furniture Leveling Feet Furniture Glide With Bolt For Table Chair Material: Plastic+Steel Finish: Black, White Size: 23*M8*15MM, 23*M8*20MM, 23*M8*25MM Item No.: AG.1006","_links":{"self":[{"href":"https:\/\/www.amorhomehardware.com\/es\/wp-json\/wp\/v2\/product\/2053","targetHints":{"allow":["GET"]}}],"collection":[{"href":"https:\/\/www.amorhomehardware.com\/es\/wp-json\/wp\/v2\/product"}],"about":[{"href":"https:\/\/www.amorhomehardware.com\/es\/wp-json\/wp\/v2\/types\/product"}],"replies":[{"embeddable":true,"href":"https:\/\/www.amorhomehardware.com\/es\/wp-json\/wp\/v2\/comments?post=2053"}],"wp:featuredmedia":[{"embeddable":true,"href":"https:\/\/www.amorhomehardware.com\/es\/wp-json\/wp\/v2\/media\/2023"}],"wp:attachment":[{"href":"https:\/\/www.amorhomehardware.com\/es\/wp-json\/wp\/v2\/media?parent=2053"}],"wp:term":[{"taxonomy":"product_brand","embeddable":true,"href":"https:\/\/www.amorhomehardware.com\/es\/wp-json\/wp\/v2\/product_brand?post=2053"},{"taxonomy":"product_cat","embeddable":true,"href":"https:\/\/www.amorhomehardware.com\/es\/wp-json\/wp\/v2\/product_cat?post=2053"},{"taxonomy":"product_tag","embeddable":true,"href":"https:\/\/www.amorhomehardware.com\/es\/wp-json\/wp\/v2\/product_tag?post=2053"}],"curies":[{"name":"wp","href":"https:\/\/api.w.org\/{rel}","templated":true}]}}