{"id":2039,"date":"2025-02-15T18:47:25","date_gmt":"2025-02-15T10:47:25","guid":{"rendered":"https:\/\/www.amorhomehardware.com\/?post_type=product&#038;p=2039"},"modified":"2025-02-15T18:49:59","modified_gmt":"2025-02-15T10:49:59","slug":"furniture-glide-nail-ag-200","status":"publish","type":"product","link":"https:\/\/www.amorhomehardware.com\/es\/producto\/furniture-glide-nail-ag-200\/","title":{"rendered":"Clavo deslizante para muebles - AG.2002"},"content":{"rendered":"<p>\u3010Function\u3011Protect chairs, and table legs and prevent tables and chairs from scratching the floor, enhance the height of furniture, and moisture-proof, non-slip<br \/>\n\u3010Application\u3011 These glide nail can be applied to a variety of furniture, like tables, chairs, desks, and all types of cabinets<\/p>","protected":false},"excerpt":{"rendered":"<p>Deslizador de pl\u00e1stico se desliza clavos de deslizamiento en los muebles de mesa silla sof\u00e1 pies de la pierna pat\u00edn azulejo piso protector almohadilla<br \/>\nMaterial: Pl\u00e1stico+Acero<br \/>\nAcabado: Marr\u00f3n, Blanco<br \/>\nTama\u00f1o: 14MM, 17MM, 20MM, 22MM, 24MM, 28MM<\/p>\n<p><strong>N\u00ba de art\u00edculo: AG.2002<\/strong><\/p>","protected":false},"featured_media":2026,"comment_status":"closed","ping_status":"closed","template":"","meta":{"_seopress_robots_primary_cat":"","_seopress_titles_title":"","_seopress_titles_desc":"","_seopress_robots_index":"","_uag_custom_page_level_css":"","_joinchat":[]},"product_brand":[],"product_cat":[31,19],"product_tag":[],"class_list":{"0":"post-2039","1":"product","2":"type-product","3":"status-publish","4":"has-post-thumbnail","6":"product_cat-fruniture-legs","7":"product_cat-furniture-hardware","9":"first","10":"instock","11":"shipping-taxable","12":"product-type-simple"},"uagb_featured_image_src":{"full":["https:\/\/www.amorhomehardware.com\/wp-content\/uploads\/2025\/02\/AG.2002-Glides-Nail-2.webp",630,630,false],"thumbnail":["https:\/\/www.amorhomehardware.com\/wp-content\/uploads\/2025\/02\/AG.2002-Glides-Nail-2-150x150.webp",150,150,true],"medium":["https:\/\/www.amorhomehardware.com\/wp-content\/uploads\/2025\/02\/AG.2002-Glides-Nail-2-300x300.webp",300,300,true],"medium_large":["https:\/\/www.amorhomehardware.com\/wp-content\/uploads\/2025\/02\/AG.2002-Glides-Nail-2.webp",630,630,false],"large":["https:\/\/www.amorhomehardware.com\/wp-content\/uploads\/2025\/02\/AG.2002-Glides-Nail-2.webp",630,630,false],"1536x1536":["https:\/\/www.amorhomehardware.com\/wp-content\/uploads\/2025\/02\/AG.2002-Glides-Nail-2.webp",630,630,false],"2048x2048":["https:\/\/www.amorhomehardware.com\/wp-content\/uploads\/2025\/02\/AG.2002-Glides-Nail-2.webp",630,630,false],"trp-custom-language-flag":["https:\/\/www.amorhomehardware.com\/wp-content\/uploads\/2025\/02\/AG.2002-Glides-Nail-2-12x12.webp",12,12,true],"woocommerce_archive_thumbnail":["https:\/\/www.amorhomehardware.com\/wp-content\/uploads\/2025\/02\/AG.2002-Glides-Nail-2-600x600.webp",600,600,true],"woocommerce_thumbnail":["https:\/\/www.amorhomehardware.com\/wp-content\/uploads\/2025\/02\/AG.2002-Glides-Nail-2-600x600.webp",600,600,true],"woocommerce_single":["https:\/\/www.amorhomehardware.com\/wp-content\/uploads\/2025\/02\/AG.2002-Glides-Nail-2-600x600.webp",600,600,true],"woocommerce_gallery_thumbnail":["https:\/\/www.amorhomehardware.com\/wp-content\/uploads\/2025\/02\/AG.2002-Glides-Nail-2-100x100.webp",100,100,true]},"uagb_author_info":{"display_name":"amorhome","author_link":"https:\/\/www.amorhomehardware.com\/es\/author\/"},"uagb_comment_info":0,"uagb_excerpt":"Plastic Slider Glides Nail Furniture Glide Nails On Furniture Table Chair Sofa Feet Leg Skid Tile Floor Protector Pad Material: Plastic+Steel Finish: Brown, White Size: 14MM, 17MM, 20MM, 22MM, 24MM, 28MM Item No.: AG.2002","_links":{"self":[{"href":"https:\/\/www.amorhomehardware.com\/es\/wp-json\/wp\/v2\/product\/2039","targetHints":{"allow":["GET"]}}],"collection":[{"href":"https:\/\/www.amorhomehardware.com\/es\/wp-json\/wp\/v2\/product"}],"about":[{"href":"https:\/\/www.amorhomehardware.com\/es\/wp-json\/wp\/v2\/types\/product"}],"replies":[{"embeddable":true,"href":"https:\/\/www.amorhomehardware.com\/es\/wp-json\/wp\/v2\/comments?post=2039"}],"wp:featuredmedia":[{"embeddable":true,"href":"https:\/\/www.amorhomehardware.com\/es\/wp-json\/wp\/v2\/media\/2026"}],"wp:attachment":[{"href":"https:\/\/www.amorhomehardware.com\/es\/wp-json\/wp\/v2\/media?parent=2039"}],"wp:term":[{"taxonomy":"product_brand","embeddable":true,"href":"https:\/\/www.amorhomehardware.com\/es\/wp-json\/wp\/v2\/product_brand?post=2039"},{"taxonomy":"product_cat","embeddable":true,"href":"https:\/\/www.amorhomehardware.com\/es\/wp-json\/wp\/v2\/product_cat?post=2039"},{"taxonomy":"product_tag","embeddable":true,"href":"https:\/\/www.amorhomehardware.com\/es\/wp-json\/wp\/v2\/product_tag?post=2039"}],"curies":[{"name":"wp","href":"https:\/\/api.w.org\/{rel}","templated":true}]}}