{"id":1988,"date":"2025-02-15T16:38:36","date_gmt":"2025-02-15T08:38:36","guid":{"rendered":"https:\/\/www.amorhomehardware.com\/?post_type=product&#038;p=1988"},"modified":"2025-02-15T16:41:16","modified_gmt":"2025-02-15T08:41:16","slug":"wall-amount-magnetic-stainless-steel-door-stopper-ad-0002","status":"publish","type":"product","link":"https:\/\/www.amorhomehardware.com\/es\/producto\/wall-amount-magnetic-stainless-steel-door-stopper-ad-0002\/","title":{"rendered":"Tope de puerta magn\u00e9tico de acero inoxidable - AD.0002"},"content":{"rendered":"<p>\u3010Material\u3011The door stopper is made of high-quality stainless steel, solid and durable, you would be surprised how Long-Lasting it will be. It can protect your door handle from damaging the wall, effectively preventing naughty pets and children from closing the door rudely, causing damage to the door and wall.<br \/>\n\u3010Application\u3011The Hinge is widely used in Kitchen, Bathroom, Home Office, Living Room, Bedroom and Dining etc<\/p>","protected":false},"excerpt":{"rendered":"<p>Tope De Puerta De Acero Inoxidable Con Buen Cierre Magn\u00e9tico Para Cuarto De Ba\u00f1o Sal\u00f3n Cocina<br \/>\nMaterial: Acero inoxidable<br \/>\nAcabado: N\u00edquel cepillado<br \/>\nAccesorios opcionales: Tornillos<\/p>\n<p><strong>N\u00ba de art\u00edculo: AD.0002<\/strong><\/p>","protected":false},"featured_media":1973,"comment_status":"closed","ping_status":"closed","template":"","meta":{"_seopress_robots_primary_cat":"","_seopress_titles_title":"","_seopress_titles_desc":"","_seopress_robots_index":"","_uag_custom_page_level_css":"","_joinchat":[]},"product_brand":[],"product_cat":[59,19],"product_tag":[],"class_list":{"0":"post-1988","1":"product","2":"type-product","3":"status-publish","4":"has-post-thumbnail","6":"product_cat-door-accessories","7":"product_cat-furniture-hardware","9":"first","10":"instock","11":"shipping-taxable","12":"product-type-simple"},"uagb_featured_image_src":{"full":["https:\/\/www.amorhomehardware.com\/wp-content\/uploads\/2024\/12\/AD.0002-door-stopper.webp",630,630,false],"thumbnail":["https:\/\/www.amorhomehardware.com\/wp-content\/uploads\/2024\/12\/AD.0002-door-stopper-150x150.webp",150,150,true],"medium":["https:\/\/www.amorhomehardware.com\/wp-content\/uploads\/2024\/12\/AD.0002-door-stopper-300x300.webp",300,300,true],"medium_large":["https:\/\/www.amorhomehardware.com\/wp-content\/uploads\/2024\/12\/AD.0002-door-stopper.webp",630,630,false],"large":["https:\/\/www.amorhomehardware.com\/wp-content\/uploads\/2024\/12\/AD.0002-door-stopper.webp",630,630,false],"1536x1536":["https:\/\/www.amorhomehardware.com\/wp-content\/uploads\/2024\/12\/AD.0002-door-stopper.webp",630,630,false],"2048x2048":["https:\/\/www.amorhomehardware.com\/wp-content\/uploads\/2024\/12\/AD.0002-door-stopper.webp",630,630,false],"trp-custom-language-flag":["https:\/\/www.amorhomehardware.com\/wp-content\/uploads\/2024\/12\/AD.0002-door-stopper-12x12.webp",12,12,true],"woocommerce_archive_thumbnail":["https:\/\/www.amorhomehardware.com\/wp-content\/uploads\/2024\/12\/AD.0002-door-stopper-600x600.webp",600,600,true],"woocommerce_thumbnail":["https:\/\/www.amorhomehardware.com\/wp-content\/uploads\/2024\/12\/AD.0002-door-stopper-600x600.webp",600,600,true],"woocommerce_single":["https:\/\/www.amorhomehardware.com\/wp-content\/uploads\/2024\/12\/AD.0002-door-stopper-600x600.webp",600,600,true],"woocommerce_gallery_thumbnail":["https:\/\/www.amorhomehardware.com\/wp-content\/uploads\/2024\/12\/AD.0002-door-stopper-100x100.webp",100,100,true]},"uagb_author_info":{"display_name":"amorhome","author_link":"https:\/\/www.amorhomehardware.com\/es\/author\/"},"uagb_comment_info":0,"uagb_excerpt":"Stainless Steel Door Stopper Door Catches With Good Magnetic For Bathroom Living Room Kitchen Material: Stainless Steel Finish: Brushed Nickel Accessories Optional: Screws Item No.: AD.0002","_links":{"self":[{"href":"https:\/\/www.amorhomehardware.com\/es\/wp-json\/wp\/v2\/product\/1988","targetHints":{"allow":["GET"]}}],"collection":[{"href":"https:\/\/www.amorhomehardware.com\/es\/wp-json\/wp\/v2\/product"}],"about":[{"href":"https:\/\/www.amorhomehardware.com\/es\/wp-json\/wp\/v2\/types\/product"}],"replies":[{"embeddable":true,"href":"https:\/\/www.amorhomehardware.com\/es\/wp-json\/wp\/v2\/comments?post=1988"}],"wp:featuredmedia":[{"embeddable":true,"href":"https:\/\/www.amorhomehardware.com\/es\/wp-json\/wp\/v2\/media\/1973"}],"wp:attachment":[{"href":"https:\/\/www.amorhomehardware.com\/es\/wp-json\/wp\/v2\/media?parent=1988"}],"wp:term":[{"taxonomy":"product_brand","embeddable":true,"href":"https:\/\/www.amorhomehardware.com\/es\/wp-json\/wp\/v2\/product_brand?post=1988"},{"taxonomy":"product_cat","embeddable":true,"href":"https:\/\/www.amorhomehardware.com\/es\/wp-json\/wp\/v2\/product_cat?post=1988"},{"taxonomy":"product_tag","embeddable":true,"href":"https:\/\/www.amorhomehardware.com\/es\/wp-json\/wp\/v2\/product_tag?post=1988"}],"curies":[{"name":"wp","href":"https:\/\/api.w.org\/{rel}","templated":true}]}}