{"id":1887,"date":"2025-02-13T13:06:40","date_gmt":"2025-02-13T05:06:40","guid":{"rendered":"https:\/\/www.amorhomehardware.com\/?post_type=product&#038;p=1887"},"modified":"2025-03-30T23:34:37","modified_gmt":"2025-03-30T15:34:37","slug":"swivel-nylon-furniture-caster-wheels-without-brake-ar-3009","status":"publish","type":"product","link":"https:\/\/www.amorhomehardware.com\/es\/producto\/swivel-nylon-furniture-caster-wheels-without-brake-ar-3009\/","title":{"rendered":"Ruedas giratorias de nylon para muebles sin freno - AR.3009"},"content":{"rendered":"<h2>Caracter\u00edsticas de las ruedas de nylon para muebles<\/h2>\n<p>The Amor Home Nylon furniture wheel is made of new nylon and metal plate, the casters can swivel 360\u00b0 to immediately respond to changes in direction and safely transport lightweight furniture and displays, its\u00a0loading capacity can be 25 kgs per wheel. And it can be applied to a variety of furniture, like carts,\u00a0 shelves, file cabinets, kitchen cabinets etc.<\/p>\n<h2>Plazo de entrega<\/h2>\n<p>1 d\u00eda para las muestras y 5-10 d\u00edas para la producci\u00f3n en serie.<\/p>\n<h2><strong>\u00bfQu\u00e9 podemos hacer por usted?<\/strong><\/h2>\n<p><strong>1. Servicio OEM\/ODM:<\/strong>\u00a0Equipo de I+D experimentado, satisface sus necesidades personalizadas, logotipo, color, embalaje, etc.<\/p>\n<p><strong>2. Producto de alta calidad:<\/strong>\u00a0Todos los productos cumplen los requisitos CE\/RoHS<\/p>\n<p><strong>3. Entrega flexible:<\/strong>\u00a0DHL\/UPS\/FedEx\/TNT\/Sea\/Railway siempre satisfacen su demanda<\/p>\n<p><strong>4. Servicio postventa:<\/strong> 7*24 respuesta r\u00e1pida si tiene alguna pregunta y la garant\u00eda de los pies ajustables es de 1 a\u00f1o<\/p>","protected":false},"excerpt":{"rendered":"<p>Ruedas giratorias de nylon para carritos de escritorio Muebles Cama de beb\u00e9 Armario de cocina Mesa<br \/>\nMaterial: Acero +Nylon<br \/>\nAcabado: Negro<br \/>\nTama\u00f1o: 1,5\u2033(35mm)\/2\u2033(50mm)<\/p>\n<p><strong>N\u00ba de art\u00edculo: AR.3009<\/strong><\/p>","protected":false},"featured_media":1452,"comment_status":"closed","ping_status":"closed","template":"","meta":{"_seopress_robots_primary_cat":"none","_seopress_titles_title":"","_seopress_titles_desc":"","_seopress_robots_index":"","_uag_custom_page_level_css":"","_joinchat":[]},"product_brand":[],"product_cat":[61],"product_tag":[],"class_list":{"0":"post-1887","1":"product","2":"type-product","3":"status-publish","4":"has-post-thumbnail","6":"product_cat-castor-wheels","8":"first","9":"instock","10":"shipping-taxable","11":"product-type-simple"},"uagb_featured_image_src":{"full":["https:\/\/www.amorhomehardware.com\/wp-content\/uploads\/2024\/12\/AR.3009-Amor-home-furniture-castor.webp",1240,1360,false],"thumbnail":["https:\/\/www.amorhomehardware.com\/wp-content\/uploads\/2024\/12\/AR.3009-Amor-home-furniture-castor-150x150.webp",150,150,true],"medium":["https:\/\/www.amorhomehardware.com\/wp-content\/uploads\/2024\/12\/AR.3009-Amor-home-furniture-castor-274x300.webp",274,300,true],"medium_large":["https:\/\/www.amorhomehardware.com\/wp-content\/uploads\/2024\/12\/AR.3009-Amor-home-furniture-castor-768x842.webp",768,842,true],"large":["https:\/\/www.amorhomehardware.com\/wp-content\/uploads\/2024\/12\/AR.3009-Amor-home-furniture-castor-934x1024.webp",934,1024,true],"1536x1536":["https:\/\/www.amorhomehardware.com\/wp-content\/uploads\/2024\/12\/AR.3009-Amor-home-furniture-castor.webp",1240,1360,false],"2048x2048":["https:\/\/www.amorhomehardware.com\/wp-content\/uploads\/2024\/12\/AR.3009-Amor-home-furniture-castor.webp",1240,1360,false],"trp-custom-language-flag":["https:\/\/www.amorhomehardware.com\/wp-content\/uploads\/2024\/12\/AR.3009-Amor-home-furniture-castor.webp",11,12,false],"woocommerce_archive_thumbnail":["https:\/\/www.amorhomehardware.com\/wp-content\/uploads\/2024\/12\/AR.3009-Amor-home-furniture-castor-600x600.webp",600,600,true],"woocommerce_thumbnail":["https:\/\/www.amorhomehardware.com\/wp-content\/uploads\/2024\/12\/AR.3009-Amor-home-furniture-castor-600x600.webp",600,600,true],"woocommerce_single":["https:\/\/www.amorhomehardware.com\/wp-content\/uploads\/2024\/12\/AR.3009-Amor-home-furniture-castor-600x658.webp",600,658,true],"woocommerce_gallery_thumbnail":["https:\/\/www.amorhomehardware.com\/wp-content\/uploads\/2024\/12\/AR.3009-Amor-home-furniture-castor-100x100.webp",100,100,true]},"uagb_author_info":{"display_name":"amorhome","author_link":"https:\/\/www.amorhomehardware.com\/es\/author\/"},"uagb_comment_info":0,"uagb_excerpt":"Plastic Furniture Caster Wheels Swivel Nylon Small Caster for Desk Carts Furniture Baby Bed Kitchen Cabinet Table Material: Steel +Nylon Finish: Black Size: 1.5\"(35mm)\/2\"(50mm) Item No.: AR.3009","_links":{"self":[{"href":"https:\/\/www.amorhomehardware.com\/es\/wp-json\/wp\/v2\/product\/1887","targetHints":{"allow":["GET"]}}],"collection":[{"href":"https:\/\/www.amorhomehardware.com\/es\/wp-json\/wp\/v2\/product"}],"about":[{"href":"https:\/\/www.amorhomehardware.com\/es\/wp-json\/wp\/v2\/types\/product"}],"replies":[{"embeddable":true,"href":"https:\/\/www.amorhomehardware.com\/es\/wp-json\/wp\/v2\/comments?post=1887"}],"wp:featuredmedia":[{"embeddable":true,"href":"https:\/\/www.amorhomehardware.com\/es\/wp-json\/wp\/v2\/media\/1452"}],"wp:attachment":[{"href":"https:\/\/www.amorhomehardware.com\/es\/wp-json\/wp\/v2\/media?parent=1887"}],"wp:term":[{"taxonomy":"product_brand","embeddable":true,"href":"https:\/\/www.amorhomehardware.com\/es\/wp-json\/wp\/v2\/product_brand?post=1887"},{"taxonomy":"product_cat","embeddable":true,"href":"https:\/\/www.amorhomehardware.com\/es\/wp-json\/wp\/v2\/product_cat?post=1887"},{"taxonomy":"product_tag","embeddable":true,"href":"https:\/\/www.amorhomehardware.com\/es\/wp-json\/wp\/v2\/product_tag?post=1887"}],"curies":[{"name":"wp","href":"https:\/\/api.w.org\/{rel}","templated":true}]}}