{"id":1752,"date":"2025-02-08T13:01:31","date_gmt":"2025-02-08T05:01:31","guid":{"rendered":"https:\/\/www.amorhomehardware.com\/?post_type=product&#038;p=1752"},"modified":"2025-02-08T14:21:20","modified_gmt":"2025-02-08T06:21:20","slug":"towel-shelf-for-bathroom-au-1004","status":"publish","type":"product","link":"https:\/\/www.amorhomehardware.com\/es\/producto\/towel-shelf-for-bathroom-au-1004\/","title":{"rendered":"Toallero de ba\u00f1o - AU.1004"},"content":{"rendered":"<p>Se trata de un toallero de ba\u00f1o multifuncional de doble capa, de dise\u00f1o montado en la pared.<br \/>\nF\u00e1cil montaje, paquete de herrajes, gu\u00eda de instalaci\u00f3n y tornillos de acero inoxidable incluidos<br \/>\nA la moda y a juego con diversos estilos de decoraci\u00f3n<\/p>","protected":false},"excerpt":{"rendered":"<p>Toallero de doble capa para ba\u00f1o<br \/>\nMaterial:  SUS 304<br \/>\nAcabado: Cromo<br \/>\nTama\u00f1o: 60 cm <\/p>\n<p><strong>N\u00ba de art\u00edculo: AU.1004<\/strong><\/p>","protected":false},"featured_media":1753,"comment_status":"open","ping_status":"closed","template":"","meta":{"_seopress_robots_primary_cat":"","_seopress_titles_title":"","_seopress_titles_desc":"","_seopress_robots_index":"","_uag_custom_page_level_css":"","_joinchat":[]},"product_brand":[],"product_cat":[63],"product_tag":[],"class_list":{"0":"post-1752","1":"product","2":"type-product","3":"status-publish","4":"has-post-thumbnail","6":"product_cat-towel-shelf","8":"first","9":"instock","10":"shipping-taxable","11":"product-type-simple"},"uagb_featured_image_src":{"full":["https:\/\/www.amorhomehardware.com\/wp-content\/uploads\/2025\/02\/AU.1004-bathroom-shelf.webp",630,630,false],"thumbnail":["https:\/\/www.amorhomehardware.com\/wp-content\/uploads\/2025\/02\/AU.1004-bathroom-shelf-150x150.webp",150,150,true],"medium":["https:\/\/www.amorhomehardware.com\/wp-content\/uploads\/2025\/02\/AU.1004-bathroom-shelf-300x300.webp",300,300,true],"medium_large":["https:\/\/www.amorhomehardware.com\/wp-content\/uploads\/2025\/02\/AU.1004-bathroom-shelf.webp",630,630,false],"large":["https:\/\/www.amorhomehardware.com\/wp-content\/uploads\/2025\/02\/AU.1004-bathroom-shelf.webp",630,630,false],"1536x1536":["https:\/\/www.amorhomehardware.com\/wp-content\/uploads\/2025\/02\/AU.1004-bathroom-shelf.webp",630,630,false],"2048x2048":["https:\/\/www.amorhomehardware.com\/wp-content\/uploads\/2025\/02\/AU.1004-bathroom-shelf.webp",630,630,false],"trp-custom-language-flag":["https:\/\/www.amorhomehardware.com\/wp-content\/uploads\/2025\/02\/AU.1004-bathroom-shelf-12x12.webp",12,12,true],"woocommerce_archive_thumbnail":["https:\/\/www.amorhomehardware.com\/wp-content\/uploads\/2025\/02\/AU.1004-bathroom-shelf-600x600.webp",600,600,true],"woocommerce_thumbnail":["https:\/\/www.amorhomehardware.com\/wp-content\/uploads\/2025\/02\/AU.1004-bathroom-shelf-600x600.webp",600,600,true],"woocommerce_single":["https:\/\/www.amorhomehardware.com\/wp-content\/uploads\/2025\/02\/AU.1004-bathroom-shelf-600x600.webp",600,600,true],"woocommerce_gallery_thumbnail":["https:\/\/www.amorhomehardware.com\/wp-content\/uploads\/2025\/02\/AU.1004-bathroom-shelf-100x100.webp",100,100,true]},"uagb_author_info":{"display_name":"amorhome","author_link":"https:\/\/www.amorhomehardware.com\/es\/author\/"},"uagb_comment_info":0,"uagb_excerpt":"Double-Layer Towel Shelf for bathroom Material: SUS 304 Finish: Chrome Size: 60cm Item No.: AU.1004","_links":{"self":[{"href":"https:\/\/www.amorhomehardware.com\/es\/wp-json\/wp\/v2\/product\/1752","targetHints":{"allow":["GET"]}}],"collection":[{"href":"https:\/\/www.amorhomehardware.com\/es\/wp-json\/wp\/v2\/product"}],"about":[{"href":"https:\/\/www.amorhomehardware.com\/es\/wp-json\/wp\/v2\/types\/product"}],"replies":[{"embeddable":true,"href":"https:\/\/www.amorhomehardware.com\/es\/wp-json\/wp\/v2\/comments?post=1752"}],"wp:featuredmedia":[{"embeddable":true,"href":"https:\/\/www.amorhomehardware.com\/es\/wp-json\/wp\/v2\/media\/1753"}],"wp:attachment":[{"href":"https:\/\/www.amorhomehardware.com\/es\/wp-json\/wp\/v2\/media?parent=1752"}],"wp:term":[{"taxonomy":"product_brand","embeddable":true,"href":"https:\/\/www.amorhomehardware.com\/es\/wp-json\/wp\/v2\/product_brand?post=1752"},{"taxonomy":"product_cat","embeddable":true,"href":"https:\/\/www.amorhomehardware.com\/es\/wp-json\/wp\/v2\/product_cat?post=1752"},{"taxonomy":"product_tag","embeddable":true,"href":"https:\/\/www.amorhomehardware.com\/es\/wp-json\/wp\/v2\/product_tag?post=1752"}],"curies":[{"name":"wp","href":"https:\/\/api.w.org\/{rel}","templated":true}]}}