{"id":1727,"date":"2025-02-07T20:29:16","date_gmt":"2025-02-07T12:29:16","guid":{"rendered":"https:\/\/www.amorhomehardware.com\/?post_type=product&#038;p=1727"},"modified":"2025-02-07T20:34:36","modified_gmt":"2025-02-07T12:34:36","slug":"stainless-steel-floor-drainer-au-0105","status":"publish","type":"product","link":"https:\/\/www.amorhomehardware.com\/es\/producto\/stainless-steel-floor-drainer-au-0105\/","title":{"rendered":"Escurridor de suelo de acero inoxidable - AU.0105"},"content":{"rendered":"<p>Amorhome Los desag\u00fces de suelo son esenciales en muchos lugares, como restaurantes, centros comerciales, spas y gimnasios.<br \/>\nSe instala para evitar los da\u00f1os causados por el agua y el agua estancada. Suelen encontrarse en zonas con gran uso de agua, como cocinas, ba\u00f1os y s\u00f3tanos.<br \/>\nFloor drains can be round, square, or rectangular, typically 2\u201312 inches in diameter for option.<\/p>","protected":false},"excerpt":{"rendered":"<p>Escurridor de Suelo de Acero Inoxidable Escurridor de Suelo de Interior<br \/>\nMaterial: SUS201<br \/>\nProceso de acabado de la superficie: Brillante\/Mate\/Negro\/Gris opcional<br \/>\nTama\u00f1o:10*10CM<\/p>\n<p>N\u00ba de art\u00edculo: AU.0105<\/p>","protected":false},"featured_media":1719,"comment_status":"open","ping_status":"closed","template":"","meta":{"_seopress_robots_primary_cat":"","_seopress_titles_title":"","_seopress_titles_desc":"","_seopress_robots_index":"","_uag_custom_page_level_css":"","_joinchat":[]},"product_brand":[],"product_cat":[15],"product_tag":[],"class_list":{"0":"post-1727","1":"product","2":"type-product","3":"status-publish","4":"has-post-thumbnail","6":"product_cat-floor-drain","8":"first","9":"instock","10":"shipping-taxable","11":"product-type-simple"},"uagb_featured_image_src":{"full":["https:\/\/www.amorhomehardware.com\/wp-content\/uploads\/2025\/02\/AU.0105-stainless-steel-floor-drainer.webp",630,630,false],"thumbnail":["https:\/\/www.amorhomehardware.com\/wp-content\/uploads\/2025\/02\/AU.0105-stainless-steel-floor-drainer-150x150.webp",150,150,true],"medium":["https:\/\/www.amorhomehardware.com\/wp-content\/uploads\/2025\/02\/AU.0105-stainless-steel-floor-drainer-300x300.webp",300,300,true],"medium_large":["https:\/\/www.amorhomehardware.com\/wp-content\/uploads\/2025\/02\/AU.0105-stainless-steel-floor-drainer.webp",630,630,false],"large":["https:\/\/www.amorhomehardware.com\/wp-content\/uploads\/2025\/02\/AU.0105-stainless-steel-floor-drainer.webp",630,630,false],"1536x1536":["https:\/\/www.amorhomehardware.com\/wp-content\/uploads\/2025\/02\/AU.0105-stainless-steel-floor-drainer.webp",630,630,false],"2048x2048":["https:\/\/www.amorhomehardware.com\/wp-content\/uploads\/2025\/02\/AU.0105-stainless-steel-floor-drainer.webp",630,630,false],"trp-custom-language-flag":["https:\/\/www.amorhomehardware.com\/wp-content\/uploads\/2025\/02\/AU.0105-stainless-steel-floor-drainer-12x12.webp",12,12,true],"woocommerce_archive_thumbnail":["https:\/\/www.amorhomehardware.com\/wp-content\/uploads\/2025\/02\/AU.0105-stainless-steel-floor-drainer-600x600.webp",600,600,true],"woocommerce_thumbnail":["https:\/\/www.amorhomehardware.com\/wp-content\/uploads\/2025\/02\/AU.0105-stainless-steel-floor-drainer-600x600.webp",600,600,true],"woocommerce_single":["https:\/\/www.amorhomehardware.com\/wp-content\/uploads\/2025\/02\/AU.0105-stainless-steel-floor-drainer-600x600.webp",600,600,true],"woocommerce_gallery_thumbnail":["https:\/\/www.amorhomehardware.com\/wp-content\/uploads\/2025\/02\/AU.0105-stainless-steel-floor-drainer-100x100.webp",100,100,true]},"uagb_author_info":{"display_name":"amorhome","author_link":"https:\/\/www.amorhomehardware.com\/es\/author\/"},"uagb_comment_info":0,"uagb_excerpt":"Stainless Steel Floor Drain Indoor Floor Drainer Material: SUS201 Surface Finish Process: Glossy\/Matt\/Black\/Grey optional Size:10*10CM Item No.: AU.0105","_links":{"self":[{"href":"https:\/\/www.amorhomehardware.com\/es\/wp-json\/wp\/v2\/product\/1727","targetHints":{"allow":["GET"]}}],"collection":[{"href":"https:\/\/www.amorhomehardware.com\/es\/wp-json\/wp\/v2\/product"}],"about":[{"href":"https:\/\/www.amorhomehardware.com\/es\/wp-json\/wp\/v2\/types\/product"}],"replies":[{"embeddable":true,"href":"https:\/\/www.amorhomehardware.com\/es\/wp-json\/wp\/v2\/comments?post=1727"}],"wp:featuredmedia":[{"embeddable":true,"href":"https:\/\/www.amorhomehardware.com\/es\/wp-json\/wp\/v2\/media\/1719"}],"wp:attachment":[{"href":"https:\/\/www.amorhomehardware.com\/es\/wp-json\/wp\/v2\/media?parent=1727"}],"wp:term":[{"taxonomy":"product_brand","embeddable":true,"href":"https:\/\/www.amorhomehardware.com\/es\/wp-json\/wp\/v2\/product_brand?post=1727"},{"taxonomy":"product_cat","embeddable":true,"href":"https:\/\/www.amorhomehardware.com\/es\/wp-json\/wp\/v2\/product_cat?post=1727"},{"taxonomy":"product_tag","embeddable":true,"href":"https:\/\/www.amorhomehardware.com\/es\/wp-json\/wp\/v2\/product_tag?post=1727"}],"curies":[{"name":"wp","href":"https:\/\/api.w.org\/{rel}","templated":true}]}}